{"id":213282,"date":"2024-01-29T20:11:56","date_gmt":"2024-01-29T19:11:56","guid":{"rendered":"https:\/\/desdropi.com\/elparque\/?post_type=product&#038;p=213282"},"modified":"2025-04-14T03:38:21","modified_gmt":"2025-04-14T01:38:21","slug":"auriculares-true-wireles-blancos-q-moods-sy-tws760","status":"publish","type":"product","link":"https:\/\/desdropi.com\/elparque\/auriculares-true-wireles-blancos-q-moods-sy-tws760\/","title":{"rendered":"Auriculares True Wireles Blancos &#8220;Q-Moods&#8221; SY-TWS760"},"content":{"rendered":"<div class=\"descripcion-tab\">\n<ul>\n<li>Referencia: SYTWS760B<\/li>\n<li>Auriculares True Wireless &#8220;QMoods&#8221;<\/li>\n<li>Super ligeros y c\u00f3modos<\/li>\n<li>Tecnolog\u00eda ANC (Active noise cancellation) para m\u00e1xima comodidad y aislamiento<\/li>\n<li>Tecnolog\u00eda ENC para disfrutar de una comunicaci\u00f3n n\u00edtida eliminando el ruido ambiental<\/li>\n<li>Encendido y emparejamiento autom\u00e1tico<\/li>\n<li>Indicador LED<\/li>\n<li>Control t\u00e1ctil que permite controlar tu m\u00fasica con un solo toque<\/li>\n<li>Funci\u00f3n de manos libres biaural con cancelaci\u00f3n de ruido<\/li>\n<li>Micr\u00f3fono de alta sensibilidad<\/li>\n<li>Resistencia IPX4<\/li>\n<li>Accesorios incluidos: Cable USB tipo C, 3 pares de almohadillas intercambiables de silicona<\/li>\n<\/ul>\n<\/div>\n","protected":false},"excerpt":{"rendered":"<p>Referencia: SYTWS760B Auriculares True Wireless &#8220;QMoods&#8221; Super ligeros y c\u00f3modos Tecnolog\u00eda ANC (Active noise cancellation) para m\u00e1xima comodidad y aislamiento<\/p>\n","protected":false},"featured_media":213284,"comment_status":"open","ping_status":"closed","template":"","meta":{"_joinchat":[]},"product_cat":[1022,795,3383],"product_tag":[],"class_list":{"0":"post-213282","1":"product","2":"type-product","3":"status-publish","4":"has-post-thumbnail","6":"product_cat-sonido","7":"product_cat-electronica","8":"product_cat-auriculares","9":"pa_marca-sytech","11":"first","12":"instock","13":"taxable","14":"shipping-taxable","15":"purchasable","16":"product-type-simple"},"_links":{"self":[{"href":"https:\/\/desdropi.com\/elparque\/wp-json\/wp\/v2\/product\/213282"}],"collection":[{"href":"https:\/\/desdropi.com\/elparque\/wp-json\/wp\/v2\/product"}],"about":[{"href":"https:\/\/desdropi.com\/elparque\/wp-json\/wp\/v2\/types\/product"}],"replies":[{"embeddable":true,"href":"https:\/\/desdropi.com\/elparque\/wp-json\/wp\/v2\/comments?post=213282"}],"version-history":[{"count":1,"href":"https:\/\/desdropi.com\/elparque\/wp-json\/wp\/v2\/product\/213282\/revisions"}],"predecessor-version":[{"id":225035,"href":"https:\/\/desdropi.com\/elparque\/wp-json\/wp\/v2\/product\/213282\/revisions\/225035"}],"wp:featuredmedia":[{"embeddable":true,"href":"https:\/\/desdropi.com\/elparque\/wp-json\/wp\/v2\/media\/213284"}],"wp:attachment":[{"href":"https:\/\/desdropi.com\/elparque\/wp-json\/wp\/v2\/media?parent=213282"}],"wp:term":[{"taxonomy":"product_cat","embeddable":true,"href":"https:\/\/desdropi.com\/elparque\/wp-json\/wp\/v2\/product_cat?post=213282"},{"taxonomy":"product_tag","embeddable":true,"href":"https:\/\/desdropi.com\/elparque\/wp-json\/wp\/v2\/product_tag?post=213282"}],"curies":[{"name":"wp","href":"https:\/\/api.w.org\/{rel}","templated":true}]}}