{"id":213291,"date":"2024-01-29T20:23:44","date_gmt":"2024-01-29T19:23:44","guid":{"rendered":"https:\/\/desdropi.com\/elparque\/?post_type=product&#038;p=213291"},"modified":"2025-04-14T03:40:06","modified_gmt":"2025-04-14T01:40:06","slug":"auriculares-true-wireless-q-flow-sy-tws740","status":"publish","type":"product","link":"https:\/\/desdropi.com\/elparque\/auriculares-true-wireless-q-flow-sy-tws740\/","title":{"rendered":"Auriculares True Wireless &#8220;Q-Flow&#8221; SY-TWS740"},"content":{"rendered":"<p><strong>Descripci\u00f3n<\/strong><\/p>\n<p>Auriculares True Wireless &#8220;QFlow&#8221;<br \/>\nSuper ligeros y c\u00f3modos<br \/>\nTecnolog\u00eda ANC (Active noise cancellation) para m\u00e1xima comodidad y aislamiento<br \/>\nTecnolog\u00eda ENC para disfrutar de una comunicaci\u00f3n n\u00edtida eliminando el ruido ambiental<br \/>\nEncendido y emparejamiento autom\u00e1tico<br \/>\nIndicador LED<br \/>\nControl t\u00e1ctil que premite controlar tu m\u00fasica con un solo toque<br \/>\nFunci\u00f3n de manos libres binaural con cancelaci\u00f3n de ruido<br \/>\nMicrofono de alta sensibilidad<br \/>\nResistencia IPX4<br \/>\nAccesorios incluidos: Cable USB tipo C, 3 pares de almohadillas intercambiables de silicona<br \/>\n(S,M,L), manual de instrucciones<\/p>\n<p><strong>Conectividad<\/strong><\/p>\n<p>&#8211; Bluetooth\u00ae V5.3 + BR+ EDR + BLE<br \/>\n&#8211; Frecuencia: 2.402 GHz &#8211; 2.48 GHz<br \/>\n&#8211; Potencia m\u00e1x. de se\u00f1al:&lt; 10dBm \u00b1 3dB<br \/>\n&#8211; Protocolos: A2DP, AVRCP, HSP, HFP, SPP<br \/>\n&#8211; Rango de alcance: 10 metros<\/p>\n<p><strong>Driver<\/strong><\/p>\n<p>&#8211; Respuesta de frecuencia: 20HZ &#8211; 20KHz<br \/>\n&#8211; Di\u00e1metro driver: 10mm. Din\u00e1mico<br \/>\n&#8211; Impedancia: 32 Ohmios<br \/>\n&#8211; SNR: &gt;=95dB \u00b1 3dB<br \/>\n&#8211; SPL: 120 \u00b1 2dB<br \/>\n&#8211; THD: &lt;0,4%@1KHz.<br \/>\n&#8211; M\u00e1xima potencia: 3mW.<\/p>\n<p><strong>Micr\u00f3fono<\/strong><br \/>\n&#8211; Sensibilidad: -38dB \u00b1 3 dB<\/p>\n<p><strong>Autonom\u00eda<\/strong><\/p>\n<p>&#8211; Ciclos de carga: 2 a 3 cargas completas<\/p>\n<p><strong>Bater\u00eda<\/strong><\/p>\n<p>&#8211; Capacidad bater\u00eda estuche: 300mAh-3,7V<br \/>\n&#8211; Capacidad bater\u00eda auriculares: 40mAh x 2<br \/>\n&#8211; Tipo: Pol\u00edmero de litio<br \/>\n&#8211; Autonom\u00eda: 3-4 horas<br \/>\n&#8211; Tiempo de carga: 2,30 horas aprox.<\/p>\n<p><strong>Alimentaci\u00f3n<\/strong><\/p>\n<p>&#8211; Conector de carga: USB tipo C 5V=500mA<\/p>\n<p><strong>Dimensiones y Peso<\/strong><\/p>\n<p>&#8211; Dimensiones estuche de carga: 5,4 x 2,9 x 4,8 cm. (Ancho\/Alto\/Fondo)<br \/>\n&#8211; Peso: 37,9 g<\/p>\n","protected":false},"excerpt":{"rendered":"<p>Descripci\u00f3n Auriculares True Wireless &#8220;QFlow&#8221; Super ligeros y c\u00f3modos Tecnolog\u00eda ANC (Active noise cancellation) para m\u00e1xima comodidad y aislamiento Tecnolog\u00eda<\/p>\n","protected":false},"featured_media":213294,"comment_status":"open","ping_status":"closed","template":"","meta":{"_joinchat":[]},"product_cat":[1022,795,3383],"product_tag":[],"class_list":{"0":"post-213291","1":"product","2":"type-product","3":"status-publish","4":"has-post-thumbnail","6":"product_cat-sonido","7":"product_cat-electronica","8":"product_cat-auriculares","9":"pa_marca-sytech","11":"first","12":"instock","13":"taxable","14":"shipping-taxable","15":"purchasable","16":"product-type-simple"},"_links":{"self":[{"href":"https:\/\/desdropi.com\/elparque\/wp-json\/wp\/v2\/product\/213291"}],"collection":[{"href":"https:\/\/desdropi.com\/elparque\/wp-json\/wp\/v2\/product"}],"about":[{"href":"https:\/\/desdropi.com\/elparque\/wp-json\/wp\/v2\/types\/product"}],"replies":[{"embeddable":true,"href":"https:\/\/desdropi.com\/elparque\/wp-json\/wp\/v2\/comments?post=213291"}],"version-history":[{"count":1,"href":"https:\/\/desdropi.com\/elparque\/wp-json\/wp\/v2\/product\/213291\/revisions"}],"predecessor-version":[{"id":225036,"href":"https:\/\/desdropi.com\/elparque\/wp-json\/wp\/v2\/product\/213291\/revisions\/225036"}],"wp:featuredmedia":[{"embeddable":true,"href":"https:\/\/desdropi.com\/elparque\/wp-json\/wp\/v2\/media\/213294"}],"wp:attachment":[{"href":"https:\/\/desdropi.com\/elparque\/wp-json\/wp\/v2\/media?parent=213291"}],"wp:term":[{"taxonomy":"product_cat","embeddable":true,"href":"https:\/\/desdropi.com\/elparque\/wp-json\/wp\/v2\/product_cat?post=213291"},{"taxonomy":"product_tag","embeddable":true,"href":"https:\/\/desdropi.com\/elparque\/wp-json\/wp\/v2\/product_tag?post=213291"}],"curies":[{"name":"wp","href":"https:\/\/api.w.org\/{rel}","templated":true}]}}