{"id":213306,"date":"2024-01-29T20:27:24","date_gmt":"2024-01-29T19:27:24","guid":{"rendered":"https:\/\/desdropi.com\/elparque\/?post_type=product&#038;p=213306"},"modified":"2025-04-14T03:41:10","modified_gmt":"2025-04-14T01:41:10","slug":"auriculares-true-wireless-q-slides-sy-tws410","status":"publish","type":"product","link":"https:\/\/desdropi.com\/elparque\/auriculares-true-wireless-q-slides-sy-tws410\/","title":{"rendered":"Auriculares True Wireless Blancos &#8220;Q-Slides&#8221; SY-TWS410"},"content":{"rendered":"<p><strong>Descripci\u00f3n<\/strong><\/p>\n<p>Auriculares True Wireless &#8220;QSlide&#8221;<br \/>\nSuper ligeros y c\u00f3modos<br \/>\nEncendido y emparejamiento autom\u00e1tico<br \/>\nIndicador LED<br \/>\nControl t\u00e1ctil que premite controlar tu m\u00fasica con un solo toque<br \/>\nFunci\u00f3n de manos libres binaural con cancelaci\u00f3n de ruido<br \/>\nMicrofono de alta sensibilidad<br \/>\nResistencia IPX4<br \/>\nAccesorios incluidos: Cable USB tipo C, manual de instrucciones<\/p>\n","protected":false},"excerpt":{"rendered":"<p>Descripci\u00f3n Auriculares True Wireless &#8220;QSlide&#8221; Super ligeros y c\u00f3modos Encendido y emparejamiento autom\u00e1tico Indicador LED Control t\u00e1ctil que premite controlar<\/p>\n","protected":false},"featured_media":213308,"comment_status":"open","ping_status":"closed","template":"","meta":{"_joinchat":[]},"product_cat":[1022,795,3383],"product_tag":[],"class_list":{"0":"post-213306","1":"product","2":"type-product","3":"status-publish","4":"has-post-thumbnail","6":"product_cat-sonido","7":"product_cat-electronica","8":"product_cat-auriculares","9":"pa_marca-sytech","11":"first","12":"instock","13":"taxable","14":"shipping-taxable","15":"purchasable","16":"product-type-simple"},"_links":{"self":[{"href":"https:\/\/desdropi.com\/elparque\/wp-json\/wp\/v2\/product\/213306"}],"collection":[{"href":"https:\/\/desdropi.com\/elparque\/wp-json\/wp\/v2\/product"}],"about":[{"href":"https:\/\/desdropi.com\/elparque\/wp-json\/wp\/v2\/types\/product"}],"replies":[{"embeddable":true,"href":"https:\/\/desdropi.com\/elparque\/wp-json\/wp\/v2\/comments?post=213306"}],"version-history":[{"count":1,"href":"https:\/\/desdropi.com\/elparque\/wp-json\/wp\/v2\/product\/213306\/revisions"}],"predecessor-version":[{"id":225037,"href":"https:\/\/desdropi.com\/elparque\/wp-json\/wp\/v2\/product\/213306\/revisions\/225037"}],"wp:featuredmedia":[{"embeddable":true,"href":"https:\/\/desdropi.com\/elparque\/wp-json\/wp\/v2\/media\/213308"}],"wp:attachment":[{"href":"https:\/\/desdropi.com\/elparque\/wp-json\/wp\/v2\/media?parent=213306"}],"wp:term":[{"taxonomy":"product_cat","embeddable":true,"href":"https:\/\/desdropi.com\/elparque\/wp-json\/wp\/v2\/product_cat?post=213306"},{"taxonomy":"product_tag","embeddable":true,"href":"https:\/\/desdropi.com\/elparque\/wp-json\/wp\/v2\/product_tag?post=213306"}],"curies":[{"name":"wp","href":"https:\/\/api.w.org\/{rel}","templated":true}]}}