{"id":213341,"date":"2024-01-30T09:17:34","date_gmt":"2024-01-30T08:17:34","guid":{"rendered":"https:\/\/desdropi.com\/elparque\/?post_type=product&#038;p=213341"},"modified":"2025-04-14T03:44:22","modified_gmt":"2025-04-14T01:44:22","slug":"auriculares-true-wireless-negros-q-rocks-sy-tws320","status":"publish","type":"product","link":"https:\/\/desdropi.com\/elparque\/auriculares-true-wireless-negros-q-rocks-sy-tws320\/","title":{"rendered":"Auriculares True Wireless Negros &#8220;Q-Rocks&#8221; SY-TWS320"},"content":{"rendered":"<div class=\"descripcion-tab\">\n<strong>Descripci\u00f3n<\/strong><\/p>\n<ul>\n<li>Auriculares True Wireless &#8220;QRocks&#8221;<\/li>\n<li>Super ligeros y c\u00f3modos<\/li>\n<li>Encendido y emparejamiento autom\u00e1tico<\/li>\n<li>Indicador LED<\/li>\n<li>Control t\u00e1ctil que permite controlar tu m\u00fasica con un solo toque<\/li>\n<li>Funci\u00f3n de manos libres binaural con cancelaci\u00f3n de ruido<\/li>\n<li>Micr\u00f3fono de alta sensibilidad<\/li>\n<li>Resistencia IPX4<\/li>\n<li>Accesorios incluidos: Cable USB tipo C, manual de instrucciones<\/li>\n<\/ul>\n<p><strong>CARACTER\u00cdSTICAS T\u00c9CNICAS<\/strong><\/p>\n<p><strong>Conectividad<\/strong><\/p>\n<ul>\n<li>Bluetooth\u00ae V5.0 + EDR Clase II<\/li>\n<li>Frecuencia: 2.402 GHz &#8211; 2.48 GHz<\/li>\n<li>Potencia m\u00e1x. de se\u00f1al:&lt; 8dBm \u00b1 3dB<\/li>\n<li>Protocolos: A2DP, AVRCP, HSP, HFP, SPP<\/li>\n<li>Rango de alcance: 10 metros<\/li>\n<\/ul>\n<p><strong>Drivers<\/strong><\/p>\n<ul>\n<li>Respuesta de frecuencia: 20HZ &#8211; 20KHz<\/li>\n<li>Di\u00e1metro driver: 10mm. PET<\/li>\n<li>Impedancia: 32 O<\/li>\n<li>SNR: &gt;=95dB \u00b1 3dB<\/li>\n<li>SPL: 110 \u00b1 3dB<\/li>\n<li>THD: &lt;0,065%@1KHz.<\/li>\n<li>M\u00e1xima potencia: 6,3mW.<\/li>\n<\/ul>\n<p><strong>Micr\u00f3fono<\/strong><\/p>\n<ul>\n<li>Sensibilidad: -35dB \u00b1 3 dB<\/li>\n<\/ul>\n<p><strong>Autonom\u00eda<\/strong><\/p>\n<ul>\n<li>Ciclos de carga: 2 cargas completas<\/li>\n<\/ul>\n<p><strong>Bater\u00eda<\/strong><\/p>\n<ul>\n<li>Capacidad bater\u00eda estuche: 200mAh-3,7V<\/li>\n<li>Capacidad bater\u00eda auriculares: 30mAh x 2<\/li>\n<li>Tipo: Pol\u00edmero de litio<\/li>\n<li>Autonom\u00eda: 3-4 horas<\/li>\n<li>Tiempo de carga: 1,30 horas aprox.<\/li>\n<\/ul>\n<p><strong>Alimentaci\u00f3n<\/strong><\/p>\n<ul>\n<li>Conector de carga: USB tipo C 5V=500mA<\/li>\n<\/ul>\n<p><strong>Dimensiones y Peso<\/strong><\/p>\n<ul>\n<li>Dimensiones estuche de carga: 5,08 x 4,48 x 2,58 cm. (Ancho\/Alto\/Fondo)<\/li>\n<li>Peso: 26,3 g<\/li>\n<\/ul>\n<\/div>\n","protected":false},"excerpt":{"rendered":"<p>Descripci\u00f3n Auriculares True Wireless &#8220;QRocks&#8221; Super ligeros y c\u00f3modos Encendido y emparejamiento autom\u00e1tico Indicador LED Control t\u00e1ctil que permite controlar<\/p>\n","protected":false},"featured_media":213342,"comment_status":"open","ping_status":"closed","template":"","meta":{"_joinchat":[]},"product_cat":[795,1022,3383],"product_tag":[],"class_list":{"0":"post-213341","1":"product","2":"type-product","3":"status-publish","4":"has-post-thumbnail","6":"product_cat-electronica","7":"product_cat-sonido","8":"product_cat-auriculares","9":"pa_marca-sytech","11":"first","12":"instock","13":"taxable","14":"shipping-taxable","15":"purchasable","16":"product-type-simple"},"_links":{"self":[{"href":"https:\/\/desdropi.com\/elparque\/wp-json\/wp\/v2\/product\/213341"}],"collection":[{"href":"https:\/\/desdropi.com\/elparque\/wp-json\/wp\/v2\/product"}],"about":[{"href":"https:\/\/desdropi.com\/elparque\/wp-json\/wp\/v2\/types\/product"}],"replies":[{"embeddable":true,"href":"https:\/\/desdropi.com\/elparque\/wp-json\/wp\/v2\/comments?post=213341"}],"version-history":[{"count":1,"href":"https:\/\/desdropi.com\/elparque\/wp-json\/wp\/v2\/product\/213341\/revisions"}],"predecessor-version":[{"id":225040,"href":"https:\/\/desdropi.com\/elparque\/wp-json\/wp\/v2\/product\/213341\/revisions\/225040"}],"wp:featuredmedia":[{"embeddable":true,"href":"https:\/\/desdropi.com\/elparque\/wp-json\/wp\/v2\/media\/213342"}],"wp:attachment":[{"href":"https:\/\/desdropi.com\/elparque\/wp-json\/wp\/v2\/media?parent=213341"}],"wp:term":[{"taxonomy":"product_cat","embeddable":true,"href":"https:\/\/desdropi.com\/elparque\/wp-json\/wp\/v2\/product_cat?post=213341"},{"taxonomy":"product_tag","embeddable":true,"href":"https:\/\/desdropi.com\/elparque\/wp-json\/wp\/v2\/product_tag?post=213341"}],"curies":[{"name":"wp","href":"https:\/\/api.w.org\/{rel}","templated":true}]}}