{"id":213383,"date":"2024-01-30T20:25:50","date_gmt":"2024-01-30T19:25:50","guid":{"rendered":"https:\/\/desdropi.com\/elparque\/?post_type=product&#038;p=213383"},"modified":"2025-04-14T09:30:46","modified_gmt":"2025-04-14T07:30:46","slug":"ventilador-energy-silence-05902","status":"publish","type":"product","link":"https:\/\/desdropi.com\/elparque\/ventilador-energy-silence-05902\/","title":{"rendered":"Ventilador Energy Silence 05902"},"content":{"rendered":"<p><strong>Descripci\u00f3n<\/strong><br \/>\n<strong>EnergySilence 520 Power<\/strong><\/p>\n<p>Ventilador de pie de 16\u201d con 50 W y temporizador,\u00a0 4 velocidades, oscilaci\u00f3n, silencioso, altura ajustable, 5 aspas y m\u00e1xima seguridad<\/p>\n<ul>\n<li>Gran potencia de 50 W que facilita la ventilaci\u00f3n de la estancia que junto con su motor de cobre aporta una gran calidad, eficiencia y durabilidad al ventilador, adem\u00e1s de colaborar en su proceso de ventilaci\u00f3n.<\/li>\n<li>Las 16 pulgadas del ventilador, equivalentes a 40 cm, le aportan un gran di\u00e1metro que potencia la salida del flujo de aire junto con sus 5 aspas.<\/li>\n<li>Temporizador programable un m\u00e1ximo de 2 horas que permite seleccionar el tiempo de funcionamiento deseado y tras el mismo el ventilador se apagar\u00e1.<\/li>\n<li>Oscilaci\u00f3n autom\u00e1tica que facilita la distribuci\u00f3n del aire fresco en la estancia en la cual sea ubicado.<\/li>\n<li>Posee 4 velocidades que permiten regular la intensidad del flujo del aire en funci\u00f3n de las necesidades de cada momento.<\/li>\n<li>EnergySilence Technology: consigue una profunda sensaci\u00f3n de aire fresco al instante con el m\u00e1ximo silencio y confort.<\/li>\n<li>Altura e inclinaci\u00f3n regulable de 110 a 130 cm para conseguir un gran flujo de aire y hacia la direcci\u00f3n deseada.<\/li>\n<li>M\u00e1xima seguridad gracias a su robusta y estable base y su rejilla para impedir introducir los dedos en el ventilador.<\/li>\n<\/ul>\n<p><strong><span class=\"e1hv9n5v0 css-hga4sk\">Composici\u00f3n<\/span><\/strong><\/p>\n<div class=\"css-1azcdyx e1hv9n5v1\">\n<ul>\n<li>Ventilador EnergySilence 520 Power.<\/li>\n<li>Manual de instrucciones.<\/li>\n<\/ul>\n<\/div>\n","protected":false},"excerpt":{"rendered":"<p>Descripci\u00f3n EnergySilence 520 Power Ventilador de pie de 16\u201d con 50 W y temporizador,\u00a0 4 velocidades, oscilaci\u00f3n, silencioso, altura ajustable,<\/p>\n","protected":false},"featured_media":213385,"comment_status":"open","ping_status":"closed","template":"","meta":{"_joinchat":[]},"product_cat":[5440,3301],"product_tag":[],"class_list":{"0":"post-213383","1":"product","2":"type-product","3":"status-publish","4":"has-post-thumbnail","6":"product_cat-ventiladores","7":"product_cat-climatizacion-y-calefaccion","9":"first","10":"instock","11":"taxable","12":"shipping-taxable","13":"purchasable","14":"product-type-simple"},"_links":{"self":[{"href":"https:\/\/desdropi.com\/elparque\/wp-json\/wp\/v2\/product\/213383"}],"collection":[{"href":"https:\/\/desdropi.com\/elparque\/wp-json\/wp\/v2\/product"}],"about":[{"href":"https:\/\/desdropi.com\/elparque\/wp-json\/wp\/v2\/types\/product"}],"replies":[{"embeddable":true,"href":"https:\/\/desdropi.com\/elparque\/wp-json\/wp\/v2\/comments?post=213383"}],"version-history":[{"count":0,"href":"https:\/\/desdropi.com\/elparque\/wp-json\/wp\/v2\/product\/213383\/revisions"}],"wp:featuredmedia":[{"embeddable":true,"href":"https:\/\/desdropi.com\/elparque\/wp-json\/wp\/v2\/media\/213385"}],"wp:attachment":[{"href":"https:\/\/desdropi.com\/elparque\/wp-json\/wp\/v2\/media?parent=213383"}],"wp:term":[{"taxonomy":"product_cat","embeddable":true,"href":"https:\/\/desdropi.com\/elparque\/wp-json\/wp\/v2\/product_cat?post=213383"},{"taxonomy":"product_tag","embeddable":true,"href":"https:\/\/desdropi.com\/elparque\/wp-json\/wp\/v2\/product_tag?post=213383"}],"curies":[{"name":"wp","href":"https:\/\/api.w.org\/{rel}","templated":true}]}}