{"id":213454,"date":"2024-01-31T13:51:00","date_gmt":"2024-01-31T12:51:00","guid":{"rendered":"https:\/\/desdropi.com\/elparque\/?post_type=product&#038;p=213454"},"modified":"2024-05-17T13:02:09","modified_gmt":"2024-05-17T11:02:09","slug":"cafetera-ufesa-ce7238-cream-20b-express-3","status":"publish","type":"product","link":"https:\/\/desdropi.com\/elparque\/cafetera-ufesa-ce7238-cream-20b-express-3\/","title":{"rendered":"Cafetera Ufesa CE7238 CREAM 20B EXPRESS 3"},"content":{"rendered":"<div class=\"descripcion-tab\">\n<ul>\n<li>La\u00a0<strong>Cafetera C7238 CREAM incorpora una bomba de presi\u00f3n de 20 bares,<\/strong>que asegura una extracci\u00f3n constante y continuada del caf\u00e9<\/li>\n<li>\u00bfEsto en qu\u00e9 se traduce? En una crema m\u00e1s espesa, densa y duradera.<\/li>\n<li>Compacta y elegante\u00a0<strong>aporta un toque de elegancia y distinci\u00f3n adem\u00e1s de un caf\u00e9 sobresaliente<\/strong>.<\/li>\n<li>Adem\u00e1s, su carrocer\u00eda se limpia f\u00e1cilmente manteni\u00e9ndose como el primer d\u00eda.<\/li>\n<\/ul>\n<\/div>\n","protected":false},"excerpt":{"rendered":"<p>La\u00a0Cafetera C7238 CREAM incorpora una bomba de presi\u00f3n de 20 bares,que asegura una extracci\u00f3n constante y continuada del caf\u00e9 \u00bfEsto<\/p>\n","protected":false},"featured_media":213535,"comment_status":"open","ping_status":"closed","template":"","meta":{"_joinchat":[]},"product_cat":[825,6516],"product_tag":[],"class_list":{"0":"post-213454","1":"product","2":"type-product","3":"status-publish","4":"has-post-thumbnail","6":"product_cat-pequeno-electrodomestico","7":"product_cat-cafeteras-pequeno-electrodomestico","9":"first","10":"instock","11":"taxable","12":"shipping-taxable","13":"purchasable","14":"product-type-simple"},"_links":{"self":[{"href":"https:\/\/desdropi.com\/elparque\/wp-json\/wp\/v2\/product\/213454"}],"collection":[{"href":"https:\/\/desdropi.com\/elparque\/wp-json\/wp\/v2\/product"}],"about":[{"href":"https:\/\/desdropi.com\/elparque\/wp-json\/wp\/v2\/types\/product"}],"replies":[{"embeddable":true,"href":"https:\/\/desdropi.com\/elparque\/wp-json\/wp\/v2\/comments?post=213454"}],"version-history":[{"count":0,"href":"https:\/\/desdropi.com\/elparque\/wp-json\/wp\/v2\/product\/213454\/revisions"}],"wp:featuredmedia":[{"embeddable":true,"href":"https:\/\/desdropi.com\/elparque\/wp-json\/wp\/v2\/media\/213535"}],"wp:attachment":[{"href":"https:\/\/desdropi.com\/elparque\/wp-json\/wp\/v2\/media?parent=213454"}],"wp:term":[{"taxonomy":"product_cat","embeddable":true,"href":"https:\/\/desdropi.com\/elparque\/wp-json\/wp\/v2\/product_cat?post=213454"},{"taxonomy":"product_tag","embeddable":true,"href":"https:\/\/desdropi.com\/elparque\/wp-json\/wp\/v2\/product_tag?post=213454"}],"curies":[{"name":"wp","href":"https:\/\/api.w.org\/{rel}","templated":true}]}}