{"id":213483,"date":"2024-01-31T17:24:37","date_gmt":"2024-01-31T16:24:37","guid":{"rendered":"https:\/\/desdropi.com\/elparque\/?post_type=product&#038;p=213483"},"modified":"2024-05-17T13:02:09","modified_gmt":"2024-05-17T11:02:09","slug":"grill-ufesa-teide-1600w-180o-27x17-cm","status":"publish","type":"product","link":"https:\/\/desdropi.com\/elparque\/grill-ufesa-teide-1600w-180o-27x17-cm\/","title":{"rendered":"Grill Ufesa Teide 1600W 180\u00ba 27&#215;17 cm"},"content":{"rendered":"<div class=\"descripcion-tab\">\n<ul>\n<li>Disfruta de una deliciosa comida con el grill Teide.<\/li>\n<li>Con su potencia de 1600W podr\u00e1s<strong>\u00a0cocinar tus alimentos de manera r\u00e1pid<\/strong>a y con el regulador de temperatura, podr\u00e1s ajustarla a tu gusto.<\/li>\n<li>Esta parrilla el\u00e9ctrica cuenta con una funci\u00f3n de\u00a0<strong>altura ajustable<\/strong>\u00a0que te permite cocinar\u00a0<strong>alimentos de diferentes grosores<\/strong>\u00a0de manera uniforme.<\/li>\n<li>Si introduces un alimento m\u00e1s grueso, la placa se puede ajustar para que quede recta y cocine todo el alimento por igual.<\/li>\n<li>Esta caracter\u00edstica es especialmente \u00fatil para cocinar carnes gruesas como bistecs, hamburguesas o pollo.<\/li>\n<li>Gracias a su\u00a0<strong>apertura de 180\u00ba<\/strong>\u00a0podr\u00e1s cocinar con el grill Teide abierto o cerrado.<\/li>\n<li>Cuando el grill est\u00e1 cerrado, la placa superior presiona la comida, lo que te permite cocinar el alimento por las dos partes a la vez.<\/li>\n<li>Cuando el grill est\u00e1 abierto, puedes utilizar ambas placas para cocinar m\u00e1s cantidad de alimentos al mismo tiempo.<\/li>\n<li>Las placas antiadherentes y la bandeja recoge grasas, que evita que la grasa caiga en la superficie de cocci\u00f3n, hacen que la limpieza sea a\u00fan m\u00e1s f\u00e1cil.<\/li>\n<li>Adem\u00e1s, su\u00a0<strong>asa de tacto fr\u00edo<\/strong>\u00a0te da la seguridad que necesitas para manipular la parrilla el\u00e9ctrica sin quemarte.<\/li>\n<\/ul>\n<\/div>\n","protected":false},"excerpt":{"rendered":"<p>Disfruta de una deliciosa comida con el grill Teide. Con su potencia de 1600W podr\u00e1s\u00a0cocinar tus alimentos de manera r\u00e1pida<\/p>\n","protected":false},"featured_media":213530,"comment_status":"open","ping_status":"closed","template":"","meta":{"_joinchat":[]},"product_cat":[825,831,899],"product_tag":[],"class_list":{"0":"post-213483","1":"product","2":"type-product","3":"status-publish","4":"has-post-thumbnail","6":"product_cat-pequeno-electrodomestico","7":"product_cat-accesorios-de-cocina","8":"product_cat-grills","10":"first","11":"instock","12":"taxable","13":"shipping-taxable","14":"purchasable","15":"product-type-simple"},"_links":{"self":[{"href":"https:\/\/desdropi.com\/elparque\/wp-json\/wp\/v2\/product\/213483"}],"collection":[{"href":"https:\/\/desdropi.com\/elparque\/wp-json\/wp\/v2\/product"}],"about":[{"href":"https:\/\/desdropi.com\/elparque\/wp-json\/wp\/v2\/types\/product"}],"replies":[{"embeddable":true,"href":"https:\/\/desdropi.com\/elparque\/wp-json\/wp\/v2\/comments?post=213483"}],"version-history":[{"count":0,"href":"https:\/\/desdropi.com\/elparque\/wp-json\/wp\/v2\/product\/213483\/revisions"}],"wp:featuredmedia":[{"embeddable":true,"href":"https:\/\/desdropi.com\/elparque\/wp-json\/wp\/v2\/media\/213530"}],"wp:attachment":[{"href":"https:\/\/desdropi.com\/elparque\/wp-json\/wp\/v2\/media?parent=213483"}],"wp:term":[{"taxonomy":"product_cat","embeddable":true,"href":"https:\/\/desdropi.com\/elparque\/wp-json\/wp\/v2\/product_cat?post=213483"},{"taxonomy":"product_tag","embeddable":true,"href":"https:\/\/desdropi.com\/elparque\/wp-json\/wp\/v2\/product_tag?post=213483"}],"curies":[{"name":"wp","href":"https:\/\/api.w.org\/{rel}","templated":true}]}}