{"id":213549,"date":"2024-01-31T19:00:40","date_gmt":"2024-01-31T18:00:40","guid":{"rendered":"https:\/\/desdropi.com\/elparque\/?post_type=product&#038;p=213549"},"modified":"2024-05-17T13:02:10","modified_gmt":"2024-05-17T11:02:10","slug":"cafetera-ufesa-ce8030-milazzo-brazo-20b","status":"publish","type":"product","link":"https:\/\/desdropi.com\/elparque\/cafetera-ufesa-ce8030-milazzo-brazo-20b\/","title":{"rendered":"Cafetera Ufesa CE8030 MILAZZO BRAZO 20B"},"content":{"rendered":"<div class=\"descripcion-tab\">\n<ul>\n<li>La cafetera espresso Milazzo es ideal para preparar\u00a0<strong>caf\u00e9 molido o monodosis\u00a0<\/strong><b>de caf\u00e9 molido<\/b>, dejar\u00e1 cada caf\u00e9 con un sabor delicioso.<\/li>\n<li>Podr\u00e1s preparar tambi\u00e9n deliciosos Capuccinos, ya que lograr\u00e1s una\u00a0<strong>espuma perfecta<\/strong>\u00a0con su vaporizador orientable.<\/li>\n<li>Con sus 20 bares de presi\u00f3n aseguramos una extracci\u00f3n constante y continuada del caf\u00e9, y crear\u00e1 una crema m\u00e1s espesa, densa y duradera.<\/li>\n<li>Gracias a sus 1350W de potencia y a su sistema de calentamiento\u00a0<strong>Thermoblock<\/strong> preparar\u00e1s los caf\u00e9s de la forma m\u00e1s r\u00e1pida.<\/li>\n<li>Consigue la temperatura ideal del agua en unos pocos segundos.<\/li>\n<li>Cuenta con un dise\u00f1o elegante con\u00a0<strong>man\u00f3metro<\/strong>\u00a0incorporado, que quedar\u00e1 muy bien en tu cocina.<\/li>\n<\/ul>\n<\/div>\n","protected":false},"excerpt":{"rendered":"<p>La cafetera espresso Milazzo es ideal para preparar\u00a0caf\u00e9 molido o monodosis\u00a0de caf\u00e9 molido, dejar\u00e1 cada caf\u00e9 con un sabor delicioso.<\/p>\n","protected":false},"featured_media":213551,"comment_status":"open","ping_status":"closed","template":"","meta":{"_joinchat":[]},"product_cat":[825,6516],"product_tag":[],"class_list":{"0":"post-213549","1":"product","2":"type-product","3":"status-publish","4":"has-post-thumbnail","6":"product_cat-pequeno-electrodomestico","7":"product_cat-cafeteras-pequeno-electrodomestico","9":"first","10":"instock","11":"sale","12":"taxable","13":"shipping-taxable","14":"purchasable","15":"product-type-simple"},"_links":{"self":[{"href":"https:\/\/desdropi.com\/elparque\/wp-json\/wp\/v2\/product\/213549"}],"collection":[{"href":"https:\/\/desdropi.com\/elparque\/wp-json\/wp\/v2\/product"}],"about":[{"href":"https:\/\/desdropi.com\/elparque\/wp-json\/wp\/v2\/types\/product"}],"replies":[{"embeddable":true,"href":"https:\/\/desdropi.com\/elparque\/wp-json\/wp\/v2\/comments?post=213549"}],"version-history":[{"count":0,"href":"https:\/\/desdropi.com\/elparque\/wp-json\/wp\/v2\/product\/213549\/revisions"}],"wp:featuredmedia":[{"embeddable":true,"href":"https:\/\/desdropi.com\/elparque\/wp-json\/wp\/v2\/media\/213551"}],"wp:attachment":[{"href":"https:\/\/desdropi.com\/elparque\/wp-json\/wp\/v2\/media?parent=213549"}],"wp:term":[{"taxonomy":"product_cat","embeddable":true,"href":"https:\/\/desdropi.com\/elparque\/wp-json\/wp\/v2\/product_cat?post=213549"},{"taxonomy":"product_tag","embeddable":true,"href":"https:\/\/desdropi.com\/elparque\/wp-json\/wp\/v2\/product_tag?post=213549"}],"curies":[{"name":"wp","href":"https:\/\/api.w.org\/{rel}","templated":true}]}}