{"id":213558,"date":"2024-01-31T19:09:37","date_gmt":"2024-01-31T18:09:37","guid":{"rendered":"https:\/\/desdropi.com\/elparque\/?post_type=product&#038;p=213558"},"modified":"2024-05-18T09:52:20","modified_gmt":"2024-05-18T07:52:20","slug":"secador-ufesa-xthreme-boost","status":"publish","type":"product","link":"https:\/\/desdropi.com\/elparque\/secador-ufesa-xthreme-boost\/","title":{"rendered":"Secador Ufesa Xthreme Boost"},"content":{"rendered":"<div class=\"descripcion-tab\">\n<ul>\n<li>El secador profesional X-treme Boost cuenta con un\u00a0<strong>potente motor AC<\/strong>\u00a0y con microacondicionadores de\u00a0<strong>aceite de arg\u00e1n<\/strong>, para dar m\u00e1s brillo a tu cabello.<\/li>\n<li>Gracias a su\u00a0<strong>funci\u00f3n i\u00f3nica<\/strong>\u00a0el resultado ser\u00e1 perfecto, obtendr\u00e1s como resultado un cabello m\u00e1s liso y menos encrespado.<\/li>\n<li>Adem\u00e1s incluye\u00a0<strong>difusor y concentrador,<\/strong>\u00a0d\u00e1ndote la mayor versatilidad para el look que deseas.<\/li>\n<li>Fija tu peinado con su golpe de aire fr\u00edo.<\/li>\n<\/ul>\n<\/div>\n","protected":false},"excerpt":{"rendered":"<p>El secador profesional X-treme Boost cuenta con un\u00a0potente motor AC\u00a0y con microacondicionadores de\u00a0aceite de arg\u00e1n, para dar m\u00e1s brillo a<\/p>\n","protected":false},"featured_media":213559,"comment_status":"open","ping_status":"closed","template":"","meta":{"_joinchat":[]},"product_cat":[6097,6511,825],"product_tag":[],"class_list":{"0":"post-213558","1":"product","2":"type-product","3":"status-publish","4":"has-post-thumbnail","6":"product_cat-cuidado-personal","7":"product_cat-secadores-de-pelo","8":"product_cat-pequeno-electrodomestico","10":"first","11":"instock","12":"taxable","13":"shipping-taxable","14":"purchasable","15":"product-type-simple"},"_links":{"self":[{"href":"https:\/\/desdropi.com\/elparque\/wp-json\/wp\/v2\/product\/213558"}],"collection":[{"href":"https:\/\/desdropi.com\/elparque\/wp-json\/wp\/v2\/product"}],"about":[{"href":"https:\/\/desdropi.com\/elparque\/wp-json\/wp\/v2\/types\/product"}],"replies":[{"embeddable":true,"href":"https:\/\/desdropi.com\/elparque\/wp-json\/wp\/v2\/comments?post=213558"}],"version-history":[{"count":0,"href":"https:\/\/desdropi.com\/elparque\/wp-json\/wp\/v2\/product\/213558\/revisions"}],"wp:featuredmedia":[{"embeddable":true,"href":"https:\/\/desdropi.com\/elparque\/wp-json\/wp\/v2\/media\/213559"}],"wp:attachment":[{"href":"https:\/\/desdropi.com\/elparque\/wp-json\/wp\/v2\/media?parent=213558"}],"wp:term":[{"taxonomy":"product_cat","embeddable":true,"href":"https:\/\/desdropi.com\/elparque\/wp-json\/wp\/v2\/product_cat?post=213558"},{"taxonomy":"product_tag","embeddable":true,"href":"https:\/\/desdropi.com\/elparque\/wp-json\/wp\/v2\/product_tag?post=213558"}],"curies":[{"name":"wp","href":"https:\/\/api.w.org\/{rel}","templated":true}]}}