{"id":213577,"date":"2024-01-31T19:42:44","date_gmt":"2024-01-31T18:42:44","guid":{"rendered":"https:\/\/desdropi.com\/elparque\/?post_type=product&#038;p=213577"},"modified":"2024-05-17T13:02:13","modified_gmt":"2024-05-17T11:02:13","slug":"batidora-amasadora-ufesa-bv5655-500w","status":"publish","type":"product","link":"https:\/\/desdropi.com\/elparque\/batidora-amasadora-ufesa-bv5655-500w\/","title":{"rendered":"Batidora Amasadora Ufesa BV5655 500W"},"content":{"rendered":"<div class=\"descripcion-tab\">\n<ul>\n<li>\u00a1Prepara tus mejores recetas con la amasadora Gyro Delux!<\/li>\n<li>Cuenta con\u00a0<strong>bol giratorio y 5 velocidades + turbo,<\/strong>\u00a0para que puedas regularla en base a los resultados que deseas.<\/li>\n<li>Ahorra tiempo y esfuerzo preparando tus masas, ya que gracias a sus\u00a0<strong>dos varillas amasadoras y a sus dos varillas batidoras<\/strong><\/li>\n<li>Puedes mezclar todos los ingredientes de forma muy f\u00e1cil y los resultados ser\u00e1n un \u00e9xito asegurado.<\/li>\n<\/ul>\n<\/div>\n","protected":false},"excerpt":{"rendered":"<p>\u00a1Prepara tus mejores recetas con la amasadora Gyro Delux! Cuenta con\u00a0bol giratorio y 5 velocidades + turbo,\u00a0para que puedas regularla<\/p>\n","protected":false},"featured_media":213578,"comment_status":"open","ping_status":"closed","template":"","meta":{"_joinchat":[]},"product_cat":[825,831,851],"product_tag":[],"class_list":{"0":"post-213577","1":"product","2":"type-product","3":"status-publish","4":"has-post-thumbnail","6":"product_cat-pequeno-electrodomestico","7":"product_cat-accesorios-de-cocina","8":"product_cat-batidoras-cocina","10":"first","11":"instock","12":"taxable","13":"shipping-taxable","14":"purchasable","15":"product-type-simple"},"_links":{"self":[{"href":"https:\/\/desdropi.com\/elparque\/wp-json\/wp\/v2\/product\/213577"}],"collection":[{"href":"https:\/\/desdropi.com\/elparque\/wp-json\/wp\/v2\/product"}],"about":[{"href":"https:\/\/desdropi.com\/elparque\/wp-json\/wp\/v2\/types\/product"}],"replies":[{"embeddable":true,"href":"https:\/\/desdropi.com\/elparque\/wp-json\/wp\/v2\/comments?post=213577"}],"version-history":[{"count":0,"href":"https:\/\/desdropi.com\/elparque\/wp-json\/wp\/v2\/product\/213577\/revisions"}],"wp:featuredmedia":[{"embeddable":true,"href":"https:\/\/desdropi.com\/elparque\/wp-json\/wp\/v2\/media\/213578"}],"wp:attachment":[{"href":"https:\/\/desdropi.com\/elparque\/wp-json\/wp\/v2\/media?parent=213577"}],"wp:term":[{"taxonomy":"product_cat","embeddable":true,"href":"https:\/\/desdropi.com\/elparque\/wp-json\/wp\/v2\/product_cat?post=213577"},{"taxonomy":"product_tag","embeddable":true,"href":"https:\/\/desdropi.com\/elparque\/wp-json\/wp\/v2\/product_tag?post=213577"}],"curies":[{"name":"wp","href":"https:\/\/api.w.org\/{rel}","templated":true}]}}