{"id":213584,"date":"2024-01-31T19:50:48","date_gmt":"2024-01-31T18:50:48","guid":{"rendered":"https:\/\/desdropi.com\/elparque\/?post_type=product&#038;p=213584"},"modified":"2024-01-31T19:50:48","modified_gmt":"2024-01-31T18:50:48","slug":"cortapelo-ufesa-cp6550-recargable","status":"publish","type":"product","link":"https:\/\/desdropi.com\/elparque\/cortapelo-ufesa-cp6550-recargable\/","title":{"rendered":"Cortapelo Ufesa CP6550 Recargable"},"content":{"rendered":"<div class=\"descripcion-tab\">\n<ul>\n<li>Con la Cortapelos de precisi\u00f3n CP6550 con\u00a0<strong>bater\u00edas Ni-Mh<\/strong>, la peluquer\u00eda est\u00e1 d\u00f3nde tu quieras que est\u00e9.<\/li>\n<li>Con\u00a0<strong>cuchillas en titanio y acero inoxidable<\/strong> y peines para el mejor apurado.<\/li>\n<li>Funciona de manera inal\u00e1mbrica con una autonom\u00eda de 45 minutos.<\/li>\n<\/ul>\n<\/div>\n","protected":false},"excerpt":{"rendered":"<p>Con la Cortapelos de precisi\u00f3n CP6550 con\u00a0bater\u00edas Ni-Mh, la peluquer\u00eda est\u00e1 d\u00f3nde tu quieras que est\u00e9. Con\u00a0cuchillas en titanio y<\/p>\n","protected":false},"featured_media":213585,"comment_status":"open","ping_status":"closed","template":"","meta":{"_joinchat":[]},"product_cat":[825,6530,6097],"product_tag":[],"class_list":{"0":"post-213584","1":"product","2":"type-product","3":"status-publish","4":"has-post-thumbnail","6":"product_cat-pequeno-electrodomestico","7":"product_cat-cortapelos","8":"product_cat-cuidado-personal","10":"first","11":"instock","12":"taxable","13":"shipping-taxable","14":"purchasable","15":"product-type-simple"},"_links":{"self":[{"href":"https:\/\/desdropi.com\/elparque\/wp-json\/wp\/v2\/product\/213584"}],"collection":[{"href":"https:\/\/desdropi.com\/elparque\/wp-json\/wp\/v2\/product"}],"about":[{"href":"https:\/\/desdropi.com\/elparque\/wp-json\/wp\/v2\/types\/product"}],"replies":[{"embeddable":true,"href":"https:\/\/desdropi.com\/elparque\/wp-json\/wp\/v2\/comments?post=213584"}],"version-history":[{"count":0,"href":"https:\/\/desdropi.com\/elparque\/wp-json\/wp\/v2\/product\/213584\/revisions"}],"wp:featuredmedia":[{"embeddable":true,"href":"https:\/\/desdropi.com\/elparque\/wp-json\/wp\/v2\/media\/213585"}],"wp:attachment":[{"href":"https:\/\/desdropi.com\/elparque\/wp-json\/wp\/v2\/media?parent=213584"}],"wp:term":[{"taxonomy":"product_cat","embeddable":true,"href":"https:\/\/desdropi.com\/elparque\/wp-json\/wp\/v2\/product_cat?post=213584"},{"taxonomy":"product_tag","embeddable":true,"href":"https:\/\/desdropi.com\/elparque\/wp-json\/wp\/v2\/product_tag?post=213584"}],"curies":[{"name":"wp","href":"https:\/\/api.w.org\/{rel}","templated":true}]}}