{"id":213592,"date":"2024-01-31T19:57:19","date_gmt":"2024-01-31T18:57:19","guid":{"rendered":"https:\/\/desdropi.com\/elparque\/?post_type=product&#038;p=213592"},"modified":"2024-05-17T13:02:13","modified_gmt":"2024-05-17T11:02:13","slug":"bascula-ufesa-be0907-150k-100gr-dig","status":"publish","type":"product","link":"https:\/\/desdropi.com\/elparque\/bascula-ufesa-be0907-150k-100gr-dig\/","title":{"rendered":"B\u00e1scula Ufesa BE0907 150K 100GR DIG"},"content":{"rendered":"<div class=\"descripcion-tab\">\n<ul>\n<li>Vence el miedo a la b\u00e1scula con la BE0907 y\u00a0<strong>deja que sus 4 sensores de medici\u00f3n miren por tu salud<\/strong>.<\/li>\n<li>Su\u00a0<strong>dise\u00f1o slim de alta precisi\u00f3n<\/strong> se integrar\u00e1 perfectamente en la decoraci\u00f3n de tu ba\u00f1o.<\/li>\n<li>Se guarda sin dificultad a la espera de volver a pasarte revista.<\/li>\n<\/ul>\n<\/div>\n","protected":false},"excerpt":{"rendered":"<p>Vence el miedo a la b\u00e1scula con la BE0907 y\u00a0deja que sus 4 sensores de medici\u00f3n miren por tu salud.<\/p>\n","protected":false},"featured_media":213594,"comment_status":"open","ping_status":"closed","template":"","meta":{"_joinchat":[]},"product_cat":[825,7037,6097],"product_tag":[],"class_list":{"0":"post-213592","1":"product","2":"type-product","3":"status-publish","4":"has-post-thumbnail","6":"product_cat-pequeno-electrodomestico","7":"product_cat-basculas-de-bano-higiene-y-salud-cuidado-personal","8":"product_cat-cuidado-personal","10":"first","11":"instock","12":"taxable","13":"shipping-taxable","14":"purchasable","15":"product-type-simple"},"_links":{"self":[{"href":"https:\/\/desdropi.com\/elparque\/wp-json\/wp\/v2\/product\/213592"}],"collection":[{"href":"https:\/\/desdropi.com\/elparque\/wp-json\/wp\/v2\/product"}],"about":[{"href":"https:\/\/desdropi.com\/elparque\/wp-json\/wp\/v2\/types\/product"}],"replies":[{"embeddable":true,"href":"https:\/\/desdropi.com\/elparque\/wp-json\/wp\/v2\/comments?post=213592"}],"version-history":[{"count":0,"href":"https:\/\/desdropi.com\/elparque\/wp-json\/wp\/v2\/product\/213592\/revisions"}],"wp:featuredmedia":[{"embeddable":true,"href":"https:\/\/desdropi.com\/elparque\/wp-json\/wp\/v2\/media\/213594"}],"wp:attachment":[{"href":"https:\/\/desdropi.com\/elparque\/wp-json\/wp\/v2\/media?parent=213592"}],"wp:term":[{"taxonomy":"product_cat","embeddable":true,"href":"https:\/\/desdropi.com\/elparque\/wp-json\/wp\/v2\/product_cat?post=213592"},{"taxonomy":"product_tag","embeddable":true,"href":"https:\/\/desdropi.com\/elparque\/wp-json\/wp\/v2\/product_tag?post=213592"}],"curies":[{"name":"wp","href":"https:\/\/api.w.org\/{rel}","templated":true}]}}