{"id":213611,"date":"2024-01-31T20:19:06","date_gmt":"2024-01-31T19:19:06","guid":{"rendered":"https:\/\/desdropi.com\/elparque\/?post_type=product&#038;p=213611"},"modified":"2024-05-17T13:02:13","modified_gmt":"2024-05-17T11:02:13","slug":"bacula-de-bano-ufesa-be0906-150k-100gr","status":"publish","type":"product","link":"https:\/\/desdropi.com\/elparque\/bacula-de-bano-ufesa-be0906-150k-100gr\/","title":{"rendered":"Bacula de Ba\u00f1o Ufesa BE0906 150K 100GR"},"content":{"rendered":"<div class=\"descripcion-tab\">\n<ul>\n<li>Con\u00f3cete mejor y\u00a0<strong>empieza a cuidarte con la b\u00e1scula de ba\u00f1o BE0906.<\/strong><\/li>\n<li>Con mayor precisi\u00f3n gracias a sus 4<strong>\u00a0sensores de medici\u00f3n, eval\u00faa los avances<\/strong>\u00a0de tus sacrificios en el gimnasio\u2026 y en tu nevera.<\/li>\n<li>Todo ello con un dise\u00f1o elegante que no desentona.<\/li>\n<\/ul>\n<\/div>\n","protected":false},"excerpt":{"rendered":"<p>Con\u00f3cete mejor y\u00a0empieza a cuidarte con la b\u00e1scula de ba\u00f1o BE0906. Con mayor precisi\u00f3n gracias a sus 4\u00a0sensores de medici\u00f3n,<\/p>\n","protected":false},"featured_media":213612,"comment_status":"open","ping_status":"closed","template":"","meta":{"_joinchat":[]},"product_cat":[825,7037,6097],"product_tag":[],"class_list":{"0":"post-213611","1":"product","2":"type-product","3":"status-publish","4":"has-post-thumbnail","6":"product_cat-pequeno-electrodomestico","7":"product_cat-basculas-de-bano-higiene-y-salud-cuidado-personal","8":"product_cat-cuidado-personal","10":"first","11":"instock","12":"taxable","13":"shipping-taxable","14":"purchasable","15":"product-type-simple"},"_links":{"self":[{"href":"https:\/\/desdropi.com\/elparque\/wp-json\/wp\/v2\/product\/213611"}],"collection":[{"href":"https:\/\/desdropi.com\/elparque\/wp-json\/wp\/v2\/product"}],"about":[{"href":"https:\/\/desdropi.com\/elparque\/wp-json\/wp\/v2\/types\/product"}],"replies":[{"embeddable":true,"href":"https:\/\/desdropi.com\/elparque\/wp-json\/wp\/v2\/comments?post=213611"}],"version-history":[{"count":0,"href":"https:\/\/desdropi.com\/elparque\/wp-json\/wp\/v2\/product\/213611\/revisions"}],"wp:featuredmedia":[{"embeddable":true,"href":"https:\/\/desdropi.com\/elparque\/wp-json\/wp\/v2\/media\/213612"}],"wp:attachment":[{"href":"https:\/\/desdropi.com\/elparque\/wp-json\/wp\/v2\/media?parent=213611"}],"wp:term":[{"taxonomy":"product_cat","embeddable":true,"href":"https:\/\/desdropi.com\/elparque\/wp-json\/wp\/v2\/product_cat?post=213611"},{"taxonomy":"product_tag","embeddable":true,"href":"https:\/\/desdropi.com\/elparque\/wp-json\/wp\/v2\/product_tag?post=213611"}],"curies":[{"name":"wp","href":"https:\/\/api.w.org\/{rel}","templated":true}]}}