{"id":213630,"date":"2024-02-01T09:11:17","date_gmt":"2024-02-01T08:11:17","guid":{"rendered":"https:\/\/desdropi.com\/elparque\/?post_type=product&#038;p=213630"},"modified":"2024-05-17T13:02:13","modified_gmt":"2024-05-17T11:02:13","slug":"bascula-de-bano-digital-ufesa-be1855","status":"publish","type":"product","link":"https:\/\/desdropi.com\/elparque\/bascula-de-bano-digital-ufesa-be1855\/","title":{"rendered":"Bascula de Ba\u00f1o Digital Ufesa BE1855"},"content":{"rendered":"<div class=\"descripcion-tab\">\n<ul>\n<li>La exactitud para mantenerte en tu l\u00ednea.<\/li>\n<li>Con la\u00a0<strong>b\u00e1scula de ba\u00f1o digital BE1855 controla con exactitud tu peso<\/strong>\u00a0y mide la evoluci\u00f3n de tu dieta y sesiones de ejercicio.<\/li>\n<li>Adem\u00e1s de indicarte el peso, mide tu \u00cdndice de Masa Corporal, grasa, agua, hueso, m\u00fasculo y calor\u00edas.<\/li>\n<li>Su\u00a0<strong>dise\u00f1o slim<\/strong>\u00a0hace que se guarde con facilidad en cualquier espacio.<\/li>\n<\/ul>\n<\/div>\n","protected":false},"excerpt":{"rendered":"<p>La exactitud para mantenerte en tu l\u00ednea. Con la\u00a0b\u00e1scula de ba\u00f1o digital BE1855 controla con exactitud tu peso\u00a0y mide la<\/p>\n","protected":false},"featured_media":213622,"comment_status":"open","ping_status":"closed","template":"","meta":{"_joinchat":[]},"product_cat":[825,7037,6097],"product_tag":[],"class_list":{"0":"post-213630","1":"product","2":"type-product","3":"status-publish","4":"has-post-thumbnail","6":"product_cat-pequeno-electrodomestico","7":"product_cat-basculas-de-bano-higiene-y-salud-cuidado-personal","8":"product_cat-cuidado-personal","10":"first","11":"instock","12":"taxable","13":"shipping-taxable","14":"purchasable","15":"product-type-simple"},"_links":{"self":[{"href":"https:\/\/desdropi.com\/elparque\/wp-json\/wp\/v2\/product\/213630"}],"collection":[{"href":"https:\/\/desdropi.com\/elparque\/wp-json\/wp\/v2\/product"}],"about":[{"href":"https:\/\/desdropi.com\/elparque\/wp-json\/wp\/v2\/types\/product"}],"replies":[{"embeddable":true,"href":"https:\/\/desdropi.com\/elparque\/wp-json\/wp\/v2\/comments?post=213630"}],"version-history":[{"count":0,"href":"https:\/\/desdropi.com\/elparque\/wp-json\/wp\/v2\/product\/213630\/revisions"}],"wp:featuredmedia":[{"embeddable":true,"href":"https:\/\/desdropi.com\/elparque\/wp-json\/wp\/v2\/media\/213622"}],"wp:attachment":[{"href":"https:\/\/desdropi.com\/elparque\/wp-json\/wp\/v2\/media?parent=213630"}],"wp:term":[{"taxonomy":"product_cat","embeddable":true,"href":"https:\/\/desdropi.com\/elparque\/wp-json\/wp\/v2\/product_cat?post=213630"},{"taxonomy":"product_tag","embeddable":true,"href":"https:\/\/desdropi.com\/elparque\/wp-json\/wp\/v2\/product_tag?post=213630"}],"curies":[{"name":"wp","href":"https:\/\/api.w.org\/{rel}","templated":true}]}}