{"id":213768,"date":"2024-02-02T18:14:55","date_gmt":"2024-02-02T17:14:55","guid":{"rendered":"https:\/\/desdropi.com\/elparque\/?post_type=product&#038;p=213768"},"modified":"2024-05-17T13:02:14","modified_gmt":"2024-05-17T11:02:14","slug":"almohadilla-ufesa-colors-2-100w-45x35","status":"publish","type":"product","link":"https:\/\/desdropi.com\/elparque\/almohadilla-ufesa-colors-2-100w-45x35\/","title":{"rendered":"Almohadilla Ufesa Colors 2 100W 45&#215;35"},"content":{"rendered":"<div class=\"descripcion-tab\">\n<ul>\n<li>La almohadilla t\u00e9rmica el\u00e9ctrica Flexy Heat Colors 2 cuenta con 100W de potencia y y un tama\u00f1o superior de 45x35cm.<\/li>\n<li>Dispone de<strong>\u00a0tres niveles distintos de temperatura<\/strong>\u00a0y con un tiempo de calentamiento de tan solo cinco minutos.<\/li>\n<li>Su\u00a0<strong>acabado suave de microfibra<\/strong>\u00a0te brindar\u00e1 la mayor comodidad.<\/li>\n<li>Es<strong>\u00a0ideal y c\u00f3moda para molestias y dolores musculares.<\/strong><\/li>\n<li>Gran seguridad gracias a su\u00a0<strong>sistema de autostop de seguridad<\/strong>\u00a0despu\u00e9s de 90 minutos de uso continuado.<\/li>\n<li>Dispone de un mando con conexi\u00f3n separable, por lo que podr\u00e1s lavar su funda a mano o a m\u00e1quina a una temperatura no superior a 30\u00baC (quitando el mando regulador).<\/li>\n<\/ul>\n<\/div>\n","protected":false},"excerpt":{"rendered":"<p>La almohadilla t\u00e9rmica el\u00e9ctrica Flexy Heat Colors 2 cuenta con 100W de potencia y y un tama\u00f1o superior de 45x35cm.<\/p>\n","protected":false},"featured_media":213769,"comment_status":"open","ping_status":"closed","template":"","meta":{"_joinchat":[]},"product_cat":[825,6524,6097],"product_tag":[],"class_list":{"0":"post-213768","1":"product","2":"type-product","3":"status-publish","4":"has-post-thumbnail","6":"product_cat-pequeno-electrodomestico","7":"product_cat-almohadillas-electricas-salud-y-bienestar","8":"product_cat-cuidado-personal","10":"first","11":"instock","12":"taxable","13":"shipping-taxable","14":"purchasable","15":"product-type-simple"},"_links":{"self":[{"href":"https:\/\/desdropi.com\/elparque\/wp-json\/wp\/v2\/product\/213768"}],"collection":[{"href":"https:\/\/desdropi.com\/elparque\/wp-json\/wp\/v2\/product"}],"about":[{"href":"https:\/\/desdropi.com\/elparque\/wp-json\/wp\/v2\/types\/product"}],"replies":[{"embeddable":true,"href":"https:\/\/desdropi.com\/elparque\/wp-json\/wp\/v2\/comments?post=213768"}],"version-history":[{"count":0,"href":"https:\/\/desdropi.com\/elparque\/wp-json\/wp\/v2\/product\/213768\/revisions"}],"wp:featuredmedia":[{"embeddable":true,"href":"https:\/\/desdropi.com\/elparque\/wp-json\/wp\/v2\/media\/213769"}],"wp:attachment":[{"href":"https:\/\/desdropi.com\/elparque\/wp-json\/wp\/v2\/media?parent=213768"}],"wp:term":[{"taxonomy":"product_cat","embeddable":true,"href":"https:\/\/desdropi.com\/elparque\/wp-json\/wp\/v2\/product_cat?post=213768"},{"taxonomy":"product_tag","embeddable":true,"href":"https:\/\/desdropi.com\/elparque\/wp-json\/wp\/v2\/product_tag?post=213768"}],"curies":[{"name":"wp","href":"https:\/\/api.w.org\/{rel}","templated":true}]}}