{"id":213893,"date":"2024-02-06T20:26:39","date_gmt":"2024-02-06T19:26:39","guid":{"rendered":"https:\/\/desdropi.com\/elparque\/?post_type=product&#038;p=213893"},"modified":"2024-05-17T13:02:16","modified_gmt":"2024-05-17T11:02:16","slug":"cafetera-ufesa-treviso-1050w-20bar-15l","status":"publish","type":"product","link":"https:\/\/desdropi.com\/elparque\/cafetera-ufesa-treviso-1050w-20bar-15l\/","title":{"rendered":"Cafetera Ufesa Treviso 1050W 20Bar 1,5L"},"content":{"rendered":"<div class=\"descripcion-tab\">\nMarca UFESA<br \/>\nModelo CAFET. UFESA TREVISO 1050W 20BAR 1,5L TACTIL<br \/>\nEAN8422160056703<\/p>\n<p><strong>Peso y dimensiones<\/strong><\/p>\n<ul>\n<li>Profundidad305 mm<\/li>\n<li>Ancho245 mm<\/li>\n<li>Altura320 mm<\/li>\n<\/ul>\n<p><strong>Control de energ\u00eda<\/strong><\/p>\n<ul>\n<li>Potencia 1050 W<\/li>\n<li>Apagado autom\u00e1tico S\u00ed<\/li>\n<\/ul>\n<p><strong>Empaquetado<\/strong><\/p>\n<ul>\n<li>Tipo cafetera Expresso<\/li>\n<\/ul>\n<p><strong>Ergonom\u00eda<\/strong><\/p>\n<ul>\n<li>Reservorio de agua extraible S\u00ed<\/li>\n<li>Filtro de caf\u00e9 Met\u00e1lico<\/li>\n<li>Bandeja de goteo extraible S\u00ed<\/li>\n<\/ul>\n<p><strong>Desempe\u00f1o<\/strong><\/p>\n<ul>\n<li>Appliance placement Encimera<\/li>\n<li>Dep\u00f3sito para caf\u00e9 preparado Taza<\/li>\n<li>Capacidad de reservorio de agua 1,5 L<\/li>\n<li>Presi\u00f3n m\u00e1xima funcionamiento (bares) 20 bar<\/li>\n<li>Caf\u00e9 tipo de entrada De caf\u00e9 molido<\/li>\n<li>Calentador de tazas S\u00ed<\/li>\n<\/ul>\n<p><strong>Funciones y programas de cocina<\/strong><\/p>\n<ul>\n<li>Preparaci\u00f3n de cappuccino S\u00ed<\/li>\n<li>Preparaci\u00f3n de caf\u00e9 S\u00ed<\/li>\n<\/ul>\n<\/div>\n","protected":false},"excerpt":{"rendered":"<p>Marca UFESA Modelo CAFET. UFESA TREVISO 1050W 20BAR 1,5L TACTIL EAN8422160056703 Peso y dimensiones Profundidad305 mm Ancho245 mm Altura320 mm<\/p>\n","protected":false},"featured_media":213894,"comment_status":"open","ping_status":"closed","template":"","meta":{"_joinchat":[]},"product_cat":[825,6516,6906],"product_tag":[],"class_list":{"0":"post-213893","1":"product","2":"type-product","3":"status-publish","4":"has-post-thumbnail","6":"product_cat-pequeno-electrodomestico","7":"product_cat-cafeteras-pequeno-electrodomestico","8":"product_cat-de-brazo-express","10":"first","11":"instock","12":"sale","13":"taxable","14":"shipping-taxable","15":"purchasable","16":"product-type-simple"},"_links":{"self":[{"href":"https:\/\/desdropi.com\/elparque\/wp-json\/wp\/v2\/product\/213893"}],"collection":[{"href":"https:\/\/desdropi.com\/elparque\/wp-json\/wp\/v2\/product"}],"about":[{"href":"https:\/\/desdropi.com\/elparque\/wp-json\/wp\/v2\/types\/product"}],"replies":[{"embeddable":true,"href":"https:\/\/desdropi.com\/elparque\/wp-json\/wp\/v2\/comments?post=213893"}],"version-history":[{"count":0,"href":"https:\/\/desdropi.com\/elparque\/wp-json\/wp\/v2\/product\/213893\/revisions"}],"wp:featuredmedia":[{"embeddable":true,"href":"https:\/\/desdropi.com\/elparque\/wp-json\/wp\/v2\/media\/213894"}],"wp:attachment":[{"href":"https:\/\/desdropi.com\/elparque\/wp-json\/wp\/v2\/media?parent=213893"}],"wp:term":[{"taxonomy":"product_cat","embeddable":true,"href":"https:\/\/desdropi.com\/elparque\/wp-json\/wp\/v2\/product_cat?post=213893"},{"taxonomy":"product_tag","embeddable":true,"href":"https:\/\/desdropi.com\/elparque\/wp-json\/wp\/v2\/product_tag?post=213893"}],"curies":[{"name":"wp","href":"https:\/\/api.w.org\/{rel}","templated":true}]}}