{"id":214025,"date":"2024-02-07T13:11:02","date_gmt":"2024-02-07T12:11:02","guid":{"rendered":"https:\/\/desdropi.com\/elparque\/?post_type=product&#038;p=214025"},"modified":"2024-05-17T13:02:17","modified_gmt":"2024-05-17T11:02:17","slug":"plancha-ufesa-pv3700-vitoria-3000w-antical-ceram","status":"publish","type":"product","link":"https:\/\/desdropi.com\/elparque\/plancha-ufesa-pv3700-vitoria-3000w-antical-ceram\/","title":{"rendered":"Plancha Ufesa PV3700 Vitoria 3000W Antical Ceram"},"content":{"rendered":"<div class=\"descripcion-tab\">Marca UFESA<br \/>\nModelo PV3700<br \/>\nEAN 8422160050282<\/div>\n<div><\/div>\n<div class=\"descripcion-tab\">\n<p><strong>Control de energ\u00eda<\/strong><\/p>\n<ul>\n<li>Potencia de la plancha3000<\/li>\n<\/ul>\n<p><strong>Indicaci\u00f3n<\/strong><\/p>\n<ul>\n<li>Indicadores LED S\u00ed<\/li>\n<\/ul>\n<p><strong>Ergonom\u00eda<\/strong><\/p>\n<ul>\n<li>Dise\u00f1o de plancha ergon\u00f3mico S\u00ed<\/li>\n<\/ul>\n<p><strong>Caracter\u00edsticas<\/strong><\/p>\n<ul>\n<li>Capacidad de reservorio de agua 0,4<\/li>\n<li>Color del producto Gris, Blanco<\/li>\n<li>Funci\u00f3n de vapor vertical S\u00ed<\/li>\n<li>Protecci\u00f3n contra sobrecalentamiento S\u00ed<\/li>\n<li>Funci\u00f3n anti goteo S\u00ed<\/li>\n<li>Funci\u00f3n de refuerzo de vapor S\u00ed<\/li>\n<li>Funci\u00f3n autolimpieza S\u00ed<\/li>\n<li>Funci\u00f3n espray S\u00ed<\/li>\n<li>Adherencia suave S\u00ed<\/li>\n<li>Apta para usar agua de grifo S\u00ed<\/li>\n<li>Seguro para todo tipo de tejidos S\u00ed<\/li>\n<li>Gesti\u00f3n de energ\u00eda S\u00ed<\/li>\n<li>Sin cables No<\/li>\n<li>F\u00e1cil almacenamiento S\u00ed<\/li>\n<li>Apagado autom\u00e1tico S\u00ed<\/li>\n<li>Vapor variable S\u00ed<\/li>\n<li>Calentamiento r\u00e1pido S\u00ed<\/li>\n<li>Vapor continuo S\u00ed<\/li>\n<li>Tipo Plancha vapor-seco<\/li>\n<li>Golpe de vapor (gr\/min) 45<\/li>\n<\/ul>\n<\/div>\n","protected":false},"excerpt":{"rendered":"<p>Marca UFESA Modelo PV3700 EAN 8422160050282 Control de energ\u00eda Potencia de la plancha3000 Indicaci\u00f3n Indicadores LED S\u00ed Ergonom\u00eda Dise\u00f1o de<\/p>\n","protected":false},"featured_media":214026,"comment_status":"open","ping_status":"closed","template":"","meta":{"_joinchat":[]},"product_cat":[825,6503,6504],"product_tag":[],"class_list":{"0":"post-214025","1":"product","2":"type-product","3":"status-publish","4":"has-post-thumbnail","6":"product_cat-pequeno-electrodomestico","7":"product_cat-planchado-y-ropa","8":"product_cat-planchas-de-vapor","10":"first","11":"instock","12":"taxable","13":"shipping-taxable","14":"purchasable","15":"product-type-simple"},"_links":{"self":[{"href":"https:\/\/desdropi.com\/elparque\/wp-json\/wp\/v2\/product\/214025"}],"collection":[{"href":"https:\/\/desdropi.com\/elparque\/wp-json\/wp\/v2\/product"}],"about":[{"href":"https:\/\/desdropi.com\/elparque\/wp-json\/wp\/v2\/types\/product"}],"replies":[{"embeddable":true,"href":"https:\/\/desdropi.com\/elparque\/wp-json\/wp\/v2\/comments?post=214025"}],"version-history":[{"count":0,"href":"https:\/\/desdropi.com\/elparque\/wp-json\/wp\/v2\/product\/214025\/revisions"}],"wp:featuredmedia":[{"embeddable":true,"href":"https:\/\/desdropi.com\/elparque\/wp-json\/wp\/v2\/media\/214026"}],"wp:attachment":[{"href":"https:\/\/desdropi.com\/elparque\/wp-json\/wp\/v2\/media?parent=214025"}],"wp:term":[{"taxonomy":"product_cat","embeddable":true,"href":"https:\/\/desdropi.com\/elparque\/wp-json\/wp\/v2\/product_cat?post=214025"},{"taxonomy":"product_tag","embeddable":true,"href":"https:\/\/desdropi.com\/elparque\/wp-json\/wp\/v2\/product_tag?post=214025"}],"curies":[{"name":"wp","href":"https:\/\/api.w.org\/{rel}","templated":true}]}}