{"id":214124,"date":"2024-02-09T18:32:15","date_gmt":"2024-02-09T17:32:15","guid":{"rendered":"https:\/\/desdropi.com\/elparque\/?post_type=product&#038;p=214124"},"modified":"2024-05-17T13:02:18","modified_gmt":"2024-05-17T11:02:18","slug":"lavavajillas-samsung-dw60m6050fs-e-14-servicios-7-programas-tercera-bandeja-display-led-inox","status":"publish","type":"product","link":"https:\/\/desdropi.com\/elparque\/lavavajillas-samsung-dw60m6050fs-e-14-servicios-7-programas-tercera-bandeja-display-led-inox\/","title":{"rendered":"Lavavajillas Samsung DW60M6050FS &#8211; E, 14 Servicios, 7 Programas, Tercera Bandeja, Display LED, Inox"},"content":{"rendered":"<div class=\"row informacionAdicional\">\n<div class=\"infoAdic colM16\" data-idprod=\"977071\" data-precio=\"485\" data-disponible=\"1\" data-material=\"0\">\n<div class=\"infosAd infoEspe\">\n<div class=\"infoTab\">\n<div class=\"caracteristicasFP\">\n<div class=\"product-attrs\">\n<ul class=\"product-attrs__items\">\n<li class=\"product-attrs__title\"><strong>DISE\u00d1O<\/strong><\/li>\n<li class=\"product-attrs__item\"><span class=\"product-attrs__item-title\">Color del producto <\/span><span class=\"product-attrs__item-data\">Acero inoxidable<\/span><\/li>\n<li class=\"product-attrs__item\"><span class=\"product-attrs__item-title\">Tipo de compartimiento para vajilla <\/span><span class=\"product-attrs__item-data\">Caj\u00f3n<\/span><\/li>\n<li class=\"product-attrs__item\"><span class=\"product-attrs__item-title\">Altura ajustable de la canasta superior <\/span><span class=\"product-attrs__item-data\">S\u00ed<\/span><\/li>\n<li class=\"product-attrs__item\"><span class=\"product-attrs__item-title\">Panel de control <\/span><span class=\"product-attrs__item-data\">Acero inoxidable<\/span><\/li>\n<li class=\"product-attrs__item\"><span class=\"product-attrs__item-title\">Color del producto <\/span><span class=\"product-attrs__item-data\">Acero inoxidable<\/span><\/li>\n<li class=\"product-attrs__item\"><span class=\"product-attrs__item-title\">Material de ba\u00f1era <\/span><span class=\"product-attrs__item-data\">Acero inoxidable<\/span><\/li>\n<li class=\"product-attrs__item\"><span class=\"product-attrs__item-title\">Sistema de secado <\/span><span class=\"product-attrs__item-data\">Condensaci\u00f3n<\/span><\/li>\n<li class=\"product-attrs__item\"><span class=\"product-attrs__item-title\">Tipo de control <\/span><span class=\"product-attrs__item-data\">Botones<\/span><\/li>\n<li class=\"product-attrs__item\"><span class=\"product-attrs__item-title\">Pantalla incorporada <\/span><span class=\"product-attrs__item-data\">S\u00ed<\/span><\/li>\n<li class=\"product-attrs__title\"><strong>DESEMPE\u00d1O<\/strong><\/li>\n<li class=\"product-attrs__item\"><span class=\"product-attrs__item-title\">Capacidad<\/span><span class=\"product-attrs__item-data\">14 Servicios<\/span><\/li>\n<li class=\"product-attrs__item\"><span class=\"product-attrs__item-title\">Programas de lavado <\/span><span class=\"product-attrs__item-data\">Auto 40-65 \u00ba C, Econom\u00eda, Vidrio\/Delicado, Intensivo, Pre-enjuague, R\u00e1pido<\/span><\/li>\n<li class=\"product-attrs__item\"><span class=\"product-attrs__item-title\">Mitad de carga <\/span><span class=\"product-attrs__item-data\">A<\/span><\/li>\n<li class=\"product-attrs__item\"><span class=\"product-attrs__item-title\">Tiempo de programaci\u00f3n<\/span><span class=\"product-attrs__item-data\">24 h<\/span><\/li>\n<li class=\"product-attrs__item\"><span class=\"product-attrs__item-title\">Tercera bandeja (Porta cubiertos) <\/span><span class=\"product-attrs__item-data\">S\u00ed<\/span><\/li>\n<li class=\"product-attrs__item\"><span class=\"product-attrs__item-title\">Funci\u00f3n de Aqua Sensor <\/span><span class=\"product-attrs__item-data\">S\u00ed<\/span><\/li>\n<li class=\"product-attrs__item\"><span class=\"product-attrs__item-title\">Protecci\u00f3n al vidrio <\/span><span class=\"product-attrs__item-data\">S\u00ed<\/span><\/li>\n<li class=\"product-attrs__item\"><span class=\"product-attrs__item-title\">Bloqueo para ni\u00f1os <\/span><span class=\"product-attrs__item-data\">S\u00ed<\/span><\/li>\n<li class=\"product-attrs__item\"><span class=\"product-attrs__item-title\">N\u00famero de programas de lavado<\/span><span class=\"product-attrs__item-data\">7<\/span><\/li>\n<li class=\"product-attrs__item\"><span class=\"product-attrs__item-title\">Nivel de ruido<\/span><span class=\"product-attrs__item-data\">44 dB<\/span><\/li>\n<li class=\"product-attrs__item\"><span class=\"product-attrs__item-title\">Tiempo de ciclo <\/span><span class=\"product-attrs__item-data\">225 min<\/span><\/li>\n<li class=\"product-attrs__item\"><span class=\"product-attrs__item-title\">Temperatura (m\u00e1x) <\/span><span class=\"product-attrs__item-data\">70 \u00baC<\/span><\/li>\n<li class=\"product-attrs__item\"><span class=\"product-attrs__item-title\">N\u00famero de ajustes de temperatura<\/span><span class=\"product-attrs__item-data\">4<\/span><\/li>\n<li class=\"product-attrs__item\"><span class=\"product-attrs__item-title\">Clase de secado<\/span><span class=\"product-attrs__item-data\">A<\/span><\/li>\n<li class=\"product-attrs__item\"><span class=\"product-attrs__item-title\">Aqua Stop funci\u00f3n <\/span><span class=\"product-attrs__item-data\">S\u00ed<\/span><\/li>\n<li class=\"product-attrs__item\"><span class=\"product-attrs__item-title\">Clase de lavado <\/span><span class=\"product-attrs__item-data\">A<\/span><\/li>\n<li class=\"product-attrs__title\"><strong>PESO Y DIMENSIONES<\/strong><\/li>\n<li class=\"product-attrs__item\"><span class=\"product-attrs__item-title\">Ancho<\/span><span class=\"product-attrs__item-data\">60 cm<\/span><\/li>\n<li class=\"product-attrs__item\"><span class=\"product-attrs__item-title\">Peso<\/span><span class=\"product-attrs__item-data\">57,5 kg<\/span><\/li>\n<li class=\"product-attrs__item\"><span class=\"product-attrs__item-title\">Profundidad<\/span><span class=\"product-attrs__item-data\">550 mm<\/span><\/li>\n<li class=\"product-attrs__item\"><span class=\"product-attrs__item-title\">Altura<\/span><span class=\"product-attrs__item-data\">845 mm<\/span><\/li>\n<li class=\"product-attrs__title\"><strong>CONTROL DE ENERG\u00cdA<\/strong><\/li>\n<li class=\"product-attrs__item\"><span class=\"product-attrs__item-title\">Clase de eficiencia de energ\u00eda <\/span><span class=\"product-attrs__item-data\">E<\/span><\/li>\n<li class=\"product-attrs__item\"><span class=\"product-attrs__item-title\">Consumo de agua por ciclo de lavado<\/span><span class=\"product-attrs__item-data\">10,5 L<\/span><\/li>\n<li class=\"product-attrs__item\"><span class=\"product-attrs__item-title\">Consumo de energ\u00eda por ciclo<\/span><span class=\"product-attrs__item-data\">0,93 kWh<\/span><\/li>\n<li class=\"product-attrs__item\"><span class=\"product-attrs__item-title\">Carga conectada<\/span><span class=\"product-attrs__item-data\">2100 W<\/span><\/li>\n<li class=\"product-attrs__item\"><span class=\"product-attrs__item-title\">Consumo de energ\u00eda anual<\/span><span class=\"product-attrs__item-data\">266 kWh<\/span><\/li>\n<li class=\"product-attrs__item\"><span class=\"product-attrs__item-title\">Consumo anual de agua<\/span><span class=\"product-attrs__item-data\">2940 L<\/span><\/li>\n<li class=\"product-attrs__title\"><strong>ERGONOM\u00cdA<\/strong><\/li>\n<li class=\"product-attrs__item\"><span class=\"product-attrs__item-title\">Indicador tiempo restante de lavado <\/span><span class=\"product-attrs__item-data\">S\u00ed<\/span><\/li>\n<li class=\"product-attrs__title\"><strong>EXHIBICI\u00d3N<\/strong><\/li>\n<li class=\"product-attrs__item\"><span class=\"product-attrs__item-title\">Tipo de producto <\/span><span class=\"product-attrs__item-data\">Lavavajillas<\/span><\/li>\n<\/ul>\n<\/div>\n<\/div>\n<\/div>\n<div class=\"infoTab\">\n<div class=\"descripcionSEOFP\">\n<div class=\"nbml\"><\/div>\n<\/div>\n<\/div>\n<\/div>\n<\/div>\n<\/div>\n","protected":false},"excerpt":{"rendered":"<p>DISE\u00d1O Color del producto Acero inoxidable Tipo de compartimiento para vajilla Caj\u00f3n Altura ajustable de la canasta superior S\u00ed Panel<\/p>\n","protected":false},"featured_media":214125,"comment_status":"open","ping_status":"closed","template":"","meta":{"_joinchat":[]},"product_cat":[780,6445,781],"product_tag":[],"class_list":{"0":"post-214124","1":"product","2":"type-product","3":"status-publish","4":"has-post-thumbnail","6":"product_cat-gran-electrodomestico","7":"product_cat-libre-instalacion-de-60-cm","8":"product_cat-lavavajillas","10":"first","11":"instock","12":"sale","13":"taxable","14":"shipping-taxable","15":"purchasable","16":"product-type-simple"},"_links":{"self":[{"href":"https:\/\/desdropi.com\/elparque\/wp-json\/wp\/v2\/product\/214124"}],"collection":[{"href":"https:\/\/desdropi.com\/elparque\/wp-json\/wp\/v2\/product"}],"about":[{"href":"https:\/\/desdropi.com\/elparque\/wp-json\/wp\/v2\/types\/product"}],"replies":[{"embeddable":true,"href":"https:\/\/desdropi.com\/elparque\/wp-json\/wp\/v2\/comments?post=214124"}],"version-history":[{"count":0,"href":"https:\/\/desdropi.com\/elparque\/wp-json\/wp\/v2\/product\/214124\/revisions"}],"wp:featuredmedia":[{"embeddable":true,"href":"https:\/\/desdropi.com\/elparque\/wp-json\/wp\/v2\/media\/214125"}],"wp:attachment":[{"href":"https:\/\/desdropi.com\/elparque\/wp-json\/wp\/v2\/media?parent=214124"}],"wp:term":[{"taxonomy":"product_cat","embeddable":true,"href":"https:\/\/desdropi.com\/elparque\/wp-json\/wp\/v2\/product_cat?post=214124"},{"taxonomy":"product_tag","embeddable":true,"href":"https:\/\/desdropi.com\/elparque\/wp-json\/wp\/v2\/product_tag?post=214124"}],"curies":[{"name":"wp","href":"https:\/\/api.w.org\/{rel}","templated":true}]}}