{"id":214205,"date":"2024-02-10T09:39:57","date_gmt":"2024-02-10T08:39:57","guid":{"rendered":"https:\/\/desdropi.com\/elparque\/?post_type=product&#038;p=214205"},"modified":"2024-04-22T09:30:25","modified_gmt":"2024-04-22T07:30:25","slug":"olla-a-presion-expres-clasica-10-litros-supreme","status":"publish","type":"product","link":"https:\/\/desdropi.com\/elparque\/olla-a-presion-expres-clasica-10-litros-supreme\/","title":{"rendered":"OLLA A PRESI\u00d3N EXPR\u00c9S CL\u00c1SICA 10 LITROS SUPR\u0112ME"},"content":{"rendered":"<div class=\"descripcion-tab\">\n<ul>\n<li>EAN 8425160342968.<\/li>\n<li>Olla a presi\u00f3n Supreme.<\/li>\n<li>Fabricada en acero inoxidable.<\/li>\n<li>Compatible con todo tipo de cocinas, incluidas las de inducci\u00f3n.<\/li>\n<li>V\u00e1lvula de seguridad.<\/li>\n<li>Perfecta distribuci\u00f3n del calor.<\/li>\n<li>Pomo Baquelita.<\/li>\n<li>Presentaci\u00f3n Caja.<\/li>\n<li>Unidades del envase 1.<\/li>\n<li>Material: Acero inoxidable.<\/li>\n<li>Asa Baquelita.<\/li>\n<li>Capacidad 10 litros.<\/li>\n<li>Di\u00e1metro 24 cm.<\/li>\n<li>Inducci\u00f3n S\u00ed.<\/li>\n<\/ul>\n<\/div>\n","protected":false},"excerpt":{"rendered":"<p>EAN 8425160342968. Olla a presi\u00f3n Supreme. Fabricada en acero inoxidable. Compatible con todo tipo de cocinas, incluidas las de inducci\u00f3n.<\/p>\n","protected":false},"featured_media":214206,"comment_status":"open","ping_status":"closed","template":"","meta":{"_joinchat":[]},"product_cat":[825,6519,831],"product_tag":[],"class_list":{"0":"post-214205","1":"product","2":"type-product","3":"status-publish","4":"has-post-thumbnail","6":"product_cat-pequeno-electrodomestico","7":"product_cat-ollas-electricas","8":"product_cat-accesorios-de-cocina","10":"first","11":"instock","12":"taxable","13":"shipping-taxable","14":"purchasable","15":"product-type-simple"},"_links":{"self":[{"href":"https:\/\/desdropi.com\/elparque\/wp-json\/wp\/v2\/product\/214205"}],"collection":[{"href":"https:\/\/desdropi.com\/elparque\/wp-json\/wp\/v2\/product"}],"about":[{"href":"https:\/\/desdropi.com\/elparque\/wp-json\/wp\/v2\/types\/product"}],"replies":[{"embeddable":true,"href":"https:\/\/desdropi.com\/elparque\/wp-json\/wp\/v2\/comments?post=214205"}],"version-history":[{"count":0,"href":"https:\/\/desdropi.com\/elparque\/wp-json\/wp\/v2\/product\/214205\/revisions"}],"wp:featuredmedia":[{"embeddable":true,"href":"https:\/\/desdropi.com\/elparque\/wp-json\/wp\/v2\/media\/214206"}],"wp:attachment":[{"href":"https:\/\/desdropi.com\/elparque\/wp-json\/wp\/v2\/media?parent=214205"}],"wp:term":[{"taxonomy":"product_cat","embeddable":true,"href":"https:\/\/desdropi.com\/elparque\/wp-json\/wp\/v2\/product_cat?post=214205"},{"taxonomy":"product_tag","embeddable":true,"href":"https:\/\/desdropi.com\/elparque\/wp-json\/wp\/v2\/product_tag?post=214205"}],"curies":[{"name":"wp","href":"https:\/\/api.w.org\/{rel}","templated":true}]}}