{"id":214335,"date":"2024-02-20T00:00:35","date_gmt":"2024-02-19T23:00:35","guid":{"rendered":"https:\/\/desdropi.com\/elparque\/frigo-combi-cecotec-02417-200x60-nf-bco\/"},"modified":"2025-04-14T09:30:17","modified_gmt":"2025-04-14T07:30:17","slug":"frigo-combi-cecotec-02417-200x60-nf-bco","status":"publish","type":"product","link":"https:\/\/desdropi.com\/elparque\/frigo-combi-cecotec-02417-200x60-nf-bco\/","title":{"rendered":"frigo combi cecotec 02417 200&#215;60 nf bco"},"content":{"rendered":"<div class=\"descripcion-tab\">\n<strong>Especificaciones:<\/strong><\/p>\n<ul>\n<li>Multi Airflow: Garantiza una temperatura \u00f3ptima en todo el compartimento, manteniendo la frescura de los alimentos por m\u00e1s tiempo gracias a la distribuci\u00f3n uniforme de aire fr\u00edo.<\/li>\n<li>Total No Frost: Sistema que evita la formaci\u00f3n de hielo en los alimentos y en el frigor\u00edfico, asegurando una conservaci\u00f3n prolongada de alimentos y nutrientes mediante una mejor circulaci\u00f3n del aire.<\/li>\n<li>Clase D: Clasificaci\u00f3n energ\u00e9tica \u00f3ptima para el frigor\u00edfico, garantizando un consumo eficiente de energ\u00eda.<\/li>\n<li>Humidity Box: Caj\u00f3n con humedad regulable para conservar frutas y verduras en condiciones \u00f3ptimas.<\/li>\n<li>Crisper Box: Caj\u00f3n especial dise\u00f1ado para la conservaci\u00f3n de carne y pescado.<\/li>\n<li>LED: Iluminaci\u00f3n LED interior para una visibilidad clara y eficiente.<\/li>\n<li>Modo Vacaciones: Optimiza el consumo de energ\u00eda cuando no est\u00e1s en casa durante per\u00edodos largos. La temperatura del frigor\u00edfico se ajusta a 15 grados y la del congelador a -18 grados.<\/li>\n<li>Modo Eco: Optimiza el consumo de energ\u00eda para un ahorro eficiente en la factura.<\/li>\n<li>Puerta Reversible: Adaptabilidad a tu espacio, ya que la puerta se puede orientar seg\u00fan tus necesidades.<\/li>\n<li>Alarma de Puerta: Notificaci\u00f3n que te avisa cuando la puerta del frigor\u00edfico ha estado abierta durante un tiempo, evitando p\u00e9rdida de temperatura.<\/li>\n<li>Fast Freezing: Congelaci\u00f3n ultrarr\u00e1pida para preservar la calidad de los alimentos de manera efectiva.<\/li>\n<li>Fast Cooling: Mayor rapidez en la refrigeraci\u00f3n de los alimentos.<\/li>\n<li>Control de Temperatura: Ajuste preciso de la temperatura deseada en el frigor\u00edfico.<\/li>\n<li>Motor Inverter Plus: Ahorro de energ\u00eda y dinero, ya que se mantiene la temperatura interna sin aumentar el consumo, gestionando el funcionamiento seg\u00fan las condiciones internas del frigor\u00edfico.<\/li>\n<\/ul>\n<p><strong>Composici\u00f3n del Paquete:<\/strong><\/p>\n<ul>\n<li>Frigor\u00edfico.<\/li>\n<li>Manual de instrucciones.<\/li>\n<\/ul>\n<\/div>\n","protected":false},"excerpt":{"rendered":"<p>Especificaciones: Multi Airflow: Garantiza una temperatura \u00f3ptima en todo el compartimento, manteniendo la frescura de los alimentos por m\u00e1s tiempo<\/p>\n","protected":false},"featured_media":214390,"comment_status":"open","ping_status":"closed","template":"","meta":{"_joinchat":[]},"product_cat":[6442,6441,780],"product_tag":[],"class_list":{"0":"post-214335","1":"product","2":"type-product","3":"status-publish","4":"has-post-thumbnail","6":"product_cat-combis-frigorificos","7":"product_cat-frigorificos","8":"product_cat-gran-electrodomestico","9":"pa_marca-cecotec-g-blanca","11":"first","12":"instock","13":"taxable","14":"shipping-taxable","15":"purchasable","16":"product-type-simple"},"_links":{"self":[{"href":"https:\/\/desdropi.com\/elparque\/wp-json\/wp\/v2\/product\/214335"}],"collection":[{"href":"https:\/\/desdropi.com\/elparque\/wp-json\/wp\/v2\/product"}],"about":[{"href":"https:\/\/desdropi.com\/elparque\/wp-json\/wp\/v2\/types\/product"}],"replies":[{"embeddable":true,"href":"https:\/\/desdropi.com\/elparque\/wp-json\/wp\/v2\/comments?post=214335"}],"version-history":[{"count":1,"href":"https:\/\/desdropi.com\/elparque\/wp-json\/wp\/v2\/product\/214335\/revisions"}],"predecessor-version":[{"id":224878,"href":"https:\/\/desdropi.com\/elparque\/wp-json\/wp\/v2\/product\/214335\/revisions\/224878"}],"wp:featuredmedia":[{"embeddable":true,"href":"https:\/\/desdropi.com\/elparque\/wp-json\/wp\/v2\/media\/214390"}],"wp:attachment":[{"href":"https:\/\/desdropi.com\/elparque\/wp-json\/wp\/v2\/media?parent=214335"}],"wp:term":[{"taxonomy":"product_cat","embeddable":true,"href":"https:\/\/desdropi.com\/elparque\/wp-json\/wp\/v2\/product_cat?post=214335"},{"taxonomy":"product_tag","embeddable":true,"href":"https:\/\/desdropi.com\/elparque\/wp-json\/wp\/v2\/product_tag?post=214335"}],"curies":[{"name":"wp","href":"https:\/\/api.w.org\/{rel}","templated":true}]}}