{"id":214342,"date":"2024-02-20T00:12:02","date_gmt":"2024-02-19T23:12:02","guid":{"rendered":"https:\/\/desdropi.com\/elparque\/frigo-1p-cecotec-02379-1d-360-185x60-inox\/"},"modified":"2024-05-19T00:02:12","modified_gmt":"2024-05-18T22:02:12","slug":"frigo-1p-cecotec-02379-1d-360-185x60-inox","status":"publish","type":"product","link":"https:\/\/desdropi.com\/elparque\/frigo-1p-cecotec-02379-1d-360-185x60-inox\/","title":{"rendered":"frigo 1p cecotec 02379 1d 360 185&#215;60 inox"},"content":{"rendered":"<div class=\"descripcion-tab\"><strong>Especificaciones:<\/strong><\/p>\n<ul>\n<li>Capacidad: 360 litros. Amplio interior para almacenar todos tus alimentos sin preocupaciones.<\/li>\n<li>Total No Frost: Evita la formaci\u00f3n de hielo en los alimentos y el frigor\u00edfico, manteniendo la frescura y nutrientes durante m\u00e1s tiempo gracias a una mejor circulaci\u00f3n del aire.<\/li>\n<li>Multi Airflow: Temperatura \u00f3ptima en todo el compartimento para mantener la vida \u00fatil de los alimentos por m\u00e1s tiempo mediante una distribuci\u00f3n uniforme de aire fr\u00edo.<\/li>\n<li>Fast Cooling: Mayor rapidez en la refrigeraci\u00f3n de los alimentos.<\/li>\n<li>Crisper Box: Caj\u00f3n especial para frutas y verduras, manteni\u00e9ndolas frescas durante m\u00e1s tiempo.<\/li>\n<li>Puerta Reversible: Se adapta a cualquier espacio al permitir abrir la puerta en el sentido que m\u00e1s se ajuste a tus necesidades.<\/li>\n<li>Clase Energ\u00e9tica E: Consumo energ\u00e9tico responsable.<\/li>\n<li>Motor Inverter Plus: Ahorro de energ\u00eda y dinero al gestionar la temperatura interior del congelador de manera eficiente.<\/li>\n<li>Estantes Laterales: Optimiza el espacio de almacenamiento para botellas, latas y tetrabriks.<\/li>\n<li>Alarma de Puerta: Te avisa cuando el frigor\u00edfico est\u00e1 abierto y pierde temperatura.<\/li>\n<li>Botellero: Mantiene tus bebidas a la temperatura ideal.<\/li>\n<li>Nivel Sonoro: 41 dB, nivel sonoro reducido para un funcionamiento discreto.<\/li>\n<\/ul>\n<p><strong>Composici\u00f3n del Paquete:<\/strong><\/p>\n<ul>\n<li>Frigor\u00edfico de una puerta.<\/li>\n<li>Manual de Instrucciones.<\/li>\n<\/ul>\n<\/div>\n","protected":false},"excerpt":{"rendered":"<p>Especificaciones: Capacidad: 360 litros. Amplio interior para almacenar todos tus alimentos sin preocupaciones. Total No Frost: Evita la formaci\u00f3n de<\/p>\n","protected":false},"featured_media":214430,"comment_status":"open","ping_status":"closed","template":"","meta":{"_joinchat":[]},"product_cat":[6457,6441,780],"product_tag":[],"class_list":{"0":"post-214342","1":"product","2":"type-product","3":"status-publish","4":"has-post-thumbnail","6":"product_cat-1-puerta-frigorificos","7":"product_cat-frigorificos","8":"product_cat-gran-electrodomestico","9":"pa_marca-cecotec","11":"first","12":"instock","13":"taxable","14":"shipping-taxable","15":"purchasable","16":"product-type-simple"},"_links":{"self":[{"href":"https:\/\/desdropi.com\/elparque\/wp-json\/wp\/v2\/product\/214342"}],"collection":[{"href":"https:\/\/desdropi.com\/elparque\/wp-json\/wp\/v2\/product"}],"about":[{"href":"https:\/\/desdropi.com\/elparque\/wp-json\/wp\/v2\/types\/product"}],"replies":[{"embeddable":true,"href":"https:\/\/desdropi.com\/elparque\/wp-json\/wp\/v2\/comments?post=214342"}],"version-history":[{"count":0,"href":"https:\/\/desdropi.com\/elparque\/wp-json\/wp\/v2\/product\/214342\/revisions"}],"wp:featuredmedia":[{"embeddable":true,"href":"https:\/\/desdropi.com\/elparque\/wp-json\/wp\/v2\/media\/214430"}],"wp:attachment":[{"href":"https:\/\/desdropi.com\/elparque\/wp-json\/wp\/v2\/media?parent=214342"}],"wp:term":[{"taxonomy":"product_cat","embeddable":true,"href":"https:\/\/desdropi.com\/elparque\/wp-json\/wp\/v2\/product_cat?post=214342"},{"taxonomy":"product_tag","embeddable":true,"href":"https:\/\/desdropi.com\/elparque\/wp-json\/wp\/v2\/product_tag?post=214342"}],"curies":[{"name":"wp","href":"https:\/\/api.w.org\/{rel}","templated":true}]}}