{"id":214343,"date":"2024-02-20T00:12:02","date_gmt":"2024-02-19T23:12:02","guid":{"rendered":"https:\/\/desdropi.com\/elparque\/congelador-vertical-cecotec-02399-uf-276-185x60-inox\/"},"modified":"2025-04-14T09:30:17","modified_gmt":"2025-04-14T07:30:17","slug":"congelador-vertical-cecotec-02399-uf-276-185x60-inox","status":"publish","type":"product","link":"https:\/\/desdropi.com\/elparque\/congelador-vertical-cecotec-02399-uf-276-185x60-inox\/","title":{"rendered":"congelador vertical cecotec 02399, uf 273 185&#215;60 inox"},"content":{"rendered":"<div class=\"descripcion-tab\"><strong>Especificaciones:<\/strong><\/p>\n<ul>\n<li>Capacidad: 273 litros. Gran espacio de almacenamiento.<\/li>\n<li>Total No Frost: Evita la formaci\u00f3n de hielo en los alimentos y el congelador para mantener la frescura.<\/li>\n<li>Motor Inverter Plus: Ahorro de energ\u00eda y dinero al gestionar la temperatura interna del congelador de manera eficiente.<\/li>\n<li>Clase E: Clasificaci\u00f3n energ\u00e9tica \u00f3ptima para un congelador.<\/li>\n<li>Dual Function: Convierte tu congelador en un frigor\u00edfico para mayor versatilidad.<\/li>\n<li>Bajo Nivel Sonoro: 41 dB para un ambiente silencioso.<\/li>\n<li>Tirador de Presi\u00f3n: Evita tirones y prolonga la durabilidad de la puerta del congelador.<\/li>\n<li>Door Display: Controla la temperatura sin necesidad de abrir la puerta.<\/li>\n<li>Puerta Reversible: Adapta el sentido de apertura seg\u00fan tus necesidades.<\/li>\n<li>Alarma de Puerta: Te avisa cuando el congelador est\u00e1 abierto y pierde temperatura.<\/li>\n<\/ul>\n<p><strong>Composici\u00f3n del Paquete:<\/strong><\/p>\n<ul>\n<li>Congelador.<\/li>\n<li>Manual de Instrucciones.<\/li>\n<\/ul>\n<\/div>\n","protected":false},"excerpt":{"rendered":"<p>Especificaciones: Capacidad: 273 litros. Gran espacio de almacenamiento. Total No Frost: Evita la formaci\u00f3n de hielo en los alimentos y<\/p>\n","protected":false},"featured_media":214436,"comment_status":"open","ping_status":"closed","template":"","meta":{"_joinchat":[]},"product_cat":[6449,6450,780],"product_tag":[],"class_list":{"0":"post-214343","1":"product","2":"type-product","3":"status-publish","4":"has-post-thumbnail","6":"product_cat-congeladores","7":"product_cat-verticales","8":"product_cat-gran-electrodomestico","9":"pa_marca-cecotec","10":"pa_nofrost-si","12":"first","13":"instock","14":"taxable","15":"shipping-taxable","16":"purchasable","17":"product-type-simple"},"_links":{"self":[{"href":"https:\/\/desdropi.com\/elparque\/wp-json\/wp\/v2\/product\/214343"}],"collection":[{"href":"https:\/\/desdropi.com\/elparque\/wp-json\/wp\/v2\/product"}],"about":[{"href":"https:\/\/desdropi.com\/elparque\/wp-json\/wp\/v2\/types\/product"}],"replies":[{"embeddable":true,"href":"https:\/\/desdropi.com\/elparque\/wp-json\/wp\/v2\/comments?post=214343"}],"version-history":[{"count":1,"href":"https:\/\/desdropi.com\/elparque\/wp-json\/wp\/v2\/product\/214343\/revisions"}],"predecessor-version":[{"id":224992,"href":"https:\/\/desdropi.com\/elparque\/wp-json\/wp\/v2\/product\/214343\/revisions\/224992"}],"wp:featuredmedia":[{"embeddable":true,"href":"https:\/\/desdropi.com\/elparque\/wp-json\/wp\/v2\/media\/214436"}],"wp:attachment":[{"href":"https:\/\/desdropi.com\/elparque\/wp-json\/wp\/v2\/media?parent=214343"}],"wp:term":[{"taxonomy":"product_cat","embeddable":true,"href":"https:\/\/desdropi.com\/elparque\/wp-json\/wp\/v2\/product_cat?post=214343"},{"taxonomy":"product_tag","embeddable":true,"href":"https:\/\/desdropi.com\/elparque\/wp-json\/wp\/v2\/product_tag?post=214343"}],"curies":[{"name":"wp","href":"https:\/\/api.w.org\/{rel}","templated":true}]}}