{"id":214349,"date":"2024-02-20T00:14:03","date_gmt":"2024-02-19T23:14:03","guid":{"rendered":"https:\/\/desdropi.com\/elparque\/frigo-americano-cecotec-02441-177x9120-inox\/"},"modified":"2024-05-19T00:02:24","modified_gmt":"2024-05-18T22:02:24","slug":"frigo-americano-cecotec-02441-177x9120-inox","status":"publish","type":"product","link":"https:\/\/desdropi.com\/elparque\/frigo-americano-cecotec-02441-177x9120-inox\/","title":{"rendered":"frigo americano cecotec 02441 177&#215;91,20 inox"},"content":{"rendered":"<div class=\"descripcion-tab\"><strong>Especificaciones:<\/strong><\/p>\n<ul>\n<li>Multi Airflow: Distribuci\u00f3n uniforme de aire fr\u00edo para mantener la temperatura \u00f3ptima en todo el compartimento y prolongar la vida de los alimentos.<\/li>\n<li>Total No Frost: Evita la formaci\u00f3n de hielo en alimentos y frigor\u00edfico, asegurando una mejor circulaci\u00f3n del aire fr\u00edo y manteniendo alimentos y nutrientes por m\u00e1s tiempo.<\/li>\n<li>Capacidad: 559 litros, con amplio espacio en todos los compartimentos.<\/li>\n<li>Clase D: Clasificaci\u00f3n energ\u00e9tica \u00f3ptima para un frigor\u00edfico.<\/li>\n<li>Motor Inverter Plus: Ahorro de energ\u00eda y dinero al mantener la temperatura interior sin incurrir en gastos adicionales, gestionando el funcionamiento seg\u00fan las condiciones internas.<\/li>\n<li>Door Display: Control de temperatura sin necesidad de abrir la puerta.<\/li>\n<li>Fast Freezing: Congelaci\u00f3n ultrarr\u00e1pida.<\/li>\n<li>Fast Cooling: Mayor rapidez en la refrigeraci\u00f3n de alimentos.<\/li>\n<li>Modo Vacaciones: Optimiza el consumo de energ\u00eda cuando no est\u00e1s por un per\u00edodo prolongado, ajustando las temperaturas a 15 grados en el frigor\u00edfico y -18 grados en el congelador.<\/li>\n<li>Modo Eco: Optimizaci\u00f3n del consumo de energ\u00eda para ahorrar en la factura.<\/li>\n<li>Alarma de Puerta: Alerta cuando el frigor\u00edfico est\u00e1 abierto durante un tiempo prolongado, evitando p\u00e9rdida de temperatura.<\/li>\n<\/ul>\n<p><strong>Composici\u00f3n del paquete:<\/strong><\/p>\n<ul>\n<li>Frigor\u00edfico.<\/li>\n<li>Manual.<\/li>\n<\/ul>\n<\/div>\n","protected":false},"excerpt":{"rendered":"<p>Especificaciones: Multi Airflow: Distribuci\u00f3n uniforme de aire fr\u00edo para mantener la temperatura \u00f3ptima en todo el compartimento y prolongar la<\/p>\n","protected":false},"featured_media":214472,"comment_status":"open","ping_status":"closed","template":"","meta":{"_joinchat":[]},"product_cat":[6458,6441,780],"product_tag":[],"class_list":{"0":"post-214349","1":"product","2":"type-product","3":"status-publish","4":"has-post-thumbnail","6":"product_cat-americanos-frigorificos","7":"product_cat-frigorificos","8":"product_cat-gran-electrodomestico","9":"pa_marca-cecotec-g-blanca","11":"first","12":"instock","13":"taxable","14":"shipping-taxable","15":"purchasable","16":"product-type-simple"},"_links":{"self":[{"href":"https:\/\/desdropi.com\/elparque\/wp-json\/wp\/v2\/product\/214349"}],"collection":[{"href":"https:\/\/desdropi.com\/elparque\/wp-json\/wp\/v2\/product"}],"about":[{"href":"https:\/\/desdropi.com\/elparque\/wp-json\/wp\/v2\/types\/product"}],"replies":[{"embeddable":true,"href":"https:\/\/desdropi.com\/elparque\/wp-json\/wp\/v2\/comments?post=214349"}],"version-history":[{"count":0,"href":"https:\/\/desdropi.com\/elparque\/wp-json\/wp\/v2\/product\/214349\/revisions"}],"wp:featuredmedia":[{"embeddable":true,"href":"https:\/\/desdropi.com\/elparque\/wp-json\/wp\/v2\/media\/214472"}],"wp:attachment":[{"href":"https:\/\/desdropi.com\/elparque\/wp-json\/wp\/v2\/media?parent=214349"}],"wp:term":[{"taxonomy":"product_cat","embeddable":true,"href":"https:\/\/desdropi.com\/elparque\/wp-json\/wp\/v2\/product_cat?post=214349"},{"taxonomy":"product_tag","embeddable":true,"href":"https:\/\/desdropi.com\/elparque\/wp-json\/wp\/v2\/product_tag?post=214349"}],"curies":[{"name":"wp","href":"https:\/\/api.w.org\/{rel}","templated":true}]}}