{"id":214351,"date":"2024-02-20T00:14:03","date_gmt":"2024-02-19T23:14:03","guid":{"rendered":"https:\/\/desdropi.com\/elparque\/horno-cecotec-02833-multifuncion-blanco-75-litros-13-func-apiedra\/"},"modified":"2025-04-14T09:30:23","modified_gmt":"2025-04-14T07:30:23","slug":"horno-cecotec-02833-multifuncion-blanco-75-litros-13-func-apiedra","status":"publish","type":"product","link":"https:\/\/desdropi.com\/elparque\/horno-cecotec-02833-multifuncion-blanco-75-litros-13-func-apiedra\/","title":{"rendered":"horno cecotec 02833 multifuncion\/blanco 75\/litros 13\/func.a+piedra"},"content":{"rendered":"<div class=\"descripcion-tab\">\n<strong>Especificaciones:<\/strong><\/p>\n<ul>\n<li>Steak Master Grill: Cocina carnes al punto perfecto con el grill de hasta 500 \u00baC y 2900 W de potencia. Sellado por fuera y jugoso por dentro.<\/li>\n<li>Parrilla como en Barbacoa: Bandeja de aluminio fundido con dos posiciones, grill y plano, para marcar tus cortes de carne favoritos como en una barbacoa.<\/li>\n<li>Sin Precalentamiento: Resistencia de grafeno innovadora que alcanza 100 \u00baC en solo 0,16 segundos, ahorrando energ\u00eda y tiempo.<\/li>\n<li>Cocci\u00f3n Variada: Capacidad de 72 L con gu\u00edas telesc\u00f3picas y 5 posiciones para cocinar varias recetas a la vez o una sola con precisi\u00f3n.<\/li>\n<li>Clase Energ\u00e9tica A+: M\u00e1xima eficiencia energ\u00e9tica y ahorro en cada uso sin comprometer la eficacia.<\/li>\n<li>Dise\u00f1o Elegante: Acabado en acero inoxidable que se integra en cualquier cocina, proporcionando un toque sofisticado.<\/li>\n<li>Maestro Pizzero en Casa: Accesorio Pizza Stone y ventilador por convecci\u00f3n para pizzas aut\u00e9nticas al estilo napolitano.<\/li>\n<li>12 Funciones Autom\u00e1ticas: Steak Master, Convencional, Steam Assist Cooking, Cocci\u00f3n superior e inferior, Modo Eco, Pizza Master, Descongelaci\u00f3n, Fermentaci\u00f3n, 3D Cooking y m\u00e1s.<\/li>\n<li>Cocina al Vapor: Funci\u00f3n Steam Assist para recetas saludables y llenas de sabor. Dep\u00f3sito de 1 L para cocinar al vapor.<\/li>\n<li>Steam EasyClean: Desincrusta la suciedad con vapor para una limpieza f\u00e1cil y r\u00e1pida sin rascar.<\/li>\n<li>Enfriamiento R\u00e1pido: Evita quemaduras y largas esperas tras cocinar con un r\u00e1pido enfriamiento.<\/li>\n<li>Bloqueo de Seguridad: Activa el bloqueo para evitar que los ni\u00f1os controlen el horno y prevenir accidentes.<\/li>\n<\/ul>\n<p><strong>Composici\u00f3n del Paquete:<\/strong><\/p>\n<ul>\n<li>Horno.<\/li>\n<li>Manual de Usuario.<\/li>\n<li>Pizza Stone XXL.<\/li>\n<li>Steak Master Tray.<\/li>\n<li>Rejilla.<\/li>\n<li>Bandeja.<\/li>\n<\/ul>\n<\/div>\n","protected":false},"excerpt":{"rendered":"<p>Especificaciones: Steak Master Grill: Cocina carnes al punto perfecto con el grill de hasta 500 \u00baC y 2900 W de<\/p>\n","protected":false},"featured_media":214484,"comment_status":"open","ping_status":"closed","template":"","meta":{"_joinchat":[]},"product_cat":[6507,3268,3279],"product_tag":[],"class_list":{"0":"post-214351","1":"product","2":"type-product","3":"status-publish","4":"has-post-thumbnail","6":"product_cat-multifuncion","7":"product_cat-coccion","8":"product_cat-hornos","9":"pa_marca-cecotec-g-blanca","11":"first","12":"instock","13":"taxable","14":"shipping-taxable","15":"purchasable","16":"product-type-simple"},"_links":{"self":[{"href":"https:\/\/desdropi.com\/elparque\/wp-json\/wp\/v2\/product\/214351"}],"collection":[{"href":"https:\/\/desdropi.com\/elparque\/wp-json\/wp\/v2\/product"}],"about":[{"href":"https:\/\/desdropi.com\/elparque\/wp-json\/wp\/v2\/types\/product"}],"replies":[{"embeddable":true,"href":"https:\/\/desdropi.com\/elparque\/wp-json\/wp\/v2\/comments?post=214351"}],"version-history":[{"count":1,"href":"https:\/\/desdropi.com\/elparque\/wp-json\/wp\/v2\/product\/214351\/revisions"}],"predecessor-version":[{"id":224995,"href":"https:\/\/desdropi.com\/elparque\/wp-json\/wp\/v2\/product\/214351\/revisions\/224995"}],"wp:featuredmedia":[{"embeddable":true,"href":"https:\/\/desdropi.com\/elparque\/wp-json\/wp\/v2\/media\/214484"}],"wp:attachment":[{"href":"https:\/\/desdropi.com\/elparque\/wp-json\/wp\/v2\/media?parent=214351"}],"wp:term":[{"taxonomy":"product_cat","embeddable":true,"href":"https:\/\/desdropi.com\/elparque\/wp-json\/wp\/v2\/product_cat?post=214351"},{"taxonomy":"product_tag","embeddable":true,"href":"https:\/\/desdropi.com\/elparque\/wp-json\/wp\/v2\/product_tag?post=214351"}],"curies":[{"name":"wp","href":"https:\/\/api.w.org\/{rel}","templated":true}]}}