{"id":214357,"date":"2024-02-20T00:16:03","date_gmt":"2024-02-19T23:16:03","guid":{"rendered":"https:\/\/desdropi.com\/elparque\/horno-sobremesa-cecotec-03811-10-litros-blanco\/"},"modified":"2025-04-14T09:30:31","modified_gmt":"2025-04-14T07:30:31","slug":"horno-sobremesa-cecotec-03811-10-litros-blanco","status":"publish","type":"product","link":"https:\/\/desdropi.com\/elparque\/horno-sobremesa-cecotec-03811-10-litros-blanco\/","title":{"rendered":"horno sobremesa cecotec 03811 10 litros blanco"},"content":{"rendered":"<div class=\"descripcion-tab\">\n<strong>Especificaciones:<\/strong><\/p>\n<ul>\n<li>Dise\u00f1o compacto con una capacidad de 10 litros.<\/li>\n<li>Temporizador ajustable hasta 60 minutos.<\/li>\n<li>Avisador ac\u00fastico al finalizar la cocci\u00f3n.<\/li>\n<li>Puerta de doble cristal de alta resistencia para el mantenimiento de la temperatura.<\/li>\n<li>Resistencias de cuarzo protegidas.<\/li>\n<li>Incluye accesorios: bandeja para hornear, parrilla y una asa con pinzas.<\/li>\n<li>Temperatura regulable hasta 230 \u00baC.<\/li>\n<li>Potencia de 1000 W.<\/li>\n<\/ul>\n<p><strong>Composici\u00f3n del paquete:<\/strong><\/p>\n<ul>\n<li>Horno de sobremesa.<\/li>\n<\/ul>\n<\/div>\n","protected":false},"excerpt":{"rendered":"<p>Especificaciones: Dise\u00f1o compacto con una capacidad de 10 litros. Temporizador ajustable hasta 60 minutos. Avisador ac\u00fastico al finalizar la cocci\u00f3n.<\/p>\n","protected":false},"featured_media":214519,"comment_status":"open","ping_status":"closed","template":"","meta":{"_joinchat":[]},"product_cat":[6526,6525,3268,3279],"product_tag":[],"class_list":{"0":"post-214357","1":"product","2":"type-product","3":"status-publish","4":"has-post-thumbnail","6":"product_cat-conveccion","7":"product_cat-sobremesa-hornos","8":"product_cat-coccion","9":"product_cat-hornos","10":"pa_marca-cecotec","12":"first","13":"instock","14":"taxable","15":"shipping-taxable","16":"purchasable","17":"product-type-simple"},"_links":{"self":[{"href":"https:\/\/desdropi.com\/elparque\/wp-json\/wp\/v2\/product\/214357"}],"collection":[{"href":"https:\/\/desdropi.com\/elparque\/wp-json\/wp\/v2\/product"}],"about":[{"href":"https:\/\/desdropi.com\/elparque\/wp-json\/wp\/v2\/types\/product"}],"replies":[{"embeddable":true,"href":"https:\/\/desdropi.com\/elparque\/wp-json\/wp\/v2\/comments?post=214357"}],"version-history":[{"count":1,"href":"https:\/\/desdropi.com\/elparque\/wp-json\/wp\/v2\/product\/214357\/revisions"}],"predecessor-version":[{"id":224997,"href":"https:\/\/desdropi.com\/elparque\/wp-json\/wp\/v2\/product\/214357\/revisions\/224997"}],"wp:featuredmedia":[{"embeddable":true,"href":"https:\/\/desdropi.com\/elparque\/wp-json\/wp\/v2\/media\/214519"}],"wp:attachment":[{"href":"https:\/\/desdropi.com\/elparque\/wp-json\/wp\/v2\/media?parent=214357"}],"wp:term":[{"taxonomy":"product_cat","embeddable":true,"href":"https:\/\/desdropi.com\/elparque\/wp-json\/wp\/v2\/product_cat?post=214357"},{"taxonomy":"product_tag","embeddable":true,"href":"https:\/\/desdropi.com\/elparque\/wp-json\/wp\/v2\/product_tag?post=214357"}],"curies":[{"name":"wp","href":"https:\/\/api.w.org\/{rel}","templated":true}]}}