{"id":214379,"date":"2024-02-20T23:32:02","date_gmt":"2024-02-20T22:32:02","guid":{"rendered":"https:\/\/desdropi.com\/elparque\/campana-mepamsa-silueta-xla-60-inox-590m3\/"},"modified":"2025-04-13T21:56:03","modified_gmt":"2025-04-13T19:56:03","slug":"campana-mepamsa-silueta-xla-60-inox-590m3","status":"publish","type":"product","link":"https:\/\/desdropi.com\/elparque\/campana-mepamsa-silueta-xla-60-inox-590m3\/","title":{"rendered":"campana mepamsa silueta xla 60 inox 590m3"},"content":{"rendered":"<div class=\"descripcion-tab\">\n<ul>\n<li>Clase Energ\u00e9tica &#8211; A<\/li>\n<li>Potencia M\u00e1x. (W) &#8211; 200-W<\/li>\n<li>Iluminaci\u00f3n &#8211; LEDS-2X1.5W<\/li>\n<li>Aspiraci\u00f3n en M\u00edn. (UNE EN-61591) &#8211; 420-M3\/H<\/li>\n<li>Aspiraci\u00f3n en M\u00e1x. (UNE EN-61591) &#8211; 590 m3\/h<\/li>\n<li>Pot. Sonora en M\u00edn. (UNE EN-60704-3) &#8211; 60-DBA<\/li>\n<li>Pot. Sonora en M\u00e1x. (UNE EN-60704-3) &#8211; 68 dB(A)<\/li>\n<li>Tipo de Mandos &#8211; Soft touch<\/li>\n<li>Ancho &#8211; 60.00 cm<\/li>\n<li>Tipo de campana &#8211; Decorativa pared<\/li>\n<li>Salida &#8211; \u00d8-120&#8212;150-MM<\/li>\n<li>Voltage &#8211; 220-240V 50Hz<\/li>\n<li>Pressure &#8211; 450.00 Pa<\/li>\n<li>Grease filter &#8211; Filtros de Aluminio<\/li>\n<li>Type of motor &#8211; Energy 600 PLUS<\/li>\n<\/ul>\n<\/div>\n","protected":false},"excerpt":{"rendered":"<p>Clase Energ\u00e9tica &#8211; A Potencia M\u00e1x. (W) &#8211; 200-W Iluminaci\u00f3n &#8211; LEDS-2X1.5W Aspiraci\u00f3n en M\u00edn. (UNE EN-61591) &#8211; 420-M3\/H Aspiraci\u00f3n<\/p>\n","protected":false},"featured_media":214380,"comment_status":"open","ping_status":"open","template":"","meta":{"_joinchat":[]},"product_cat":[6488,3268,3886],"product_tag":[],"class_list":{"0":"post-214379","1":"product","2":"type-product","3":"status-publish","4":"has-post-thumbnail","6":"product_cat-decorativas","7":"product_cat-coccion","8":"product_cat-campanas","9":"pa_marca-mepamsa","11":"first","12":"instock","13":"taxable","14":"shipping-taxable","15":"purchasable","16":"product-type-simple"},"_links":{"self":[{"href":"https:\/\/desdropi.com\/elparque\/wp-json\/wp\/v2\/product\/214379"}],"collection":[{"href":"https:\/\/desdropi.com\/elparque\/wp-json\/wp\/v2\/product"}],"about":[{"href":"https:\/\/desdropi.com\/elparque\/wp-json\/wp\/v2\/types\/product"}],"replies":[{"embeddable":true,"href":"https:\/\/desdropi.com\/elparque\/wp-json\/wp\/v2\/comments?post=214379"}],"version-history":[{"count":1,"href":"https:\/\/desdropi.com\/elparque\/wp-json\/wp\/v2\/product\/214379\/revisions"}],"predecessor-version":[{"id":224596,"href":"https:\/\/desdropi.com\/elparque\/wp-json\/wp\/v2\/product\/214379\/revisions\/224596"}],"wp:featuredmedia":[{"embeddable":true,"href":"https:\/\/desdropi.com\/elparque\/wp-json\/wp\/v2\/media\/214380"}],"wp:attachment":[{"href":"https:\/\/desdropi.com\/elparque\/wp-json\/wp\/v2\/media?parent=214379"}],"wp:term":[{"taxonomy":"product_cat","embeddable":true,"href":"https:\/\/desdropi.com\/elparque\/wp-json\/wp\/v2\/product_cat?post=214379"},{"taxonomy":"product_tag","embeddable":true,"href":"https:\/\/desdropi.com\/elparque\/wp-json\/wp\/v2\/product_tag?post=214379"}],"curies":[{"name":"wp","href":"https:\/\/api.w.org\/{rel}","templated":true}]}}