{"id":214636,"date":"2024-02-22T00:04:29","date_gmt":"2024-02-21T23:04:29","guid":{"rendered":"https:\/\/desdropi.com\/elparque\/aire-acondicionado-split-ferroli-s-24-6000f-bc-wifi-a-a\/"},"modified":"2024-05-19T00:00:43","modified_gmt":"2024-05-18T22:00:43","slug":"aire-acondicionado-split-ferroli-s-24-6000f-bc-wifi-a-a","status":"publish","type":"product","link":"https:\/\/desdropi.com\/elparque\/aire-acondicionado-split-ferroli-s-24-6000f-bc-wifi-a-a\/","title":{"rendered":"aire acondicionado split  ferroli s-24 6000f bc wifi a++\/a+++ INSTALACI\u00d3N INCLUIDA"},"content":{"rendered":"<div class=\"descripcion-tab\">\n<p><u><span style=\"color: #000000;\"><a style=\"color: #000000;\" href=\"https:\/\/www.ferroli.com\/media\/ficha-tecnica-giada-s.pdf\" target=\"_blank\" rel=\"noopener\"><strong>Ver ficha t\u00e9cnica<\/strong><\/a><\/span><\/u><\/p>\n<p><strong>Caracter\u00edsticas Generales:<\/strong><\/p>\n<ul>\n<li>Utiliza el refrigerante ecol\u00f3gico R32.<\/li>\n<li>Nuevo S\u00daPER IONIZADOR para un ambiente m\u00e1s limpio.<\/li>\n<li>Filtros especiales BIO HEPA, COLD CATALYST, CARB\u00d3N ACTIVO y SILVER ION para m\u00e1xima filtraci\u00f3n del aire.<\/li>\n<li>Modelo GIADA S 9 con eficiencia A++ en fr\u00edo y A+++ en calor (zonas c\u00e1lidas\/clima medio).<\/li>\n<li>Tecnolog\u00eda Inverter y gas R32 para eficiencia y bajos consumos.<\/li>\n<\/ul>\n<p><strong>Control y Conectividad:<\/strong><\/p>\n<ul>\n<li>Sistema de control WIFI integrado de serie.<\/li>\n<li>Control remoto por infrarrojos.<\/li>\n<li>Compatible con Amazon y Google Home.<\/li>\n<\/ul>\n<p><strong>S\u00faper Ionizador:<\/strong><\/p>\n<ul>\n<li>Genera millones de iones para eliminar virus y bacterias.<\/li>\n<\/ul>\n<p><strong>Elevado Nivel de Filtraci\u00f3n:<\/strong><\/p>\n<ul>\n<li>Filtro BIO HEPA para filtraci\u00f3n del aire.<\/li>\n<li>TRIPLE FILTRO: COLD CATALYST, CARB\u00d3N ACTIVO, SILVER ION para eliminar gases nocivos.<\/li>\n<\/ul>\n<p><strong>Bater\u00eda ORO (Golden Fin):<\/strong><\/p>\n<ul>\n<li>Protecci\u00f3n contra la corrosi\u00f3n en la Unidad Exterior.<\/li>\n<\/ul>\n<p><strong>Resumen de Caracter\u00edsticas Adicionales:<\/strong><\/p>\n<ul>\n<li>Generador de iones de serie.<\/li>\n<li>Dise\u00f1o moderno y elegante en la Unidad Interior.<\/li>\n<li>Refrigerante ecol\u00f3gico R32.<\/li>\n<li>Equipado con tecnolog\u00eda Inverter DC.<\/li>\n<li>Reducido nivel sonoro en ambas unidades.<\/li>\n<li>Reset autom\u00e1tico en caso de fallo de corriente.<\/li>\n<li>Funciones adicionales como modo nocturno y autodiagn\u00f3stico.<\/li>\n<\/ul>\n<p><strong>Programaci\u00f3n y Operaci\u00f3n:<\/strong><\/p>\n<ul>\n<li>Programaci\u00f3n diaria ON-OFF.<\/li>\n<\/ul>\n<p>La gama GIADA ofrece eficiencia, conectividad, y un ambiente m\u00e1s saludable con sus avanzadas caracter\u00edsticas.<\/p>\n<\/div>\n","protected":false},"excerpt":{"rendered":"<p><span style=\"color: #ff0000;\"><strong>Instalaci\u00f3n b\u00e1sica (hasta 3 metros sin canaleta) incluida en el precio.<\/strong><\/span><\/p>\n<p><a href=\"https:\/\/www.ferroli.com\/media\/ficha-tecnica-giada-s.pdf\"><strong>Ver ficha t\u00e9cnica<\/strong><\/a><\/p>\n","protected":false},"featured_media":214637,"comment_status":"open","ping_status":"closed","template":"","meta":{"_joinchat":[]},"product_cat":[6573,6574,7066,3301],"product_tag":[],"class_list":{"0":"post-214636","1":"product","2":"type-product","3":"status-publish","4":"has-post-thumbnail","6":"product_cat-aires-acondicionados","7":"product_cat-split-aires-acondicionados","8":"product_cat-2000-3000-4500-frigorias","9":"product_cat-climatizacion-y-calefaccion","10":"pa_marca-ferroli","12":"first","13":"instock","14":"taxable","15":"shipping-taxable","16":"purchasable","17":"product-type-simple"},"_links":{"self":[{"href":"https:\/\/desdropi.com\/elparque\/wp-json\/wp\/v2\/product\/214636"}],"collection":[{"href":"https:\/\/desdropi.com\/elparque\/wp-json\/wp\/v2\/product"}],"about":[{"href":"https:\/\/desdropi.com\/elparque\/wp-json\/wp\/v2\/types\/product"}],"replies":[{"embeddable":true,"href":"https:\/\/desdropi.com\/elparque\/wp-json\/wp\/v2\/comments?post=214636"}],"version-history":[{"count":0,"href":"https:\/\/desdropi.com\/elparque\/wp-json\/wp\/v2\/product\/214636\/revisions"}],"wp:featuredmedia":[{"embeddable":true,"href":"https:\/\/desdropi.com\/elparque\/wp-json\/wp\/v2\/media\/214637"}],"wp:attachment":[{"href":"https:\/\/desdropi.com\/elparque\/wp-json\/wp\/v2\/media?parent=214636"}],"wp:term":[{"taxonomy":"product_cat","embeddable":true,"href":"https:\/\/desdropi.com\/elparque\/wp-json\/wp\/v2\/product_cat?post=214636"},{"taxonomy":"product_tag","embeddable":true,"href":"https:\/\/desdropi.com\/elparque\/wp-json\/wp\/v2\/product_tag?post=214636"}],"curies":[{"name":"wp","href":"https:\/\/api.w.org\/{rel}","templated":true}]}}