{"id":214719,"date":"2024-02-22T23:28:02","date_gmt":"2024-02-22T22:28:02","guid":{"rendered":"https:\/\/desdropi.com\/elparque\/ventilador-techo-westinghouse-72140-bendan-132cm-m-d-blanco\/"},"modified":"2024-04-07T23:28:21","modified_gmt":"2024-04-07T21:28:21","slug":"ventilador-techo-westinghouse-72140-bendan-132cm-m-d-blanco","status":"publish","type":"product","link":"https:\/\/desdropi.com\/elparque\/ventilador-techo-westinghouse-72140-bendan-132cm-m-d-blanco\/","title":{"rendered":"VENTILADOR TECHO WESTINGHOUSE 72140 BENDAN 132cm M.D BLANCO"},"content":{"rendered":"<div class=\"descripcion-tab\">\n<ul>\n<li><strong>ventilador 72060 Windsquare:<\/strong>El modelo 72060 Windsquare es sin duda el ventilador de techo m\u00e1s popular. Dise\u00f1ado especialmente para techos empotrados donde un ventilador convencional no funcionar\u00eda. Encaja en un techo suspendido est\u00e1ndar de 60 x 60, con un inserto de marco para adaptarse a aplicaciones de rejilla de techos m\u00e1s grandes.<\/li>\n<\/ul>\n<p><strong>Descripci\u00f3n:<\/strong><\/p>\n<ul>\n<li>entilador de techo dise\u00f1ador especialmente para techos falsos.<\/li>\n<li>Interruptor regulable que permite un enfriamiento y un control de flujo de aire direccional de 360 grados.<\/li>\n<li>Tres velocidades (baja, media y alta).<\/li>\n<li>Incluye mando a distancia, soporte de pared y pantalla LED.<\/li>\n<li>Temporizador programable con configuraciones de 2, 4 y 6 horas.<\/li>\n<li>Ideal para uso comercial y residencial &#8211; as\u00ed como s\u00f3tanos, oficinas y salas de reuniones.<\/li>\n<li>Potencia de 52\/44\/39.<\/li>\n<li>Caudal m\u00e1ximo de aire &#8211; 99 m3\/min.<\/li>\n<li>Nivel de ruido &#8211; 62 dB(A)<\/li>\n<li>Voltaje &#8211; 230V \/ 50Hz.<\/li>\n<li>La parrilla con rotaci\u00f3n en el sentido de las agujas del reloj y en sentido contrario proporciona m\u00e1xima refrigeraci\u00f3n y una circulaci\u00f3n uniforme del aire<\/li>\n<\/ul>\n<\/div>\n","protected":false},"excerpt":{"rendered":"<p>ventilador 72060 Windsquare:El modelo 72060 Windsquare es sin duda el ventilador de techo m\u00e1s popular. Dise\u00f1ado especialmente para techos empotrados<\/p>\n","protected":false},"featured_media":214720,"comment_status":"open","ping_status":"open","template":"","meta":{"_joinchat":[]},"product_cat":[6575,3301,5440],"product_tag":[],"class_list":{"0":"post-214719","1":"product","2":"type-product","3":"status-publish","4":"has-post-thumbnail","6":"product_cat-de-techo","7":"product_cat-climatizacion-y-calefaccion","8":"product_cat-ventiladores","9":"pa_marca-westinghouse","10":"pa_potenica-80w","12":"first","13":"instock","14":"taxable","15":"shipping-taxable","16":"purchasable","17":"product-type-simple"},"_links":{"self":[{"href":"https:\/\/desdropi.com\/elparque\/wp-json\/wp\/v2\/product\/214719"}],"collection":[{"href":"https:\/\/desdropi.com\/elparque\/wp-json\/wp\/v2\/product"}],"about":[{"href":"https:\/\/desdropi.com\/elparque\/wp-json\/wp\/v2\/types\/product"}],"replies":[{"embeddable":true,"href":"https:\/\/desdropi.com\/elparque\/wp-json\/wp\/v2\/comments?post=214719"}],"version-history":[{"count":0,"href":"https:\/\/desdropi.com\/elparque\/wp-json\/wp\/v2\/product\/214719\/revisions"}],"wp:featuredmedia":[{"embeddable":true,"href":"https:\/\/desdropi.com\/elparque\/wp-json\/wp\/v2\/media\/214720"}],"wp:attachment":[{"href":"https:\/\/desdropi.com\/elparque\/wp-json\/wp\/v2\/media?parent=214719"}],"wp:term":[{"taxonomy":"product_cat","embeddable":true,"href":"https:\/\/desdropi.com\/elparque\/wp-json\/wp\/v2\/product_cat?post=214719"},{"taxonomy":"product_tag","embeddable":true,"href":"https:\/\/desdropi.com\/elparque\/wp-json\/wp\/v2\/product_tag?post=214719"}],"curies":[{"name":"wp","href":"https:\/\/api.w.org\/{rel}","templated":true}]}}