{"id":214721,"date":"2024-02-22T23:28:02","date_gmt":"2024-02-22T22:28:02","guid":{"rendered":"https:\/\/desdropi.com\/elparque\/ventilador-techo-westinghouse-72220-bendan-132cm-m-d-gris\/"},"modified":"2024-04-07T23:28:23","modified_gmt":"2024-04-07T21:28:23","slug":"ventilador-techo-westinghouse-72220-bendan-132cm-m-d-gris","status":"publish","type":"product","link":"https:\/\/desdropi.com\/elparque\/ventilador-techo-westinghouse-72220-bendan-132cm-m-d-gris\/","title":{"rendered":"VENTILADOR TECHO WESTINGHOUSE 72220 BENDAN 132cm M.D GRIS"},"content":{"rendered":"<div class=\"descripcion-tab\">\n<ul>\n<li><strong>Ventilador Bendan Westinghouse:<\/strong>El modelo 72220 Bendan de Westinghouse Lighting agrega un valor de dise\u00f1o moderno, con un elegante acabado en cromo satinado y aspas de madera contrachapada de wengu\u00e9 curvadas y c\u00f3nicas. Adem\u00e1s, este ventilador de techo incorpora una l\u00e1mpara de vidrio esmerilado opal de una sola luz que aporta una iluminaci\u00f3n suave. \u00a1Ideal para cualquier habitaci\u00f3n grande!<\/li>\n<\/ul>\n<p><strong>Descripci\u00f3n:<\/strong><\/p>\n<ul>\n<li>Ventilador de techo interior de 132cm.<\/li>\n<li>Luz con vidrio esmerelilado opalino.<\/li>\n<li>Cuerpo de metal en acabado en como satinado y 5 aspas en plata.<\/li>\n<li>Motor de acero al silicio de 153 x 17 mil\u00edmetros con condensador doble para una circulaci\u00f3n de aire potente y silenciosa<\/li>\n<li>Tres velocidades de ventilador (alta\/media\/baja).<\/li>\n<li>Interruptor reversible &#8211; mantiene el aire fresco en verano al girar las aspas en sentido contrario a las agujas del reloj, y recircula el aire caliente y elimina los puntos fr\u00edos en el invierno al girar las aspas al girar las aspas en el sentido inverso.<\/li>\n<li>Mando a distancia con bater\u00eda incluida<\/li>\n<li>Flujo de aire &#8211; 4739 cfm<\/li>\n<li>Consumo de energ\u00eda &#8211; 56w (sin luz)<\/li>\n<li>Eficiencia de flujo de aire &#8211; 79cfm por vatio.<\/li>\n<li>Tipo de bombilla &#8211; Hal\u00f3gena de casquillo R7s 80w.Ideal para habitaciones de hasta 36m2, con techos est\u00e1ndar de 2,4m.<\/li>\n<\/ul>\n<\/div>\n","protected":false},"excerpt":{"rendered":"<p>Ventilador Bendan Westinghouse:El modelo 72220 Bendan de Westinghouse Lighting agrega un valor de dise\u00f1o moderno, con un elegante acabado en<\/p>\n","protected":false},"featured_media":214722,"comment_status":"open","ping_status":"open","template":"","meta":{"_joinchat":[]},"product_cat":[6575,3301,5440],"product_tag":[],"class_list":{"0":"post-214721","1":"product","2":"type-product","3":"status-publish","4":"has-post-thumbnail","6":"product_cat-de-techo","7":"product_cat-climatizacion-y-calefaccion","8":"product_cat-ventiladores","9":"pa_marca-westinghouse","10":"pa_potenica-80w","12":"first","13":"instock","14":"taxable","15":"shipping-taxable","16":"purchasable","17":"product-type-simple"},"_links":{"self":[{"href":"https:\/\/desdropi.com\/elparque\/wp-json\/wp\/v2\/product\/214721"}],"collection":[{"href":"https:\/\/desdropi.com\/elparque\/wp-json\/wp\/v2\/product"}],"about":[{"href":"https:\/\/desdropi.com\/elparque\/wp-json\/wp\/v2\/types\/product"}],"replies":[{"embeddable":true,"href":"https:\/\/desdropi.com\/elparque\/wp-json\/wp\/v2\/comments?post=214721"}],"version-history":[{"count":0,"href":"https:\/\/desdropi.com\/elparque\/wp-json\/wp\/v2\/product\/214721\/revisions"}],"wp:featuredmedia":[{"embeddable":true,"href":"https:\/\/desdropi.com\/elparque\/wp-json\/wp\/v2\/media\/214722"}],"wp:attachment":[{"href":"https:\/\/desdropi.com\/elparque\/wp-json\/wp\/v2\/media?parent=214721"}],"wp:term":[{"taxonomy":"product_cat","embeddable":true,"href":"https:\/\/desdropi.com\/elparque\/wp-json\/wp\/v2\/product_cat?post=214721"},{"taxonomy":"product_tag","embeddable":true,"href":"https:\/\/desdropi.com\/elparque\/wp-json\/wp\/v2\/product_tag?post=214721"}],"curies":[{"name":"wp","href":"https:\/\/api.w.org\/{rel}","templated":true}]}}