{"id":214724,"date":"2024-02-22T23:28:48","date_gmt":"2024-02-22T22:28:48","guid":{"rendered":"https:\/\/desdropi.com\/elparque\/television-telefunken-55-55dtu644-uhd-stv-wifi-244121\/"},"modified":"2024-04-07T23:29:09","modified_gmt":"2024-04-07T21:29:09","slug":"television-telefunken-55-55dtu644-uhd-stv-wifi-244121","status":"publish","type":"product","link":"https:\/\/desdropi.com\/elparque\/television-telefunken-55-55dtu644-uhd-stv-wifi-244121\/","title":{"rendered":"TELEVISION TELEFUNKEN 55&#8243; 55DTU644 UHD STV WIFI 244121"},"content":{"rendered":"<div class=\"descripcion-tab\">\n<ul>\n<li><strong>El Telefunken 55&#8243; 43DTAF524:<\/strong>.Lo primero que debemos tener en cuenta es que hablamos de la versi\u00f3n de 55 pulgadas que resulta ser ideal para habitaciones medianas o grandes. Lo mejor ser\u00e1 adquirir el soporte VESA y colocarlo directamente en la pared para una mejor integraci\u00f3n.<\/li>\n<li><strong>Calidad de imagen:<\/strong>Para empezar, un televisor de 55 pulgadas aprovecha bastante bien la resoluci\u00f3n Full HD, as\u00ed que, tendremos unas im\u00e1genes con buenos detalles.<\/li>\n<\/ul>\n<div class=\"descripcion-tab\">\n<ul>\n<li>Marca &#8211; TELEFUNKEN<\/li>\n<li>Modelo &#8211; TV TELEFUNKEN 55&#8243; 55DTU644 UHD STV WIFI<\/li>\n<li>Resoluci\u00f3n de la pantalla &#8211; 3840 x 2160<\/li>\n<li>Relaci\u00f3n de luminosidad m\u00e1xima &#8211; 500 nits<\/li>\n<li>Tecnolog\u00eda del panel &#8211; LED<\/li>\n<li>Resoluci\u00f3n &#8211; 4K Ultra HD<\/li>\n<li>Pulgadas &#8211; 55&#8243;<\/li>\n<li>Clase de eficiencia de energ\u00eda &#8211; E<\/li>\n<li>Smart TV<\/li>\n<li>Forma de la pantalla &#8211; Plana<\/li>\n<\/ul>\n<p><strong>Audio:<\/strong><\/p>\n<ul>\n<li>N\u00famero de altavoces &#8211; 2<\/li>\n<li>Potencia estimada RMS &#8211; 20 W<\/li>\n<li>Decodificadores incorporados &#8211; Dolby Digital<\/li>\n<li>Ecualizador &#8211; 5 Bandas<\/li>\n<\/ul>\n<p><strong>Puertos e Interfaces:<\/strong><\/p>\n<ul>\n<li>Ethernet LAN (RJ-45) cantidad de puertos &#8211; 1<\/li>\n<li>N\u00famero de puertos HDMI &#8211; 2<\/li>\n<li>Cantidad de puertos USB 2.0 &#8211; 2<\/li>\n<li>Interfaz com\u00fan Plus (CI+)<\/li>\n<li>Cantidad de puertos VGA (D-Sub) &#8211; 1<\/li>\n<\/ul>\n<p><strong>Peso y dimensiones:<\/strong><\/p>\n<ul>\n<li>Altura &#8211; 723 mm<\/li>\n<li>Altura del dispositivo (con soporte) &#8211; 753 mm<\/li>\n<li>Ancho &#8211; 1242 mm<\/li>\n<li>Profundidad dispositivo (con soporte) &#8211; 240 mm<\/li>\n<li>Profundidad &#8211; 82 mm<\/li>\n<\/ul>\n<p><strong>Empaquetado:<\/strong><\/p>\n<ul>\n<li>Cables incluidos &#8211; Corriente alterna<\/li>\n<li>Mando a distancia<\/li>\n<\/ul>\n<p><strong>Dise\u00f1o:<\/strong><\/p>\n<ul>\n<li>montaje VESA<\/li>\n<li>Color del producto &#8211; Negro<\/li>\n<li>Interfaz de panel de montaje &#8211; 100 x 100 mm<\/li>\n<\/ul>\n<p><strong>Desempe\u00f1o:<\/strong><\/p>\n<ul>\n<li>Grabaci\u00f3n USB<\/li>\n<li>High Dynamic Range (HDR) technology &#8211; HDR10<\/li>\n<li>Funciona con Amazon Alexa<\/li>\n<li>Dolby Vision<\/li>\n<\/ul>\n<p><strong>Smart TV:<\/strong><\/p>\n<ul>\n<li>Aplicaciones de v\u00eddeo &#8211; YouTube, NettFlix, Amazon Prime<\/li>\n<li>Hybrid Broadcast Broadband TV (HbbTV) version &#8211; 2.0<\/li>\n<li>Sistema operativo instalado &#8211; Telefunken Smart Center<\/li>\n<\/ul>\n<p><strong>Conexi\u00f3n:<\/strong><\/p>\n<ul>\n<li>Wifi<\/li>\n<li>Ethernet<\/li>\n<\/ul>\n","protected":false},"excerpt":{"rendered":"<p>El Telefunken 55&#8243; 43DTAF524:.Lo primero que debemos tener en cuenta es que hablamos de la versi\u00f3n de 55 pulgadas que<\/p>\n","protected":false},"featured_media":133599,"comment_status":"open","ping_status":"open","template":"","meta":{"_joinchat":[]},"product_cat":[6464,7144,795],"product_tag":[],"class_list":{"0":"post-214724","1":"product","2":"type-product","3":"status-publish","4":"has-post-thumbnail","6":"product_cat-televisores-electronica","7":"product_cat-uhd-4k","8":"product_cat-electronica","9":"pa_marca-telefunken","11":"first","12":"instock","13":"taxable","14":"shipping-taxable","15":"purchasable","16":"product-type-simple"},"_links":{"self":[{"href":"https:\/\/desdropi.com\/elparque\/wp-json\/wp\/v2\/product\/214724"}],"collection":[{"href":"https:\/\/desdropi.com\/elparque\/wp-json\/wp\/v2\/product"}],"about":[{"href":"https:\/\/desdropi.com\/elparque\/wp-json\/wp\/v2\/types\/product"}],"replies":[{"embeddable":true,"href":"https:\/\/desdropi.com\/elparque\/wp-json\/wp\/v2\/comments?post=214724"}],"version-history":[{"count":0,"href":"https:\/\/desdropi.com\/elparque\/wp-json\/wp\/v2\/product\/214724\/revisions"}],"wp:featuredmedia":[{"embeddable":true,"href":"https:\/\/desdropi.com\/elparque\/wp-json\/wp\/v2\/media\/133599"}],"wp:attachment":[{"href":"https:\/\/desdropi.com\/elparque\/wp-json\/wp\/v2\/media?parent=214724"}],"wp:term":[{"taxonomy":"product_cat","embeddable":true,"href":"https:\/\/desdropi.com\/elparque\/wp-json\/wp\/v2\/product_cat?post=214724"},{"taxonomy":"product_tag","embeddable":true,"href":"https:\/\/desdropi.com\/elparque\/wp-json\/wp\/v2\/product_tag?post=214724"}],"curies":[{"name":"wp","href":"https:\/\/api.w.org\/{rel}","templated":true}]}}