{"id":214743,"date":"2024-02-22T23:36:26","date_gmt":"2024-02-22T22:36:26","guid":{"rendered":"https:\/\/desdropi.com\/elparque\/lavadora-new-pol-nwt0810lx-8kg-1000rpm-inox\/"},"modified":"2024-04-16T19:37:11","modified_gmt":"2024-04-16T17:37:11","slug":"lavadora-new-pol-nwt0810lx-8kg-1000rpm-inox","status":"publish","type":"product","link":"https:\/\/desdropi.com\/elparque\/lavadora-new-pol-nwt0810lx-8kg-1000rpm-inox\/","title":{"rendered":"LAVADORA NEW POL NWT0810LX 8KG 1000RPM INOX"},"content":{"rendered":"<div class=\"descripcion-tab\">\n<strong>Caracter\u00edsticas principales:<\/strong><\/p>\n<ul>\n<li>Capacidad de carga: 8 kg<\/li>\n<li>Revoluciones: 1000 rpm<\/li>\n<li>Color: Dark Silver<\/li>\n<li>Etiqueta energ\u00e9tica: D<\/li>\n<li>Consumo de agua: 48 litros\/ciclo<\/li>\n<li>Consumo de energ\u00eda: 73 kWh\/100 ciclos<\/li>\n<li>Nivel de ruido: 58 dB<\/li>\n<li>Tipo de motor: AC<\/li>\n<li>Dimensiones (Alto x Ancho x Fondo): 84,5 x 59,7 x 52,7 cm<\/li>\n<li>Peso: 62,5 kg<\/li>\n<\/ul>\n<p><strong>Destacados:<\/strong><\/p>\n<ul>\n<li>Programa 60&#8242;: lavado en 60 minutos a 30, 40, 50, 60\u00baC o en fr\u00edo.<\/li>\n<li>Anti Allergic: programa antial\u00e9rgico especial para ropa de beb\u00e9.<\/li>\n<li>Eco-Logic System: detecci\u00f3n de carga autom\u00e1tica variable para reducir el consumo de energ\u00eda.<\/li>\n<li>Delay Timer: permite postergar el inicio del programa entre 1 y 23 horas.<\/li>\n<li>Child Lock: bloqueo del panel de mandos durante el funcionamiento.<\/li>\n<li>Programa 15&#8242;: lavado r\u00e1pido en 15 minutos a 30\u00baC o en fr\u00edo.<\/li>\n<\/ul>\n<p><strong>Programas y Funciones:<\/strong><\/p>\n<ul>\n<li>R\u00e1pido 15&#8242;<\/li>\n<li>R\u00e1pido 60&#8242;<\/li>\n<li>Prendas Oscuras<\/li>\n<li>Mixto<\/li>\n<li>Sint\u00e9ticos<\/li>\n<li>Lavado a Mano\/Delicado<\/li>\n<li>Centrifugado<\/li>\n<li>Antial\u00e9rgico<\/li>\n<li>Aclarado<\/li>\n<li>Lana<\/li>\n<li>Multi Color<\/li>\n<li>Algod\u00f3n 20\u00baC<\/li>\n<li>Algod\u00f3n Prelavado<\/li>\n<li>Eco 40-60<\/li>\n<li>Algod\u00f3n<\/li>\n<\/ul>\n<p><em>La duraci\u00f3n de los programas puede variar seg\u00fan las condiciones espec\u00edficas de uso.<\/em>\n<\/div>\n","protected":false},"excerpt":{"rendered":"<p><a href=\"https:\/\/eprel.ec.europa.eu\/labels\/washingmachines2019\/Label_356666.pdf\" target=\"_blank\" rel=\"noopener\"><img decoding=\"async\" class=\"alignnone wp-image-205373 size-full\" src=\"https:\/\/desdropi.com\/elparque\/wp-content\/uploads\/eficiencia-D.png\" alt=\"\" width=\"56\" height=\"33\" \/><\/a><\/p>\n<p><a href=\"https:\/\/eprel.ec.europa.eu\/informationsheet\/Fiche_356666_ES.pdf\" target=\"_blank\" rel=\"noopener\">Ficha de informaci\u00f3n de producto<\/a><\/p>\n","protected":false},"featured_media":150787,"comment_status":"open","ping_status":"closed","template":"","meta":{"_joinchat":[]},"product_cat":[6444,6443,780],"product_tag":[],"class_list":{"0":"post-214743","1":"product","2":"type-product","3":"status-publish","4":"has-post-thumbnail","6":"product_cat-carga-frontal-lavadoras","7":"product_cat-lavadoras","8":"product_cat-gran-electrodomestico","9":"pa_marca-new-pol","11":"first","12":"instock","13":"taxable","14":"shipping-taxable","15":"purchasable","16":"product-type-simple"},"_links":{"self":[{"href":"https:\/\/desdropi.com\/elparque\/wp-json\/wp\/v2\/product\/214743"}],"collection":[{"href":"https:\/\/desdropi.com\/elparque\/wp-json\/wp\/v2\/product"}],"about":[{"href":"https:\/\/desdropi.com\/elparque\/wp-json\/wp\/v2\/types\/product"}],"replies":[{"embeddable":true,"href":"https:\/\/desdropi.com\/elparque\/wp-json\/wp\/v2\/comments?post=214743"}],"version-history":[{"count":0,"href":"https:\/\/desdropi.com\/elparque\/wp-json\/wp\/v2\/product\/214743\/revisions"}],"wp:featuredmedia":[{"embeddable":true,"href":"https:\/\/desdropi.com\/elparque\/wp-json\/wp\/v2\/media\/150787"}],"wp:attachment":[{"href":"https:\/\/desdropi.com\/elparque\/wp-json\/wp\/v2\/media?parent=214743"}],"wp:term":[{"taxonomy":"product_cat","embeddable":true,"href":"https:\/\/desdropi.com\/elparque\/wp-json\/wp\/v2\/product_cat?post=214743"},{"taxonomy":"product_tag","embeddable":true,"href":"https:\/\/desdropi.com\/elparque\/wp-json\/wp\/v2\/product_tag?post=214743"}],"curies":[{"name":"wp","href":"https:\/\/api.w.org\/{rel}","templated":true}]}}