{"id":214756,"date":"2024-02-22T23:42:27","date_gmt":"2024-02-22T22:42:27","guid":{"rendered":"https:\/\/desdropi.com\/elparque\/ventilador-torre-cecotec-05920-890-skyline-m-d-negro\/"},"modified":"2025-04-14T09:30:48","modified_gmt":"2025-04-14T07:30:48","slug":"ventilador-torre-cecotec-05920-890-skyline-m-d-negro","status":"publish","type":"product","link":"https:\/\/desdropi.com\/elparque\/ventilador-torre-cecotec-05920-890-skyline-m-d-negro\/","title":{"rendered":"VENTILADOR TORRE CECOTEC 05920 890 SKYLINE M\/D NEGRO"},"content":{"rendered":"<div class=\"descripcion-tab\">\n<ul>\n<li><strong>EnergySilence 890 Skyline:<\/strong>Ventilador de torre silencioso con mando a distancia. Oscilante. Silencioso. Gran potencia. 3 modos. 3 velocidades. Temporizador. Mando a distancia.<\/li>\n<\/ul>\n<p><strong>Descripci\u00f3n:<\/strong><\/p>\n<ul>\n<li>ForceSilence Technology &#8211; consigue una profunda sensaci\u00f3n de aire fresco al instante con el m\u00e1ximo silencio y confort.<\/li>\n<li>SmartControl &#8211; control remoto inteligente y manejo f\u00e1cil e intuitivo gracias a su mando a distancia y a su pantalla LCD.<\/li>\n<li>TotalControl 3 &#8211; el ventilador dispone de 3 modos de generaci\u00f3n de aire.<\/li>\n<li>Modo BRISA &#8211; disfruta del m\u00e1ximo frescor sin renunciar al silencio.<\/li>\n<li>Modo ECO &#8211; mant\u00e9n fresco tu hogar y ahorra energ\u00eda y dinero en tu factura el\u00e9ctrica.<\/li>\n<li>Modo NOCHE &#8211; pensado para que puedas disfrutar de un sue\u00f1o reparador en total calma.<\/li>\n<li>CopperEngine &#8211; exclusivo motor 100 % de cobre de alta eficiencia, fiable y de m\u00e1xima durabilidad. Sistema de seguridad TermoSafe que alarga la vida \u00fatil del ventilador y evita incidencias y aver\u00edas no deseadas.<\/li>\n<li>3Speed Function &#8211; podr\u00e1s elegir entre 3 velocidades de funcionamiento para adecuar la intensidad del caudal de aire a tus necesidades.<\/li>\n<li>CoolTimer &#8211; dispone de temporizador programable hasta 7,5 horas, transcurridas las cuales el ventilador se apaga de forma autom\u00e1tica, para proporcionarte la m\u00e1xima comodidad durante su uso y ahorrar energ\u00eda.<\/li>\n<li>RotateWind &#8211; el producto oscila para proporcionar un mayor \u00e1ngulo de aireaci\u00f3n y ofrecer una amplia zona de frescor.<\/li>\n<li>ElegantDesign &#8211; dispone de un dise\u00f1o cuidado con l\u00edneas elegantes para adaptarse a la decoraci\u00f3n de tu hogar, adem\u00e1s, es ajustable y ligero para facilitar su transporte y almacenaje.<\/li>\n<li>Health &#038; Safety &#8211; el ventilador cumple con la normativa vigente en cuanto a seguridad y protecci\u00f3n del medio ambiente, para que cuides de los tuyos y de tu entorno.<\/li>\n<li>Easy to move &#8211; f\u00e1cil de transportar y almacenar gracias a su asa de transporte.<\/li>\n<\/ul>\n<p><strong>Composic\u00f3n:<\/strong><\/p>\n<ul>\n<li>Ventilador de torre EnergySilence 890 Skyline.<\/li>\n<li>Mando a distancia.<\/li>\n<li>Manual de instrucciones.<\/li>\n<\/ul>\n<\/div>\n","protected":false},"excerpt":{"rendered":"<p>EnergySilence 890 Skyline:Ventilador de torre silencioso con mando a distancia. Oscilante. Silencioso. Gran potencia. 3 modos. 3 velocidades. Temporizador. Mando<\/p>\n","protected":false},"featured_media":214757,"comment_status":"open","ping_status":"open","template":"","meta":{"_joinchat":[]},"product_cat":[6579,3301,5440],"product_tag":[],"class_list":{"0":"post-214756","1":"product","2":"type-product","3":"status-publish","4":"has-post-thumbnail","6":"product_cat-de-torre","7":"product_cat-climatizacion-y-calefaccion","8":"product_cat-ventiladores","9":"pa_marca-cecotec-clima","11":"first","12":"instock","13":"taxable","14":"shipping-taxable","15":"purchasable","16":"product-type-simple"},"_links":{"self":[{"href":"https:\/\/desdropi.com\/elparque\/wp-json\/wp\/v2\/product\/214756"}],"collection":[{"href":"https:\/\/desdropi.com\/elparque\/wp-json\/wp\/v2\/product"}],"about":[{"href":"https:\/\/desdropi.com\/elparque\/wp-json\/wp\/v2\/types\/product"}],"replies":[{"embeddable":true,"href":"https:\/\/desdropi.com\/elparque\/wp-json\/wp\/v2\/comments?post=214756"}],"version-history":[{"count":1,"href":"https:\/\/desdropi.com\/elparque\/wp-json\/wp\/v2\/product\/214756\/revisions"}],"predecessor-version":[{"id":224692,"href":"https:\/\/desdropi.com\/elparque\/wp-json\/wp\/v2\/product\/214756\/revisions\/224692"}],"wp:featuredmedia":[{"embeddable":true,"href":"https:\/\/desdropi.com\/elparque\/wp-json\/wp\/v2\/media\/214757"}],"wp:attachment":[{"href":"https:\/\/desdropi.com\/elparque\/wp-json\/wp\/v2\/media?parent=214756"}],"wp:term":[{"taxonomy":"product_cat","embeddable":true,"href":"https:\/\/desdropi.com\/elparque\/wp-json\/wp\/v2\/product_cat?post=214756"},{"taxonomy":"product_tag","embeddable":true,"href":"https:\/\/desdropi.com\/elparque\/wp-json\/wp\/v2\/product_tag?post=214756"}],"curies":[{"name":"wp","href":"https:\/\/api.w.org\/{rel}","templated":true}]}}