{"id":214773,"date":"2024-02-22T23:46:43","date_gmt":"2024-02-22T22:46:43","guid":{"rendered":"https:\/\/desdropi.com\/elparque\/television-xiaomi-43-mi-p1e-l43m7-uhd-android-bt-2g-8g\/"},"modified":"2024-04-07T23:47:05","modified_gmt":"2024-04-07T21:47:05","slug":"television-xiaomi-43-mi-p1e-l43m7-uhd-android-bt-2g-8g","status":"publish","type":"product","link":"https:\/\/desdropi.com\/elparque\/television-xiaomi-43-mi-p1e-l43m7-uhd-android-bt-2g-8g\/","title":{"rendered":"TELEVISION XIAOMI 43&#8243; MI P1E L43M7 UHD ANDROID BT 2G\/8G"},"content":{"rendered":"<div class=\"descripcion-tab\"><strong>Exhibici\u00f3n<\/strong><\/p>\n<ul>\n<li>Relaci\u00f3n de aspecto nativa &#8211; 16:9<\/li>\n<li>Formato de pantalla, ajustes &#8211; 4:3,16:9<\/li>\n<li>Formato de v\u00eddeo soportado &#8211; 1080p,1440p,2160p<\/li>\n<li>Formatos gr\u00e1ficos soportados &#8211; 1920 x 1080 (HD 1080),2560 x 1440,3840 x 2160<\/li>\n<li>Brillo de pantalla &#8211; 270<\/li>\n<li>Frecuencia nativa de refresco &#8211; 60<\/li>\n<li>\u00c1ngulo de visi\u00f3n, horizontal &#8211; 178<\/li>\n<li>\u00c1ngulo de visi\u00f3n, vertical &#8211; 178<\/li>\n<li>Resoluci\u00f3n &#8211; 4K Ultra HD<\/li>\n<li>Pulgadas &#8211; 43&#8243;<\/li>\n<li>Resoluci\u00f3n de la pantalla &#8211; 3840 x 2160<\/li>\n<li>Tecnolog\u00eda del panel &#8211; LED<\/li>\n<li>Forma de la pantalla &#8211; Plana<\/li>\n<\/ul>\n<p><strong>Audio<\/strong><\/p>\n<ul>\n<li>N\u00famero de altavoces &#8211; 2<\/li>\n<li>Potencia estimada RMS &#8211; 20<\/li>\n<li>Decodificadores incorporados &#8211; DTS<\/li>\n<li>Tecnolog\u00edas de decodificaci\u00f3n de audio &#8211; DTS-HD<\/li>\n<\/ul>\n<p><strong>Puertos e Interfaces<\/strong><\/p>\n<ul>\n<li>N\u00famero de puertos HDMI &#8211; 3<\/li>\n<li>PC (D-Sub) &#8211; S\u00ed<\/li>\n<li>Canal de retorno de audio (ARC) &#8211; S\u00ed<\/li>\n<li>Cantidad de puertos USB 2.0 &#8211; 2<\/li>\n<li>Ethernet LAN (RJ-45) cantidad de puertos &#8211; 1<\/li>\n<li>Audio digital, salida optica &#8211; 1<\/li>\n<li>Salidas para auriculares &#8211; 1<\/li>\n<li>Interfaz com\u00fan &#8211; S\u00ed<\/li>\n<li>Entrada de video compuesto &#8211; 1<\/li>\n<li>Entrada de CA &#8211; S\u00ed<\/li>\n<\/ul>\n<p><strong>Peso y dimensiones<\/strong><\/p>\n<ul>\n<li>Ancho del dispositivo (con soporte) &#8211; 962<\/li>\n<li>Altura del dispositivo (con soporte) &#8211; 625<\/li>\n<li>Profundidad dispositivo (con soporte) &#8211; 205<\/li>\n<li>Peso (con soporte) &#8211; 7,4<\/li>\n<li>Ancho (sin base) &#8211; 96,2<\/li>\n<li>Profundidad (sin base) &#8211; 8,5<\/li>\n<li>Altura (sin base) &#8211; 55,6<\/li>\n<li>Peso (sin base) &#8211; 7,3<\/li>\n<\/ul>\n<p><strong>Control de energ\u00eda<\/strong><\/p>\n<ul>\n<li>Consumo energ\u00e9tico &#8211; 105<\/li>\n<li>Voltaje de entrada AC &#8211; 100 &#8211; 240<\/li>\n<li>Frecuencia de entrada AC &#8211; 50\/60<\/li>\n<\/ul>\n<p><strong>Condiciones ambientales<\/strong><\/p>\n<ul>\n<li>Intervalo de temperatura operativa &#8211; 0 &#8211; 40<\/li>\n<\/ul>\n<p><strong>Empaquetado<\/strong><\/p>\n<ul>\n<li>Soporte de sobremesa &#8211; S\u00ed<\/li>\n<li>Mando a distancia incluido &#8211; S\u00ed<\/li>\n<li>Ancho del paquete &#8211; 1070<\/li>\n<li>Peso del paquete &#8211; 9,8<\/li>\n<li>Profundidad del paquete &#8211; 140<\/li>\n<li>Tipo de embalaje &#8211; Caja<\/li>\n<li>Altura del paquete &#8211; 650<\/li>\n<\/ul>\n<p><strong>Sintonizador de la TV<\/strong><\/p>\n<ul>\n<li>Tipo de sintonizador &#8211; Digital<\/li>\n<li>Autobusqueda de canal &#8211; S\u00ed<\/li>\n<li>Formato de se\u00f1al digital &#8211; DVB-C, DVB-S2, DVB-T2<\/li>\n<\/ul>\n<p><strong>Caracter\u00edsticas de administraci\u00f3n<\/strong><\/p>\n<ul>\n<li>Exhibici\u00f3n en pantalla (OSD) &#8211; S\u00ed<\/li>\n<\/ul>\n<p><strong>Dise\u00f1o<\/strong><\/p>\n<ul>\n<li>Color del producto &#8211; Negro<\/li>\n<li>montaje VESA &#8211; S\u00ed<\/li>\n<li>Interfaz de panel de montaje &#8211; 200 x 200<\/li>\n<li>Material de la carcasa &#8211; Pl\u00e1stico<\/li>\n<li>Color del soporte &#8211; Negro<\/li>\n<\/ul>\n<p><strong>Desempe\u00f1o<\/strong><\/p>\n<ul>\n<li>Alto Rango Din\u00e1mico (HDR) &#8211; S\u00ed<\/li>\n<li>High Dynamic Range (HDR) technology &#8211; High Dynamic Range 10 (HDR10),Hybrid Log-Gamma (HLG)<\/li>\n<li>Formatos de v\u00eddeo compatibles &#8211; AVI,H.263,H.264,H.265,M-JPEG,MPEG1,MPEG2,VP8,VP9<\/li>\n<li>Formatos de audio soportados &#8211; AAC,AC4,DTS,FLAC,MP1,MP2,OGG<\/li>\n<li>Formatos de imagen soportados &#8211; BMP, GIF, JPG, PNG<\/li>\n<li>Control parental &#8211; S\u00ed<\/li>\n<\/ul>\n<p><strong>Smart TV<\/strong><\/p>\n<ul>\n<li>TV por Internet &#8211; S\u00ed<\/li>\n<li>Versi\u00f3n de sistema operativo &#8211; 10<\/li>\n<li>Modos inteligentes &#8211; personalizado, Juego, Pel\u00edcula, M\u00fasica, Deportes, Vivo<\/li>\n<li>Smart TV &#8211; S\u00ed<\/li>\n<li>Sistema operativo instalado &#8211; Android<\/li>\n<\/ul>\n<p><strong>Conexi\u00f3n<\/strong><\/p>\n<ul>\n<li>Ethernet &#8211; S\u00ed<\/li>\n<li>Wifi &#8211; S\u00ed<\/li>\n<li>Wi-Fi est\u00e1ndares &#8211; 802.11b,802.11g,Wi-Fi 4 (802.11n),Wi-Fi 5 (802.11ac)<\/li>\n<li>Bluetooth &#8211; S\u00ed<\/li>\n<li>Versi\u00f3n de Bluetooth &#8211; 5.0<\/li>\n<\/ul>\n<\/div>\n","protected":false},"excerpt":{"rendered":"<p>Exhibici\u00f3n Relaci\u00f3n de aspecto nativa &#8211; 16:9 Formato de pantalla, ajustes &#8211; 4:3,16:9 Formato de v\u00eddeo soportado &#8211; 1080p,1440p,2160p Formatos<\/p>\n","protected":false},"featured_media":134674,"comment_status":"open","ping_status":"open","template":"","meta":{"_joinchat":[]},"product_cat":[6464,7144,795],"product_tag":[],"class_list":{"0":"post-214773","1":"product","2":"type-product","3":"status-publish","4":"has-post-thumbnail","6":"product_cat-televisores-electronica","7":"product_cat-uhd-4k","8":"product_cat-electronica","9":"pa_marca-xiaomi","11":"first","12":"instock","13":"taxable","14":"shipping-taxable","15":"purchasable","16":"product-type-simple"},"_links":{"self":[{"href":"https:\/\/desdropi.com\/elparque\/wp-json\/wp\/v2\/product\/214773"}],"collection":[{"href":"https:\/\/desdropi.com\/elparque\/wp-json\/wp\/v2\/product"}],"about":[{"href":"https:\/\/desdropi.com\/elparque\/wp-json\/wp\/v2\/types\/product"}],"replies":[{"embeddable":true,"href":"https:\/\/desdropi.com\/elparque\/wp-json\/wp\/v2\/comments?post=214773"}],"version-history":[{"count":0,"href":"https:\/\/desdropi.com\/elparque\/wp-json\/wp\/v2\/product\/214773\/revisions"}],"wp:featuredmedia":[{"embeddable":true,"href":"https:\/\/desdropi.com\/elparque\/wp-json\/wp\/v2\/media\/134674"}],"wp:attachment":[{"href":"https:\/\/desdropi.com\/elparque\/wp-json\/wp\/v2\/media?parent=214773"}],"wp:term":[{"taxonomy":"product_cat","embeddable":true,"href":"https:\/\/desdropi.com\/elparque\/wp-json\/wp\/v2\/product_cat?post=214773"},{"taxonomy":"product_tag","embeddable":true,"href":"https:\/\/desdropi.com\/elparque\/wp-json\/wp\/v2\/product_tag?post=214773"}],"curies":[{"name":"wp","href":"https:\/\/api.w.org\/{rel}","templated":true}]}}