{"id":214779,"date":"2024-02-22T23:50:24","date_gmt":"2024-02-22T22:50:24","guid":{"rendered":"https:\/\/desdropi.com\/elparque\/silla-gaming-romo-ro-sg-aitne-rosa\/"},"modified":"2024-04-07T23:50:35","modified_gmt":"2024-04-07T21:50:35","slug":"silla-gaming-romo-ro-sg-aitne-rosa","status":"publish","type":"product","link":"https:\/\/desdropi.com\/elparque\/silla-gaming-romo-ro-sg-aitne-rosa\/","title":{"rendered":"SILLA GAMING ROMO RO-SG-AITNE ROSA"},"content":{"rendered":"<div class=\"descripcion-tab\"><strong>\u00bfEres de los que pasa largas horas enfrente del ordenador? \u00bfAmante de los videojuegos?<\/strong><\/p>\n<ul>\n<li>Durante mucho tiempo se subestim\u00f3 la necesidad de tener una postura adecuada y c\u00f3moda mientras se est\u00e1 frente a la pantalla, esto acarrea a largo\u00a0<strong>plazo problemas de columna, cervical y espalda<\/strong>. Pensando en tu\u00a0<strong>comodidad y salud a largo plazo<\/strong>\u00a0traemos para ti esta alucinante silla con la que notar\u00e1s el cambio del cielo a la tierra \u00a1Te lo garantizamos!<\/li>\n<\/ul>\n<p><strong>Dise\u00f1o de \u00faltima tecnolog\u00eda y m\u00e1ximo confort<\/strong><\/p>\n<ul>\n<li>Pasando por estrictos est\u00e1ndares de calidad, esta silla es\u00a0<strong>fabricada con materiales de primera<\/strong>, teniendo como resultado un elemento\u00a0<strong>resistente y duradero<\/strong>. Relleno de alta densidad y ergonom\u00eda, cuenta con 2 cojines para la zona lumbar y cervical totalmente ajustables: reposa brazos 2D con altura regulable para mayor comodidad.<\/li>\n<\/ul>\n<p><strong>Gran capacidad de movilidad y ajuste<\/strong><\/p>\n<ul>\n<li>Cuenta con\u00a0<strong>5 ruedas de alta resistencia<\/strong>\u00a0que proporcionan un movimiento fluido, un sistema de pist\u00f3n de gas que\u00a0<strong>permite ajustar la altura, soporta hasta 170 kgs en la posici\u00f3n de 90\u00ba con la capacidad de reclinarse hasta 180\u00ba<\/strong>\u00a0brindando un ajuste libre a la posici\u00f3n que te brinde mayor comodidad.<\/li>\n<\/ul>\n<p><strong>Modelo elegante y vanguardista<\/strong><\/p>\n<ul>\n<li>Dispone de\u00a0<strong>acabados de lujo en carbono y variedad de colores<\/strong>\u00a0que le dar\u00e1n un toque profesional y de estilo al espacio donde se encuentre. El equilibrio perfecto entre comodidad y estilo.<\/li>\n<\/ul>\n<p>\u00a1Tenemos lo que hace falta para hacer perfectas tus largas sesiones de juego o de trabajo desde casa! Una vez que la pruebes no querr\u00e1s sentarte en las sillas convencionales.<strong>\u00a0\u00a1Compra ya la tuya!<\/strong><\/div>\n","protected":false},"excerpt":{"rendered":"<p>\u00bfEres de los que pasa largas horas enfrente del ordenador? \u00bfAmante de los videojuegos? Durante mucho tiempo se subestim\u00f3 la<\/p>\n","protected":false},"featured_media":143158,"comment_status":"open","ping_status":"open","template":"","meta":{"_joinchat":[]},"product_cat":[6562,6536,6563],"product_tag":[],"class_list":{"0":"post-214779","1":"product","2":"type-product","3":"status-publish","4":"has-post-thumbnail","6":"product_cat-gaming-informatica-y-gaming","7":"product_cat-informatica-y-ocio","8":"product_cat-sillas","9":"pa_marca-romo","11":"first","12":"instock","13":"taxable","14":"shipping-taxable","15":"purchasable","16":"product-type-simple"},"_links":{"self":[{"href":"https:\/\/desdropi.com\/elparque\/wp-json\/wp\/v2\/product\/214779"}],"collection":[{"href":"https:\/\/desdropi.com\/elparque\/wp-json\/wp\/v2\/product"}],"about":[{"href":"https:\/\/desdropi.com\/elparque\/wp-json\/wp\/v2\/types\/product"}],"replies":[{"embeddable":true,"href":"https:\/\/desdropi.com\/elparque\/wp-json\/wp\/v2\/comments?post=214779"}],"version-history":[{"count":0,"href":"https:\/\/desdropi.com\/elparque\/wp-json\/wp\/v2\/product\/214779\/revisions"}],"wp:featuredmedia":[{"embeddable":true,"href":"https:\/\/desdropi.com\/elparque\/wp-json\/wp\/v2\/media\/143158"}],"wp:attachment":[{"href":"https:\/\/desdropi.com\/elparque\/wp-json\/wp\/v2\/media?parent=214779"}],"wp:term":[{"taxonomy":"product_cat","embeddable":true,"href":"https:\/\/desdropi.com\/elparque\/wp-json\/wp\/v2\/product_cat?post=214779"},{"taxonomy":"product_tag","embeddable":true,"href":"https:\/\/desdropi.com\/elparque\/wp-json\/wp\/v2\/product_tag?post=214779"}],"curies":[{"name":"wp","href":"https:\/\/api.w.org\/{rel}","templated":true}]}}