{"id":214818,"date":"2024-02-23T17:36:21","date_gmt":"2024-02-23T16:36:21","guid":{"rendered":"https:\/\/desdropi.com\/elparque\/?post_type=product&#038;p=214818"},"modified":"2025-04-14T09:30:45","modified_gmt":"2025-04-14T07:30:45","slug":"cecotec-ventilador-de-pie-y-sobremesa-energysilence-555-2in1-smart-xl","status":"publish","type":"product","link":"https:\/\/desdropi.com\/elparque\/cecotec-ventilador-de-pie-y-sobremesa-energysilence-555-2in1-smart-xl\/","title":{"rendered":"Cecotec Ventilador de Pie y Sobremesa EnergySilence 555 2in1 Smart XL"},"content":{"rendered":"<div class=\"descripcion-tab\"><strong>DESCRIPCI\u00d3N<\/strong><\/p>\n<ul class=\"a-unordered-list a-vertical a-spacing-mini\">\n<li class=\"a-spacing-mini\"><span class=\"a-list-item\">Gran potencia de 55 W que facilita la ventilaci\u00f3n de la estancia en la que se sit\u00fae el ventilador de manera instant\u00e1nea y eficaz.<\/span><\/li>\n<li class=\"a-spacing-mini\"><span class=\"a-list-item\"> Adem\u00e1s, su motor de cobre intensificar\u00e1 su potencia, su eficacia y su durabilidad.<\/span><\/li>\n<li class=\"a-spacing-mini\"><span class=\"a-list-item\">Las 16 pulgadas del ventilador, equivalentes a 40 cm, le aportan un gran di\u00e1metro que potencia la salida del flujo de aire que junto con sus 5 aspas permiten una distribuci\u00f3n m\u00e1s homog\u00e9nea.<\/span><\/li>\n<li class=\"a-spacing-mini\"><span class=\"a-list-item\"> Las 3 velocidades y los 3 modos de ventilaci\u00f3n, Normal, Nature y Sleep permiten adaptar la intensidad seg\u00fan las necesidades de cada momento.<\/span><\/li>\n<li class=\"a-spacing-mini\"><span class=\"a-list-item\">Es un ventilador 2en1, es decir, adem\u00e1s de como ventilador de pie tambi\u00e9n puede ser utilizado como ventilador de sobremesa. <\/span><span class=\"a-list-item\">Siendo \u00fatil as\u00ed un producto para dos necesidades diferentes.<\/span><\/li>\n<li class=\"a-spacing-mini\"><span class=\"a-list-item\">Incluye oscilaci\u00f3n autom\u00e1tica de 60\u00ba y mando a distancia lo que permite controlar todas sus funciones c\u00f3modamente sin tener que acercarse f\u00edsicamente al ventilador.<\/span><\/li>\n<li class=\"a-spacing-mini\"><span class=\"a-list-item\">Temporizador programable un m\u00e1ximo de 7 horas que permite seleccionar el tiempo de funcionamiento deseado y tras el mismo el ventilador se apagar\u00e1.<\/span><\/li>\n<\/ul>\n<\/div>\n","protected":false},"excerpt":{"rendered":"<p>DESCRIPCI\u00d3N Gran potencia de 55 W que facilita la ventilaci\u00f3n de la estancia en la que se sit\u00fae el ventilador<\/p>\n","protected":false},"featured_media":214819,"comment_status":"open","ping_status":"closed","template":"","meta":{"_joinchat":[]},"product_cat":[3301,6566,5440],"product_tag":[],"class_list":{"0":"post-214818","1":"product","2":"type-product","3":"status-publish","4":"has-post-thumbnail","6":"product_cat-climatizacion-y-calefaccion","7":"product_cat-de-pie","8":"product_cat-ventiladores","10":"first","11":"instock","12":"taxable","13":"shipping-taxable","14":"purchasable","15":"product-type-simple"},"_links":{"self":[{"href":"https:\/\/desdropi.com\/elparque\/wp-json\/wp\/v2\/product\/214818"}],"collection":[{"href":"https:\/\/desdropi.com\/elparque\/wp-json\/wp\/v2\/product"}],"about":[{"href":"https:\/\/desdropi.com\/elparque\/wp-json\/wp\/v2\/types\/product"}],"replies":[{"embeddable":true,"href":"https:\/\/desdropi.com\/elparque\/wp-json\/wp\/v2\/comments?post=214818"}],"version-history":[{"count":0,"href":"https:\/\/desdropi.com\/elparque\/wp-json\/wp\/v2\/product\/214818\/revisions"}],"wp:featuredmedia":[{"embeddable":true,"href":"https:\/\/desdropi.com\/elparque\/wp-json\/wp\/v2\/media\/214819"}],"wp:attachment":[{"href":"https:\/\/desdropi.com\/elparque\/wp-json\/wp\/v2\/media?parent=214818"}],"wp:term":[{"taxonomy":"product_cat","embeddable":true,"href":"https:\/\/desdropi.com\/elparque\/wp-json\/wp\/v2\/product_cat?post=214818"},{"taxonomy":"product_tag","embeddable":true,"href":"https:\/\/desdropi.com\/elparque\/wp-json\/wp\/v2\/product_tag?post=214818"}],"curies":[{"name":"wp","href":"https:\/\/api.w.org\/{rel}","templated":true}]}}