{"id":215020,"date":"2024-02-24T11:25:07","date_gmt":"2024-02-24T10:25:07","guid":{"rendered":"https:\/\/desdropi.com\/elparque\/?post_type=product&#038;p=215020"},"modified":"2025-04-14T09:30:41","modified_gmt":"2025-04-14T07:30:41","slug":"ventilador-calefactor-purificador-aire-con-potencia-de-2000w-totalpure-3-in-1-vision","status":"publish","type":"product","link":"https:\/\/desdropi.com\/elparque\/ventilador-calefactor-purificador-aire-con-potencia-de-2000w-totalpure-3-in-1-vision\/","title":{"rendered":"Ventilador, Calefactor, Purificador Aire con Potencia de 2000W TotalPure 3 in 1 Vision"},"content":{"rendered":"<div class=\"descripcion-tab\">\n<strong><span class=\"e1pizqy31 css-hga4sk\">DESCRIPCI\u00d3N<\/span><\/strong><\/p>\n<div class=\"css-k1moeq e1pizqy32\">\n<ul>\n<li>3 en 1 ventilador, calefactor y purificador de aire. Posee pantalla LED, mando a distancia, temporizador y 14 velocidades. Motor DC y tecnolog\u00eda Bladeless.<\/li>\n<li>El 3 en 1 cuenta con una gran potencia de calefacci\u00f3n de 2000 W con los que aumentar la temperatura de la estancia en la cual sea ubicado.<\/li>\n<li>Tambi\u00e9n posee una excelente potencia de ventilaci\u00f3n con 45 W capaz de disminuir la temperatura de dicha estancia.<\/li>\n<li>Cuenta con funci\u00f3n \u201cPurificador de aire\u201d, capaz de eliminar las part\u00edculas nocivas del mismo gracias a su filtro de alta eficiencia.<\/li>\n<li>Ofrece un control inteligente gracias a la pantalla LED y el mando a distancia, gracias a los cuales se simplifica y se realiza de manera c\u00f3moda la configuraci\u00f3n del 3 en 1.<\/li>\n<li>Su motor DC y su tecnolog\u00eda Bladeless garantiza el \u00e9xito durante el proceso de calefacci\u00f3n, ventilaci\u00f3n y purificaci\u00f3n de manera eficaz y silenciosa.<\/li>\n<li>La oscilaci\u00f3n de 80\u00ba colabora en el proceso de ventilaci\u00f3n y calefacci\u00f3n ya que consigue aumentar el \u00e1rea al cual llega el calor o el fr\u00edo.<\/li>\n<li>Posee un temporizador de hasta 8 horas, gracias a \u00e9l se podr\u00e1 seleccionar el tiempo de funcionamiento deseado. Se visualiza su configuraci\u00f3n en la pantalla LED.<\/li>\n<li>Se pueden seleccionar un m\u00e1ximo de 14 velocidades, 9 de ellas en el modo Ventilaci\u00f3n que van desde Sleep hasta Turbo, 4 en el modo Calefacci\u00f3n (Eco, Low, Medium y High) y una \u00faltima velocidad silenciosa que cuenta con su propio bot\u00f3n en el mando a distancia.<\/li>\n<\/ul>\n<p><strong><span class=\"e1hv9n5v0 css-hga4sk\">COMPOSICI\u00d3N<\/span><\/strong><\/p>\n<div class=\"css-1azcdyx e1hv9n5v1\">\n<ul>\n<li>3 en 1<\/li>\n<li>Mando a distancia<\/li>\n<li>Manual de instrucciones<\/li>\n<\/ul>\n<\/div>\n<\/div>\n<\/div>\n","protected":false},"excerpt":{"rendered":"<p>DESCRIPCI\u00d3N 3 en 1 ventilador, calefactor y purificador de aire. Posee pantalla LED, mando a distancia, temporizador y 14 velocidades.<\/p>\n","protected":false},"featured_media":215022,"comment_status":"open","ping_status":"closed","template":"","meta":{"_joinchat":[]},"product_cat":[5440,6579,3301],"product_tag":[],"class_list":{"0":"post-215020","1":"product","2":"type-product","3":"status-publish","4":"has-post-thumbnail","6":"product_cat-ventiladores","7":"product_cat-de-torre","8":"product_cat-climatizacion-y-calefaccion","10":"first","11":"instock","12":"taxable","13":"shipping-taxable","14":"purchasable","15":"product-type-simple"},"_links":{"self":[{"href":"https:\/\/desdropi.com\/elparque\/wp-json\/wp\/v2\/product\/215020"}],"collection":[{"href":"https:\/\/desdropi.com\/elparque\/wp-json\/wp\/v2\/product"}],"about":[{"href":"https:\/\/desdropi.com\/elparque\/wp-json\/wp\/v2\/types\/product"}],"replies":[{"embeddable":true,"href":"https:\/\/desdropi.com\/elparque\/wp-json\/wp\/v2\/comments?post=215020"}],"version-history":[{"count":0,"href":"https:\/\/desdropi.com\/elparque\/wp-json\/wp\/v2\/product\/215020\/revisions"}],"wp:featuredmedia":[{"embeddable":true,"href":"https:\/\/desdropi.com\/elparque\/wp-json\/wp\/v2\/media\/215022"}],"wp:attachment":[{"href":"https:\/\/desdropi.com\/elparque\/wp-json\/wp\/v2\/media?parent=215020"}],"wp:term":[{"taxonomy":"product_cat","embeddable":true,"href":"https:\/\/desdropi.com\/elparque\/wp-json\/wp\/v2\/product_cat?post=215020"},{"taxonomy":"product_tag","embeddable":true,"href":"https:\/\/desdropi.com\/elparque\/wp-json\/wp\/v2\/product_tag?post=215020"}],"curies":[{"name":"wp","href":"https:\/\/api.w.org\/{rel}","templated":true}]}}