{"id":215396,"date":"2024-02-28T20:22:12","date_gmt":"2024-02-28T19:22:12","guid":{"rendered":"https:\/\/desdropi.com\/elparque\/?post_type=product&#038;p=215396"},"modified":"2025-04-14T09:30:52","modified_gmt":"2025-04-14T07:30:52","slug":"ventilador-de-techo-de-50-w-energysilence-3600-vision-mint","status":"publish","type":"product","link":"https:\/\/desdropi.com\/elparque\/ventilador-de-techo-de-50-w-energysilence-3600-vision-mint\/","title":{"rendered":"Ventilador de techo de 50 W EnergySilence 3600 Vision Mint"},"content":{"rendered":"<div class=\"descripcion-tab\"><strong><span class=\"e1pizqy31 css-hga4sk\">DESCRIPCI\u00d3N<\/span><\/strong><\/p>\n<div class=\"css-k1moeq e1pizqy32\">\n<ul>\n<li>Ventilador de techo de 50 W y 36\u201d con l\u00e1mpara, 3 velocidades, 6 aspas reversibles, modo winter-summer y uso sencillo.<\/li>\n<li>Gran potencia de 50 W, con motor de cobre de alto rendimiento que aumenta el caudal de aire y la sensaci\u00f3n de frescor, con la m\u00e1xima fiabilidad y durabilidad.<\/li>\n<li>Ampl\u00edo di\u00e1metro de 36 pulgadas (92 cm) que aumenta la cobertura de aire fresco en la estancia.<\/li>\n<li>El ventilador integra una l\u00e1mpara que lo convierte en un pr\u00e1ctico equipo h\u00edbrido. Consigue luz y un ambiente perfecto en tu hogar de la forma m\u00e1s eficaz y asequible (bombilla no incluida).<\/li>\n<li>Podr\u00e1s elegir entre 3 velocidades de funcionamiento (Low, Medium y High), adecuando la intensidad del caudal de aire a tus necesidades.<\/li>\n<li>Sistema formado por 6 aspas totalmente innovadoras y aerodin\u00e1micas, dise\u00f1adas para maximizar el flujo de aire y garantizar un caudal constante de aire fresco.<\/li>\n<li>Dispone de un dise\u00f1o cuidado con l\u00edneas elegantes, adapt\u00e1ndose perfectamente a la decoraci\u00f3n de tu hogar. Adem\u00e1s, sus palas son totalmente reversibles y te permiten elegir en todo momento entre sus dos opciones.<\/li>\n<li>El ventilador dispone de un sistema de inversi\u00f3n de giro del motor para realizar la funci\u00f3n Verano\/Invierno. Mediante un conmutador se selecciona el sentido de rotaci\u00f3n de las aspas, en un sentido en verano para generar una agradable brisa y en sentido contrario en invierno para impulsar el aire caliente concentrado en el techo hacia el suelo, perfecto para complementar tu sistema de calefacci\u00f3n.<\/li>\n<li>F\u00e1cil manejo mediante interruptor de cadena. Controla todas las funciones del ventilador de la forma m\u00e1s pr\u00e1ctica y accesible.<\/li>\n<\/ul>\n<p><strong>COMPOSICI\u00d3N<\/strong><\/p>\n<ul>\n<li>Ventilador<\/li>\n<li>Manual de instrucciones<\/li>\n<\/ul>\n<\/div>\n<\/div>\n","protected":false},"excerpt":{"rendered":"<p>DESCRIPCI\u00d3N Ventilador de techo de 50 W y 36\u201d con l\u00e1mpara, 3 velocidades, 6 aspas reversibles, modo winter-summer y uso<\/p>\n","protected":false},"featured_media":215397,"comment_status":"open","ping_status":"closed","template":"","meta":{"_joinchat":[]},"product_cat":[5440,6575,3301],"product_tag":[],"class_list":{"0":"post-215396","1":"product","2":"type-product","3":"status-publish","4":"has-post-thumbnail","6":"product_cat-ventiladores","7":"product_cat-de-techo","8":"product_cat-climatizacion-y-calefaccion","10":"first","11":"instock","12":"taxable","13":"shipping-taxable","14":"purchasable","15":"product-type-simple"},"_links":{"self":[{"href":"https:\/\/desdropi.com\/elparque\/wp-json\/wp\/v2\/product\/215396"}],"collection":[{"href":"https:\/\/desdropi.com\/elparque\/wp-json\/wp\/v2\/product"}],"about":[{"href":"https:\/\/desdropi.com\/elparque\/wp-json\/wp\/v2\/types\/product"}],"replies":[{"embeddable":true,"href":"https:\/\/desdropi.com\/elparque\/wp-json\/wp\/v2\/comments?post=215396"}],"version-history":[{"count":0,"href":"https:\/\/desdropi.com\/elparque\/wp-json\/wp\/v2\/product\/215396\/revisions"}],"wp:featuredmedia":[{"embeddable":true,"href":"https:\/\/desdropi.com\/elparque\/wp-json\/wp\/v2\/media\/215397"}],"wp:attachment":[{"href":"https:\/\/desdropi.com\/elparque\/wp-json\/wp\/v2\/media?parent=215396"}],"wp:term":[{"taxonomy":"product_cat","embeddable":true,"href":"https:\/\/desdropi.com\/elparque\/wp-json\/wp\/v2\/product_cat?post=215396"},{"taxonomy":"product_tag","embeddable":true,"href":"https:\/\/desdropi.com\/elparque\/wp-json\/wp\/v2\/product_tag?post=215396"}],"curies":[{"name":"wp","href":"https:\/\/api.w.org\/{rel}","templated":true}]}}