{"id":215734,"date":"2024-03-11T18:42:06","date_gmt":"2024-03-11T17:42:06","guid":{"rendered":"https:\/\/desdropi.com\/elparque\/?post_type=product&#038;p=215734"},"modified":"2024-05-17T13:02:23","modified_gmt":"2024-05-17T11:02:23","slug":"smartwatch-samsung-galaxy-watch-4-class-46mm-black","status":"publish","type":"product","link":"https:\/\/desdropi.com\/elparque\/smartwatch-samsung-galaxy-watch-4-class-46mm-black\/","title":{"rendered":"SMARTWATCH SAMSUNG GALAXY WATCH 4 CLASS 46MM BLACK"},"content":{"rendered":"<div class=\"descripcion-tab\">NOMBRE DEL PRODUCTO<br \/>\nMarca SAMSUNG<br \/>\nModelo SM-R890NZKAPHE<br \/>\nEAN8806092520035<br \/>\n<strong>Exhibici\u00f3n<\/strong><\/p>\n<ul>\n<li>Pantalla t\u00e1ctil S\u00ed<\/li>\n<li>Tipo de visualizador SAMOLED<\/li>\n<li>Resoluci\u00f3n de la pantalla 450 x 450<\/li>\n<li>Diagonal de la pantalla 1,4&#8243;<\/li>\n<li>Pantalla con funci\u00f3n Always-on S\u00ed<\/li>\n<li>Pantalla a color S\u00ed<\/li>\n<li>Tipo de vidrio de reloj Corning Gorilla Glass DX+<\/li>\n<\/ul>\n<p><strong>Puertos e Interfaces<\/strong><\/p>\n<ul>\n<li>Wifi S\u00ed<\/li>\n<li>Wi-Fi est\u00e1ndares 802.11a,802.11b,802.11g,Wi-Fi 4 (802.11n),Wi-Fi 5 (802.11ac),Wi-Fi 6 (802.11ax)<\/li>\n<li>Versi\u00f3n de Bluetooth 5.0<\/li>\n<li>Comunicaci\u00f3n de Campo Cercano (NFC) S\u00ed<\/li>\n<li>Auriculares Bluetooth<\/li>\n<\/ul>\n<p><strong>Peso y dimensiones<\/strong><\/p>\n<ul>\n<li>Ancho 45,5<\/li>\n<li>Profundidad 45,5<\/li>\n<li>Grosor 11<\/li>\n<li>Peso 52<\/li>\n<\/ul>\n<p><strong>Control de energ\u00eda<\/strong><\/p>\n<ul>\n<li>Capacidad de bater\u00eda 350<\/li>\n<li>Cargador inal\u00e1mbrico S\u00ed<\/li>\n<\/ul>\n<p><strong>Empaquetado<\/strong><\/p>\n<ul>\n<li>Tipo de embalaje Caja<\/li>\n<\/ul>\n<p><strong>Contenido del embalaje<\/strong><\/p>\n<ul>\n<li>Manual de usuario S\u00ed<\/li>\n<li>Cargador S\u00ed<\/li>\n<\/ul>\n<p><strong>Dise\u00f1o<\/strong><\/p>\n<ul>\n<li>Watch case size 46<\/li>\n<li>Color de la esfera Negro<\/li>\n<li>Watch case material Aluminio<\/li>\n<li>Color de la correa Negro<\/li>\n<li>Forma Alrededor<\/li>\n<li>Tipo de cierre Hebilla para correa con una clavija<\/li>\n<li>C\u00f3digo IP (International Protection) IP68<\/li>\n<li>Funciones de protecci\u00f3n Resistente al polvo, Resistente al agua<\/li>\n<li>La resistencia al agua 5<\/li>\n<li>Posicionamiento de mercado Reloj inteligente<\/li>\n<\/ul>\n<p><strong>Desempe\u00f1o<\/strong><\/p>\n<ul>\n<li>Capacidad de RAM 1,5 GB<\/li>\n<li>Sistema operativo instalado Wear OS<\/li>\n<li>Sistemas operativos m\u00f3viles soportados Android 10,Android 10.0,Android 7.1.2,Android 8.0,Android 9.0<\/li>\n<li>Memoria flash 16 GB<\/li>\n<li>Fabricante de procesador Samsung<\/li>\n<li>Modelo del procesador Exynos W920<\/li>\n<li>Frecuencia del procesador 1180<\/li>\n<li>N\u00famero de n\u00facleos de procesador 2<\/li>\n<\/ul>\n<p><strong>Caracter\u00edsticas<\/strong><\/p>\n<ul>\n<li>Br\u00fajula electr\u00f3nica S\u00ed<\/li>\n<li>Sensor geomagn\u00e9tico S\u00ed<\/li>\n<li>Bar\u00f3metro S\u00ed<\/li>\n<li>Certificado militar MIL-STD-810G<\/li>\n<li>Sensor frecuencia card\u00edaca S\u00ed<\/li>\n<li>Medici\u00f3n del pulso por contacto S\u00ed<\/li>\n<li>Tensi\u00f3metro S\u00ed<\/li>\n<li>Sensor de nivel de ox\u00edgeno en sangre S\u00ed<\/li>\n<li>Heart rate sensor type Electrical, \u00d3ptico<\/li>\n<li>Calor\u00edas quemadas S\u00ed<\/li>\n<li>Aceler\u00f3metro S\u00ed<\/li>\n<li>Giroscopio S\u00ed<\/li>\n<li>Activity tracker S\u00ed<\/li>\n<li>Metas personales S\u00ed<\/li>\n<li>Calidad del sue\u00f1o S\u00ed<\/li>\n<li>Sensor de luz ambiental S\u00ed<\/li>\n<li>Identificador de llamadas S\u00ed<\/li>\n<li>Notificaciones de SMS S\u00ed<\/li>\n<li>Temporizador S\u00ed<\/li>\n<\/ul>\n<p><strong>Conexi\u00f3n<\/strong><\/p>\n<ul>\n<li>Tarjeta SIM Datos M\u00f3viles No<\/li>\n<li>GPS (sat\u00e9lite) S\u00ed<\/li>\n<li>BeiDou S\u00ed<\/li>\n<li>GLONASS S\u00ed<\/li>\n<li>Galileo S\u00ed<\/li>\n<\/ul>\n<\/div>\n","protected":false},"excerpt":{"rendered":"<p><span style=\"color: #ff0000;\"><strong>\u00a1ENV\u00cdO GARTIS!<\/strong><\/span><\/p>\n","protected":false},"featured_media":215736,"comment_status":"open","ping_status":"closed","template":"","meta":{"_joinchat":[]},"product_cat":[795,6819,6873],"product_tag":[],"class_list":{"0":"post-215734","1":"product","2":"type-product","3":"status-publish","4":"has-post-thumbnail","6":"product_cat-electronica","7":"product_cat-relojes","8":"product_cat-smartwatches","10":"first","11":"instock","12":"taxable","13":"shipping-taxable","14":"purchasable","15":"product-type-simple"},"_links":{"self":[{"href":"https:\/\/desdropi.com\/elparque\/wp-json\/wp\/v2\/product\/215734"}],"collection":[{"href":"https:\/\/desdropi.com\/elparque\/wp-json\/wp\/v2\/product"}],"about":[{"href":"https:\/\/desdropi.com\/elparque\/wp-json\/wp\/v2\/types\/product"}],"replies":[{"embeddable":true,"href":"https:\/\/desdropi.com\/elparque\/wp-json\/wp\/v2\/comments?post=215734"}],"version-history":[{"count":0,"href":"https:\/\/desdropi.com\/elparque\/wp-json\/wp\/v2\/product\/215734\/revisions"}],"wp:featuredmedia":[{"embeddable":true,"href":"https:\/\/desdropi.com\/elparque\/wp-json\/wp\/v2\/media\/215736"}],"wp:attachment":[{"href":"https:\/\/desdropi.com\/elparque\/wp-json\/wp\/v2\/media?parent=215734"}],"wp:term":[{"taxonomy":"product_cat","embeddable":true,"href":"https:\/\/desdropi.com\/elparque\/wp-json\/wp\/v2\/product_cat?post=215734"},{"taxonomy":"product_tag","embeddable":true,"href":"https:\/\/desdropi.com\/elparque\/wp-json\/wp\/v2\/product_tag?post=215734"}],"curies":[{"name":"wp","href":"https:\/\/api.w.org\/{rel}","templated":true}]}}