{"id":215756,"date":"2024-03-12T00:12:48","date_gmt":"2024-03-11T23:12:48","guid":{"rendered":"https:\/\/desdropi.com\/elparque\/afeitadora-corporal-philips-mg5920-15-10-en-1-2\/"},"modified":"2024-05-19T00:06:27","modified_gmt":"2024-05-18T22:06:27","slug":"afeitadora-corporal-philips-mg5920-15-10-en-1-2","status":"publish","type":"product","link":"https:\/\/desdropi.com\/elparque\/afeitadora-corporal-philips-mg5920-15-10-en-1-2\/","title":{"rendered":"afeitadora\/corporal philips mg5920\/15 10 en 1"},"content":{"rendered":"<div class=\"descripcion-tab\">\n<div class=\"sc-daNmkL cBvvtJ\"><strong>Sobre el producto<\/strong><\/div>\n<div class=\"sc-hwFkLi hcdCnd\">\n<p><strong>Cortapelos inal\u00e1mbrico PHILIPS MG5920\/15<\/strong>\u00a0en color gris con peine-gu\u00eda ajustable de 3 a 7 mm, incluye recortador para nariz y orejas, incluye 2 peines-gu\u00eda para barba corta,3 para pelo y 1 para cuerpo, bater\u00eda con 120 min de autonom\u00eda y carga en 60min<\/p>\n<h2>Caracter\u00edsticas<\/h2>\n<ul>\n<li><strong>Una herramienta, el estilo completo:<\/strong>\u00a0Crea tu look personal con este vers\u00e1til recortador, que incluye 10 herramientas de calidad para cara, cabeza y cuerpo. Las cuchillas autoafilables de acero inoxidable se mantienen afiladas como el primer d\u00eda sin necesidad de lubricaci\u00f3n para lograr un corte preciso.<\/li>\n<li><strong>Todo en uno para la cara, la cabeza y el cuerpo:\u00a0<\/strong>Este recortador todo en uno ofrece 10 herramientas para todas tus necesidades de afeitado. Recorta y perfila c\u00f3modamente el vello facial, recorta el pelo y arregla el vello corporal.<\/li>\n<li><strong>Consigue un recorte uniforme y bordes marcados:\u00a0<\/strong>El recortador y su conjunto de peines-gu\u00eda ofrecen 11 posiciones de longitud de 0,5 a 16 mm en pasos precisos de 1 mm para crear estilos de barba de varias longitudes. El dise\u00f1o estrecho del recortador de precisi\u00f3n facilita la creaci\u00f3n de bordes marcados y detalles finos. Limpia las mejillas, la barbilla y el cuello con el recortador met\u00e1lico para completar tu look.<\/li>\n<li><strong>Recorta el pelo de ah\u00ed abajo:\u00a0<\/strong>Recorta eficazmente el vello corporal con el peine-gu\u00eda de f\u00e1cil montaje.<\/li>\n<li><strong>Tu corte de pelo en casa:\u00a0<\/strong>El sistema de peine-gu\u00eda m\u00faltiple del recortador ofrece posiciones de longitud entre 0,5 y 16 mm para ayudarte a crear tu peinado en casa.<\/li>\n<li><strong>Recorta el vello de las orejas y la nariz de forma f\u00e1cil y c\u00f3moda:\u00a0<\/strong>Evita los rasgu\u00f1os y cortes, ya que el recortador todo en uno elimina r\u00e1pidamente el vello no deseado de la nariz y las orejas.<\/li>\n<li><strong>Rendimiento duradero para resultados precisos:\u00a0<\/strong>Las cuchillas de acero inoxidable permanecen afiladas como el primer d\u00eda para ofrecer un rendimiento duradero. No necesitan lubricaci\u00f3n.<\/li>\n<li><strong>Un recortador que se adapta a tu barba:\u00a0<\/strong>El recortador analiza la densidad de barba de 125 veces por segundo y aumenta la potencia justo cuando lo necesitas para lidiar con barbas densas, tupidas o m\u00e1s largas.<\/li>\n<li><strong>Aguanta 4 semanas con una sola carga:\u00a0<\/strong>Una potente bater\u00eda de iones de litio proporciona hasta 120 minutos de funcionamiento con opci\u00f3n de carga r\u00e1pida en 5 minutos para garantizar larga duraci\u00f3n y m\u00e1xima potencia.<\/li>\n<li><strong>Funcionamiento: Uso solo sin cable:\u00a0<\/strong>Este recortador es resistente al agua, por lo que puedes usarlo c\u00f3modamente en la ducha y limpiarlo f\u00e1cilmente bajo el grifo.<\/li>\n<li><strong>Siempre sabr\u00e1s cu\u00e1ndo cargarlo:\u00a0<\/strong>Un indicador te permite saber el estado de la bater\u00eda (baja, descargada, cargando o llena) para que nunca te sorprenda una bater\u00eda vac\u00eda en pleno recorte.<\/li>\n<li><strong>F\u00e1cil de sujetar y usar:\u00a0<\/strong>El recortador es f\u00e1cil de sujetar y maniobrar gracias a su mango de goma ergon\u00f3mico que brinda comodidad y control superiores.<\/li>\n<\/ul>\n<h2>Especificaciones<\/h2>\n<ul>\n<li><strong>Potencia<\/strong>\n<ul>\n<li>Tiempo de funcionamiento: Hasta 120 minutos<\/li>\n<li>Tipo de bater\u00eda: Iones de litio<\/li>\n<li>Carga: 60 minutos.\u00a0Carga r\u00e1pida en 5 min<\/li>\n<li>M\u00e9todo de carga: USB-A (no incluye adaptador)<\/li>\n<li>Consumo de energ\u00eda m\u00e1ximo: 5 W<\/li>\n<li>Dise\u00f1o<\/li>\n<li>Mango: Empu\u00f1adura ergon\u00f3mica de goma<\/li>\n<li>F\u00e1cil de usar<\/li>\n<li>No necesita mantenimiento: No requiere aceite para cuchillas<\/li>\n<\/ul>\n<\/li>\n<li><strong>Pantalla<\/strong>\n<ul>\n<li>Indicador de bater\u00eda baja<\/li>\n<li>Indicador de bater\u00eda llena<\/li>\n<li>Indicador de carga de la bater\u00eda<\/li>\n<\/ul>\n<\/li>\n<li><strong>Herramientas de estilo<\/strong>\n<ul>\n<li>Recortador de acero<\/li>\n<li>Recortador de precisi\u00f3n de acero<\/li>\n<li>Recortador para nariz y orejas<\/li>\n<li>2 peines-gu\u00eda para barba corta<\/li>\n<li>Peine-gu\u00eda ajustable de 3-7 mm<\/li>\n<li>3 peines-gu\u00eda para el pelo<\/li>\n<li>1 peine-gu\u00eda para el cuerpo<\/li>\n<\/ul>\n<\/li>\n<li><strong>Accesorios<\/strong>\n<ul>\n<li>Funda blanda<\/li>\n<li>Cepillo de limpieza<\/li>\n<li>USB-A (adaptador no incluido)<\/li>\n<li>N\u00famero de accesorios: 10<\/li>\n<\/ul>\n<\/li>\n<li><strong>Rendimiento de corte<\/strong>\n<ul>\n<li>Cuchillas autoafilables de acero<\/li>\n<li>Tecnolog\u00eda BeardSense<\/li>\n<li>Funcionamiento: Uso solo sin cable<\/li>\n<li>Posiciones de longitud:<strong>\u00a0<\/strong>11 (0,5-16 mm)<\/li>\n<li>Precisi\u00f3n entre cada paso: Hasta 1 mm<\/li>\n<\/ul>\n<\/li>\n<\/ul>\n<\/div>\n<\/div>\n","protected":false},"excerpt":{"rendered":"<p>Sobre el producto Cortapelos inal\u00e1mbrico PHILIPS MG5920\/15\u00a0en color gris con peine-gu\u00eda ajustable de 3 a 7 mm, incluye recortador para<\/p>\n","protected":false},"featured_media":215872,"comment_status":"open","ping_status":"closed","template":"","meta":{"_joinchat":[]},"product_cat":[6510,6874,825,6097],"product_tag":[],"class_list":{"0":"post-215756","1":"product","2":"type-product","3":"status-publish","4":"has-post-thumbnail","6":"product_cat-vello-y-pelo","7":"product_cat-afeitadoras-vello-y-pelo","8":"product_cat-pequeno-electrodomestico","9":"product_cat-cuidado-personal","10":"pa_marca-philips-p-a-e","12":"first","13":"instock","14":"taxable","15":"shipping-taxable","16":"purchasable","17":"product-type-simple"},"_links":{"self":[{"href":"https:\/\/desdropi.com\/elparque\/wp-json\/wp\/v2\/product\/215756"}],"collection":[{"href":"https:\/\/desdropi.com\/elparque\/wp-json\/wp\/v2\/product"}],"about":[{"href":"https:\/\/desdropi.com\/elparque\/wp-json\/wp\/v2\/types\/product"}],"replies":[{"embeddable":true,"href":"https:\/\/desdropi.com\/elparque\/wp-json\/wp\/v2\/comments?post=215756"}],"version-history":[{"count":0,"href":"https:\/\/desdropi.com\/elparque\/wp-json\/wp\/v2\/product\/215756\/revisions"}],"wp:featuredmedia":[{"embeddable":true,"href":"https:\/\/desdropi.com\/elparque\/wp-json\/wp\/v2\/media\/215872"}],"wp:attachment":[{"href":"https:\/\/desdropi.com\/elparque\/wp-json\/wp\/v2\/media?parent=215756"}],"wp:term":[{"taxonomy":"product_cat","embeddable":true,"href":"https:\/\/desdropi.com\/elparque\/wp-json\/wp\/v2\/product_cat?post=215756"},{"taxonomy":"product_tag","embeddable":true,"href":"https:\/\/desdropi.com\/elparque\/wp-json\/wp\/v2\/product_tag?post=215756"}],"curies":[{"name":"wp","href":"https:\/\/api.w.org\/{rel}","templated":true}]}}