{"id":215981,"date":"2024-03-13T14:54:26","date_gmt":"2024-03-13T13:54:26","guid":{"rendered":"https:\/\/desdropi.com\/elparque\/plancha-de-pelo-remington-s6308-eclat-brillance\/"},"modified":"2025-04-14T01:32:03","modified_gmt":"2025-04-13T23:32:03","slug":"plancha-de-pelo-remington-s6308-eclat-brillance","status":"publish","type":"product","link":"https:\/\/desdropi.com\/elparque\/plancha-de-pelo-remington-s6308-eclat-brillance\/","title":{"rendered":"Plancha de Pelo Remington S6308 Eclat Brillance"},"content":{"rendered":"<div class=\"descripcion-tab\">\n<p class=\"title\"><strong>PLANCHA ECLAT BRILLANCE S6308<\/strong><\/p>\n<p class=\"title\"><span style=\"color: #333333; font-size: 16px;\">El acondicionador que se activa por calor ofrece lo \u00faltimo en cuidado capilar y proporciona la cantidad perfecta de cuidado al cabello. <\/span><\/p>\n<p class=\"title\"><span style=\"color: #333333; font-size: 16px;\">El acondicionador activado por calor ofrece lo \u00faltimo en cuidado del cabello y proporciona la cantidad perfecta de acondicionador al cabello<\/span><\/p>\n<p class=\"title\"><span style=\"color: #333333; font-size: 16px;\">La f\u00f3rmula de ingredientes activos, dise\u00f1ada para ser compatible con el revestimiento cer\u00e1mico, realza el brillo del cabello natural y te\u00f1ido.<\/span><\/p>\n<p class=\"title\"><span style=\"color: #333333; font-size: 16px;\">Las placas flotantes delgadas de 110 mm y el control de la temperatura hacen que el alisado sea eficaz en cada pasada.<\/span><\/p>\n<p class=\"title\"><span style=\"color: #333333; font-size: 16px;\">Incluye una bolsa de almacenamiento resistente al calor para guardar y proteger tu plancha despu\u00e9s de cada uso.<\/span><\/p>\n<ul>\n<li>Placas con revestimiento de cer\u00e1mica avanzada, dotadas de un tratamiento de brillo para un cabello hermoso, suave y sedoso<\/li>\n<li>Temperatura\u00a0regulable: de 150 a 230\u00b0C<\/li>\n<li>Calentamiento ultrarr\u00e1pido en 15 segundos<\/li>\n<li>Placas flotantes XL de 110 mm<\/li>\n<li>Dispositivo de cierre de placa<\/li>\n<li>Apagado autom\u00e1tico despu\u00e9s de 60 minutos<\/li>\n<li>Voltaje universal<\/li>\n<li>Cord\u00f3n giratorio<\/li>\n<li>Bolsa de almacenamiento<\/li>\n<li>3 a\u00f1os de garant\u00eda + 1 a\u00f1o adicional<\/li>\n<\/ul>\n<\/div>\n","protected":false},"excerpt":{"rendered":"<p>PLANCHA ECLAT BRILLANCE S6308 El acondicionador que se activa por calor ofrece lo \u00faltimo en cuidado capilar y proporciona la<\/p>\n","protected":false},"featured_media":215982,"comment_status":"open","ping_status":"closed","template":"","meta":{"_joinchat":[]},"product_cat":[6512,6510,825,6097],"product_tag":[],"class_list":{"0":"post-215981","1":"product","2":"type-product","3":"status-publish","4":"has-post-thumbnail","6":"product_cat-planchas-de-pelo","7":"product_cat-vello-y-pelo","8":"product_cat-pequeno-electrodomestico","9":"product_cat-cuidado-personal","10":"pa_marca-remington","12":"first","13":"instock","14":"taxable","15":"shipping-taxable","16":"purchasable","17":"product-type-simple"},"_links":{"self":[{"href":"https:\/\/desdropi.com\/elparque\/wp-json\/wp\/v2\/product\/215981"}],"collection":[{"href":"https:\/\/desdropi.com\/elparque\/wp-json\/wp\/v2\/product"}],"about":[{"href":"https:\/\/desdropi.com\/elparque\/wp-json\/wp\/v2\/types\/product"}],"replies":[{"embeddable":true,"href":"https:\/\/desdropi.com\/elparque\/wp-json\/wp\/v2\/comments?post=215981"}],"version-history":[{"count":1,"href":"https:\/\/desdropi.com\/elparque\/wp-json\/wp\/v2\/product\/215981\/revisions"}],"predecessor-version":[{"id":224860,"href":"https:\/\/desdropi.com\/elparque\/wp-json\/wp\/v2\/product\/215981\/revisions\/224860"}],"wp:featuredmedia":[{"embeddable":true,"href":"https:\/\/desdropi.com\/elparque\/wp-json\/wp\/v2\/media\/215982"}],"wp:attachment":[{"href":"https:\/\/desdropi.com\/elparque\/wp-json\/wp\/v2\/media?parent=215981"}],"wp:term":[{"taxonomy":"product_cat","embeddable":true,"href":"https:\/\/desdropi.com\/elparque\/wp-json\/wp\/v2\/product_cat?post=215981"},{"taxonomy":"product_tag","embeddable":true,"href":"https:\/\/desdropi.com\/elparque\/wp-json\/wp\/v2\/product_tag?post=215981"}],"curies":[{"name":"wp","href":"https:\/\/api.w.org\/{rel}","templated":true}]}}