{"id":216014,"date":"2024-03-13T15:08:58","date_gmt":"2024-03-13T14:08:58","guid":{"rendered":"https:\/\/desdropi.com\/elparque\/secador-pelo-remington-d4740-2200w-karite-difusor\/"},"modified":"2025-04-14T03:11:47","modified_gmt":"2025-04-14T01:11:47","slug":"secador-pelo-remington-d4740-2200w-karite-difusor","status":"publish","type":"product","link":"https:\/\/desdropi.com\/elparque\/secador-pelo-remington-d4740-2200w-karite-difusor\/","title":{"rendered":"Secador Pelo Remington D4740 2200w Karite Difusor"},"content":{"rendered":"<div class=\"descripcion-tab\">\n<p class=\"title\"><strong>SECADOR SHEA SOFT D474<\/strong>0<\/p>\n<p class=\"title\"><span style=\"color: #333333;\">El secreto de un pelo fabuloso est\u00e1 en un aspecto bonito y sedoso y un tacto suave y natural. <\/span><\/p>\n<p class=\"title\"><span style=\"color: #333333;\">El secador Shea Soft de Remington contiene microacondicionadores enriquecidos con aceite de karit\u00e9 que se liberan en el caudal de aire y dejan el cabello espectacularmente suave y lustroso.<\/span><\/p>\n<p class=\"title\"><span style=\"color: #333333;\"> La tecnolog\u00eda i\u00f3nica reduce la carga est\u00e1tica y elimina el encrespamiento y los pelos rebeldes. <\/span><\/p>\n<p class=\"title\"><span style=\"color: #333333;\">El difusor potencia la forma natural del cabello y crea rizos desenfadados, mientras que el concentrador de secado ancho dirige el caudal para aumentar la velocidad del aire y secar m\u00e1s r\u00e1pido.<\/span><\/p>\n<ul>\n<li>Microacondicionadores enriquecidos con aceite de karit\u00e9<\/li>\n<li>Tecnolog\u00eda i\u00f3nica<\/li>\n<li>Motor DC de 2200 W y 110 km\/h<\/li>\n<li>3 temperaturas y 2 velocidades<\/li>\n<li>Difusor<\/li>\n<li>Concentrador de secado ancho<\/li>\n<li>R\u00e1faga de aire fr\u00edo<\/li>\n<li>Gancho para colgar<\/li>\n<li>Rejilla trasera desmontable para una limpieza f\u00e1cil<\/li>\n<li>Garant\u00eda de 3+1 a\u00f1os<\/li>\n<\/ul>\n<\/div>\n","protected":false},"excerpt":{"rendered":"<p>SECADOR SHEA SOFT D4740 El secreto de un pelo fabuloso est\u00e1 en un aspecto bonito y sedoso y un tacto<\/p>\n","protected":false},"featured_media":216015,"comment_status":"open","ping_status":"closed","template":"","meta":{"_joinchat":[]},"product_cat":[6511,6510,825,6097],"product_tag":[],"class_list":{"0":"post-216014","1":"product","2":"type-product","3":"status-publish","4":"has-post-thumbnail","6":"product_cat-secadores-de-pelo","7":"product_cat-vello-y-pelo","8":"product_cat-pequeno-electrodomestico","9":"product_cat-cuidado-personal","10":"pa_marca-remington","12":"first","13":"instock","14":"taxable","15":"shipping-taxable","16":"purchasable","17":"product-type-simple"},"_links":{"self":[{"href":"https:\/\/desdropi.com\/elparque\/wp-json\/wp\/v2\/product\/216014"}],"collection":[{"href":"https:\/\/desdropi.com\/elparque\/wp-json\/wp\/v2\/product"}],"about":[{"href":"https:\/\/desdropi.com\/elparque\/wp-json\/wp\/v2\/types\/product"}],"replies":[{"embeddable":true,"href":"https:\/\/desdropi.com\/elparque\/wp-json\/wp\/v2\/comments?post=216014"}],"version-history":[{"count":1,"href":"https:\/\/desdropi.com\/elparque\/wp-json\/wp\/v2\/product\/216014\/revisions"}],"predecessor-version":[{"id":224985,"href":"https:\/\/desdropi.com\/elparque\/wp-json\/wp\/v2\/product\/216014\/revisions\/224985"}],"wp:featuredmedia":[{"embeddable":true,"href":"https:\/\/desdropi.com\/elparque\/wp-json\/wp\/v2\/media\/216015"}],"wp:attachment":[{"href":"https:\/\/desdropi.com\/elparque\/wp-json\/wp\/v2\/media?parent=216014"}],"wp:term":[{"taxonomy":"product_cat","embeddable":true,"href":"https:\/\/desdropi.com\/elparque\/wp-json\/wp\/v2\/product_cat?post=216014"},{"taxonomy":"product_tag","embeddable":true,"href":"https:\/\/desdropi.com\/elparque\/wp-json\/wp\/v2\/product_tag?post=216014"}],"curies":[{"name":"wp","href":"https:\/\/api.w.org\/{rel}","templated":true}]}}