{"id":216026,"date":"2024-03-13T15:12:25","date_gmt":"2024-03-13T14:12:25","guid":{"rendered":"https:\/\/desdropi.com\/elparque\/secador-pelo-remington-ac5999-2300w-pro-air\/"},"modified":"2025-04-14T03:27:06","modified_gmt":"2025-04-14T01:27:06","slug":"secador-pelo-remington-ac5999-2300w-pro-air","status":"publish","type":"product","link":"https:\/\/desdropi.com\/elparque\/secador-pelo-remington-ac5999-2300w-pro-air\/","title":{"rendered":"Secador Pelo Remington AC5999 2300w Pro Air"},"content":{"rendered":"<div class=\"descripcion-tab&quot;\">\n<p class=\"title\"><strong>SECADOR PRO-AIR AC HAIR AC5999<\/strong><\/p>\n<p class=\"title\">Prep\u00e1rate para un acabado profesional todos los d\u00edas<\/p>\n<div class=\"dropdown-context-panel\">\n<div class=\"product-description\">\n<div class=\"mobile-list product-desc active\">\n<p>Dotado de potencia profesional, el secador PRO-Air AC de Remington es todo lo que necesitas para conseguir un secado de peluquer\u00eda en casa.<\/p>\n<p>Adem\u00e1s de secar como un secador profesional de peluquer\u00eda, incorpora un acondicionamiento i\u00f3nico con un 90 % m\u00e1s de iones que reduce el encrespamiento y potencia el brillo*.<\/p>\n<p>PRO-Air es ligero y f\u00e1cil de manejar para que puedas utilizar el cepillo con una mano y el secador con la otra como una profesional.<\/p>\n<p>Adem\u00e1s, incluye diversos accesorios que ayudan a crear distintos peinados.<\/p>\n<p>Utiliza el difusor para dar volumen y definici\u00f3n al cabello naturalmente rizado u ondulado o los accesorios concentradores para conseguir peinados lisos.<\/p>\n<p>El concentrador de boquilla estrecha de 7 mm es ideal para lograr un look superliso, mientras que el concentrador de secado r\u00e1pido dirige con precisi\u00f3n el caudal de aire all\u00ed donde lo necesitas.<\/p>\n<p>El motor AC de calidad profesional de 2300 W hace que nuestro secador PRO-Air dure m\u00e1s que los secadores convencionales con motor DC.<\/p>\n<p>Al durar m\u00e1s, es una estupenda inversi\u00f3n que podr\u00e1s a\u00f1adir a tu kit de herramientas de peinado sin que el bolsillo se resienta.<\/p>\n<ul>\n<li>Generador i\u00f3nico: 90 % m\u00e1s de iones para un cabello brillante y sin encrespamiento*<\/li>\n<li>Potente secador de 2300 W<\/li>\n<li>Caudal de aire a 85 km\/h para un secado r\u00e1pido<\/li>\n<li>3 temperaturas y 2 velocidades<\/li>\n<li>R\u00e1faga de aire fr\u00edo para fijar el peinado<\/li>\n<li>Concentrador<\/li>\n<li>Difusor<\/li>\n<li>Rejilla trasera desmontable para una limpieza f\u00e1cil<\/li>\n<li>Gancho para colgar<\/li>\n<li>Garant\u00eda de 3 a\u00f1os<\/li>\n<\/ul>\n<p>&nbsp;<\/p>\n<\/div>\n<\/div>\n<\/div>\n<\/div>\n","protected":false},"excerpt":{"rendered":"<p>SECADOR PRO-AIR AC HAIR AC5999 Prep\u00e1rate para un acabado profesional todos los d\u00edas Dotado de potencia profesional, el secador PRO-Air<\/p>\n","protected":false},"featured_media":216027,"comment_status":"open","ping_status":"closed","template":"","meta":{"_joinchat":[]},"product_cat":[6511,6510,825,6097],"product_tag":[],"class_list":{"0":"post-216026","1":"product","2":"type-product","3":"status-publish","4":"has-post-thumbnail","6":"product_cat-secadores-de-pelo","7":"product_cat-vello-y-pelo","8":"product_cat-pequeno-electrodomestico","9":"product_cat-cuidado-personal","10":"pa_marca-remington","12":"first","13":"instock","14":"taxable","15":"shipping-taxable","16":"purchasable","17":"product-type-simple"},"_links":{"self":[{"href":"https:\/\/desdropi.com\/elparque\/wp-json\/wp\/v2\/product\/216026"}],"collection":[{"href":"https:\/\/desdropi.com\/elparque\/wp-json\/wp\/v2\/product"}],"about":[{"href":"https:\/\/desdropi.com\/elparque\/wp-json\/wp\/v2\/types\/product"}],"replies":[{"embeddable":true,"href":"https:\/\/desdropi.com\/elparque\/wp-json\/wp\/v2\/comments?post=216026"}],"version-history":[{"count":1,"href":"https:\/\/desdropi.com\/elparque\/wp-json\/wp\/v2\/product\/216026\/revisions"}],"predecessor-version":[{"id":225014,"href":"https:\/\/desdropi.com\/elparque\/wp-json\/wp\/v2\/product\/216026\/revisions\/225014"}],"wp:featuredmedia":[{"embeddable":true,"href":"https:\/\/desdropi.com\/elparque\/wp-json\/wp\/v2\/media\/216027"}],"wp:attachment":[{"href":"https:\/\/desdropi.com\/elparque\/wp-json\/wp\/v2\/media?parent=216026"}],"wp:term":[{"taxonomy":"product_cat","embeddable":true,"href":"https:\/\/desdropi.com\/elparque\/wp-json\/wp\/v2\/product_cat?post=216026"},{"taxonomy":"product_tag","embeddable":true,"href":"https:\/\/desdropi.com\/elparque\/wp-json\/wp\/v2\/product_tag?post=216026"}],"curies":[{"name":"wp","href":"https:\/\/api.w.org\/{rel}","templated":true}]}}