{"id":216034,"date":"2024-03-13T15:12:25","date_gmt":"2024-03-13T14:12:25","guid":{"rendered":"https:\/\/desdropi.com\/elparque\/afeitadora-remington-f2002\/"},"modified":"2025-04-14T03:29:24","modified_gmt":"2025-04-14T01:29:24","slug":"afeitadora-remington-f2002","status":"publish","type":"product","link":"https:\/\/desdropi.com\/elparque\/afeitadora-remington-f2002\/","title":{"rendered":"Afeitadora Remington F2002"},"content":{"rendered":"<div class=\"descripcion-tab\">\n<p class=\"title\"><strong>AFEITADORA DE L\u00c1MINAS STYLE SERIES F2002<\/strong><\/p>\n<p class=\"title\"><span style=\"color: #333333; font-size: 16px;\">Saca lo mejor de ti con la afeitadora de l\u00e1minas Style Series F2002 de Remington. Juntos ser\u00e9is el equipo perfecto para el afeitado m\u00e1s apurado. <\/span><\/p>\n<p class=\"title\"><span style=\"color: #333333; font-size: 16px;\">Las l\u00e1minas dobles, flexibles e independientes se adaptan con delicadeza al perfil de tu rostro y acaban con los pelos m\u00e1s rebeldes, incluso en zonas dif\u00edciles. <\/span><\/p>\n<p class=\"title\"><span style=\"color: #333333; font-size: 16px;\">\u00bfQuieres recortarte las patillas o eliminar el vello del cuello? <\/span><\/p>\n<p class=\"title\"><span style=\"color: #333333; font-size: 16px;\">Utiliza el cortapatillas extensible Comfort Trim redondeado para un acabado perfecto. <\/span><\/p>\n<p class=\"title\"><span style=\"color: #333333; font-size: 16px;\">Gracias a sus 40 minutos de autonom\u00eda con una carga completa, supondr\u00e1 un cambio radical cuando te cuidas fuera de casa.<\/span><\/p>\n<ul>\n<li>L\u00e1minas dobles, flexibles e independientes<\/li>\n<li>Comfort Trim: cortapatillas extensible redondeado<\/li>\n<li>Hasta 40 minutos de autonom\u00eda<\/li>\n<li>Tiempo de carga completa: 16 h<\/li>\n<li>Sin cable<\/li>\n<li>Indicador LED<\/li>\n<li>Voltaje universal<\/li>\n<li>Protector de cabezales<\/li>\n<li>Garant\u00eda de 2+1 a\u00f1os*<\/li>\n<\/ul>\n<\/div>\n","protected":false},"excerpt":{"rendered":"<p>AFEITADORA DE L\u00c1MINAS STYLE SERIES F2002 Saca lo mejor de ti con la afeitadora de l\u00e1minas Style Series F2002 de<\/p>\n","protected":false},"featured_media":216035,"comment_status":"open","ping_status":"closed","template":"","meta":{"_joinchat":[]},"product_cat":[6510,6874,825,6097],"product_tag":[],"class_list":{"0":"post-216034","1":"product","2":"type-product","3":"status-publish","4":"has-post-thumbnail","6":"product_cat-vello-y-pelo","7":"product_cat-afeitadoras-vello-y-pelo","8":"product_cat-pequeno-electrodomestico","9":"product_cat-cuidado-personal","10":"pa_marca-remington","12":"first","13":"instock","14":"taxable","15":"shipping-taxable","16":"purchasable","17":"product-type-simple"},"_links":{"self":[{"href":"https:\/\/desdropi.com\/elparque\/wp-json\/wp\/v2\/product\/216034"}],"collection":[{"href":"https:\/\/desdropi.com\/elparque\/wp-json\/wp\/v2\/product"}],"about":[{"href":"https:\/\/desdropi.com\/elparque\/wp-json\/wp\/v2\/types\/product"}],"replies":[{"embeddable":true,"href":"https:\/\/desdropi.com\/elparque\/wp-json\/wp\/v2\/comments?post=216034"}],"version-history":[{"count":1,"href":"https:\/\/desdropi.com\/elparque\/wp-json\/wp\/v2\/product\/216034\/revisions"}],"predecessor-version":[{"id":225018,"href":"https:\/\/desdropi.com\/elparque\/wp-json\/wp\/v2\/product\/216034\/revisions\/225018"}],"wp:featuredmedia":[{"embeddable":true,"href":"https:\/\/desdropi.com\/elparque\/wp-json\/wp\/v2\/media\/216035"}],"wp:attachment":[{"href":"https:\/\/desdropi.com\/elparque\/wp-json\/wp\/v2\/media?parent=216034"}],"wp:term":[{"taxonomy":"product_cat","embeddable":true,"href":"https:\/\/desdropi.com\/elparque\/wp-json\/wp\/v2\/product_cat?post=216034"},{"taxonomy":"product_tag","embeddable":true,"href":"https:\/\/desdropi.com\/elparque\/wp-json\/wp\/v2\/product_tag?post=216034"}],"curies":[{"name":"wp","href":"https:\/\/api.w.org\/{rel}","templated":true}]}}