{"id":216040,"date":"2024-03-13T15:12:25","date_gmt":"2024-03-13T14:12:25","guid":{"rendered":"https:\/\/desdropi.com\/elparque\/afeitadora-remington-f4002\/"},"modified":"2025-04-14T03:29:26","modified_gmt":"2025-04-14T01:29:26","slug":"afeitadora-remington-f4002","status":"publish","type":"product","link":"https:\/\/desdropi.com\/elparque\/afeitadora-remington-f4002\/","title":{"rendered":"Afeitadora Remington F4002"},"content":{"rendered":"<div class=\"descripcion-tab\">\n<p class=\"title\"><strong>AFEITADORA DE L\u00c1MINAS STYLE SERIES F4002<\/strong><\/p>\n<p class=\"title\"><span style=\"color: #333333; font-size: 16px;\">No te quedes atr\u00e1s, sube de nivel con la afeitadora de l\u00e1minas Style Series F4002 de Remington.<\/span><\/p>\n<p class=\"title\"><span style=\"color: #333333; font-size: 16px;\"> Tanto si quieres dar forma a esa barba corta de 3 d\u00edas o conseguir un afeitado apurad\u00edsimo, esta afeitadora de l\u00e1minas te deja hecho un pincel.<\/span><\/p>\n<p class=\"title\"><span style=\"color: #333333; font-size: 16px;\"> La tecnolog\u00eda Constant Contour ayuda a que la afeitadora se adapte a los contornos del rostro, as\u00ed no necesitar\u00e1s tensar la piel para capturar los vellos rebeldes o de zonas dif\u00edciles. <\/span><\/p>\n<p class=\"title\"><span style=\"color: #333333; font-size: 16px;\">Los cortadores flexibles e independientes son ideales para obtener un afeitado m\u00e1s apurado, y el cortapatillas extensible Comfort Trim te ayuda a crear un corte definido e impecable.<\/span><\/p>\n<p class=\"title\"><span style=\"color: #333333; font-size: 16px;\"> Es resistente al agua, as\u00ed que puedes utilizarla en la ducha para abreviar tu rutina de cuidados<\/span><\/p>\n<p class=\"title\"><span style=\"color: #333333; font-size: 16px;\">50 minutos de autonom\u00eda que te ofrece una sola carga nunca perder\u00e1s el control de tu look, tanto si est\u00e1s en casa como fuera.<\/span><\/p>\n<ul>\n<li>Tecnolog\u00eda Constant Contour dotada de sistema de corte flexible e independiente y cabezal pivotante.<\/li>\n<li>Comfort Trim: cortapatillas extensible redondeado<\/li>\n<li>Impermeable<\/li>\n<li>Accesorio para barba de 3 d\u00edas<\/li>\n<li>Hasta 50 minutos de uso sin cable<\/li>\n<li>Tiempo de carga completa: 4 h<\/li>\n<li>Indicador LED<\/li>\n<li>Voltaje universal<\/li>\n<li>Cepillo limpiador<\/li>\n<li>2 a\u00f1os + 1 a\u00f1o de garant\u00eda*<\/li>\n<\/ul>\n<\/div>\n","protected":false},"excerpt":{"rendered":"<p>AFEITADORA DE L\u00c1MINAS STYLE SERIES F4002 No te quedes atr\u00e1s, sube de nivel con la afeitadora de l\u00e1minas Style Series<\/p>\n","protected":false},"featured_media":216041,"comment_status":"open","ping_status":"closed","template":"","meta":{"_joinchat":[]},"product_cat":[6510,6874,825,6097],"product_tag":[],"class_list":{"0":"post-216040","1":"product","2":"type-product","3":"status-publish","4":"has-post-thumbnail","6":"product_cat-vello-y-pelo","7":"product_cat-afeitadoras-vello-y-pelo","8":"product_cat-pequeno-electrodomestico","9":"product_cat-cuidado-personal","10":"pa_marca-remington","12":"first","13":"instock","14":"taxable","15":"shipping-taxable","16":"purchasable","17":"product-type-simple"},"_links":{"self":[{"href":"https:\/\/desdropi.com\/elparque\/wp-json\/wp\/v2\/product\/216040"}],"collection":[{"href":"https:\/\/desdropi.com\/elparque\/wp-json\/wp\/v2\/product"}],"about":[{"href":"https:\/\/desdropi.com\/elparque\/wp-json\/wp\/v2\/types\/product"}],"replies":[{"embeddable":true,"href":"https:\/\/desdropi.com\/elparque\/wp-json\/wp\/v2\/comments?post=216040"}],"version-history":[{"count":1,"href":"https:\/\/desdropi.com\/elparque\/wp-json\/wp\/v2\/product\/216040\/revisions"}],"predecessor-version":[{"id":225019,"href":"https:\/\/desdropi.com\/elparque\/wp-json\/wp\/v2\/product\/216040\/revisions\/225019"}],"wp:featuredmedia":[{"embeddable":true,"href":"https:\/\/desdropi.com\/elparque\/wp-json\/wp\/v2\/media\/216041"}],"wp:attachment":[{"href":"https:\/\/desdropi.com\/elparque\/wp-json\/wp\/v2\/media?parent=216040"}],"wp:term":[{"taxonomy":"product_cat","embeddable":true,"href":"https:\/\/desdropi.com\/elparque\/wp-json\/wp\/v2\/product_cat?post=216040"},{"taxonomy":"product_tag","embeddable":true,"href":"https:\/\/desdropi.com\/elparque\/wp-json\/wp\/v2\/product_tag?post=216040"}],"curies":[{"name":"wp","href":"https:\/\/api.w.org\/{rel}","templated":true}]}}