{"id":216046,"date":"2024-03-13T15:12:25","date_gmt":"2024-03-13T14:12:25","guid":{"rendered":"https:\/\/desdropi.com\/elparque\/afeitadora-remington-pr1855\/"},"modified":"2025-04-14T03:30:07","modified_gmt":"2025-04-14T01:30:07","slug":"afeitadora-remington-pr1855","status":"publish","type":"product","link":"https:\/\/desdropi.com\/elparque\/afeitadora-remington-pr1855\/","title":{"rendered":"Afeitadora Remington PR1855"},"content":{"rendered":"<div class=\"descripcion-tab\">\n<p class=\"title\"><strong>AFEITADORA ROTATIVA PR\u00c1CTICAMENTE INDESTRUCTIBLE PR1855<\/strong><\/p>\n<p class=\"title\"><span style=\"color: #333333; font-size: 16px;\">La afeitadora rotativa pr\u00e1cticamente indestructible de Remington es una herramienta resistente dise\u00f1ada para durar. <\/span><\/p>\n<p class=\"title\"><span style=\"color: #333333; font-size: 16px;\">Es duradera, fiable y potente y cuenta con el sistema de cuchillas Dual Track que apuran sin irritar.<\/span><\/p>\n<p class=\"title\"><span style=\"color: #333333; font-size: 16px;\"> Los cortadores flexibles se ajustan al contorno de la cara gracias a su movimiento circular, mientras que el cabezal pivotante se adapta perfectamente a la forma de la barbilla, la mand\u00edbula y el cuello.<\/span><\/p>\n<p class=\"title\"><span style=\"color: #333333; font-size: 16px;\"> El protector para barba corta de 3 d\u00edas te otorga todo el control sobre el crecimiento para mantener un look de barba corta bien cuidada. <\/span><\/p>\n<p class=\"title\"><span style=\"color: #333333; font-size: 16px;\">Ofrece hasta 60 minutos de autonom\u00eda con una carga de 4 horas para que puedas mantener un aspecto impecable est\u00e9s donde est\u00e9s.<\/span><\/p>\n<ul>\n<li>Dise\u00f1o ergon\u00f3mico pr\u00e1cticamente indestructible<\/li>\n<li>Cuchillas Dual Track<\/li>\n<li>Dise\u00f1o Power Flex<\/li>\n<li>100 % resistente al agua<\/li>\n<li>Protector para barba corta de 3 d\u00edas incluido<\/li>\n<li>Cortador Comfort Trim<\/li>\n<li>Hasta 60 minutos de autonom\u00eda<\/li>\n<li>Sin cable<\/li>\n<li>Tiempo de carga: 4 h<\/li>\n<li>Carga por USB<\/li>\n<li>Indicador LED de carga con tres posiciones<\/li>\n<li>Garant\u00eda de 5+1 a\u00f1os*<\/li>\n<\/ul>\n<\/div>\n","protected":false},"excerpt":{"rendered":"<p>AFEITADORA ROTATIVA PR\u00c1CTICAMENTE INDESTRUCTIBLE PR1855 La afeitadora rotativa pr\u00e1cticamente indestructible de Remington es una herramienta resistente dise\u00f1ada para durar. Es<\/p>\n","protected":false},"featured_media":216047,"comment_status":"open","ping_status":"closed","template":"","meta":{"_joinchat":[]},"product_cat":[6510,6874,825,6097],"product_tag":[],"class_list":{"0":"post-216046","1":"product","2":"type-product","3":"status-publish","4":"has-post-thumbnail","6":"product_cat-vello-y-pelo","7":"product_cat-afeitadoras-vello-y-pelo","8":"product_cat-pequeno-electrodomestico","9":"product_cat-cuidado-personal","10":"pa_marca-remington","12":"first","13":"instock","14":"taxable","15":"shipping-taxable","16":"purchasable","17":"product-type-simple"},"_links":{"self":[{"href":"https:\/\/desdropi.com\/elparque\/wp-json\/wp\/v2\/product\/216046"}],"collection":[{"href":"https:\/\/desdropi.com\/elparque\/wp-json\/wp\/v2\/product"}],"about":[{"href":"https:\/\/desdropi.com\/elparque\/wp-json\/wp\/v2\/types\/product"}],"replies":[{"embeddable":true,"href":"https:\/\/desdropi.com\/elparque\/wp-json\/wp\/v2\/comments?post=216046"}],"version-history":[{"count":1,"href":"https:\/\/desdropi.com\/elparque\/wp-json\/wp\/v2\/product\/216046\/revisions"}],"predecessor-version":[{"id":225020,"href":"https:\/\/desdropi.com\/elparque\/wp-json\/wp\/v2\/product\/216046\/revisions\/225020"}],"wp:featuredmedia":[{"embeddable":true,"href":"https:\/\/desdropi.com\/elparque\/wp-json\/wp\/v2\/media\/216047"}],"wp:attachment":[{"href":"https:\/\/desdropi.com\/elparque\/wp-json\/wp\/v2\/media?parent=216046"}],"wp:term":[{"taxonomy":"product_cat","embeddable":true,"href":"https:\/\/desdropi.com\/elparque\/wp-json\/wp\/v2\/product_cat?post=216046"},{"taxonomy":"product_tag","embeddable":true,"href":"https:\/\/desdropi.com\/elparque\/wp-json\/wp\/v2\/product_tag?post=216046"}],"curies":[{"name":"wp","href":"https:\/\/api.w.org\/{rel}","templated":true}]}}