{"id":216058,"date":"2024-03-13T15:12:59","date_gmt":"2024-03-13T14:12:59","guid":{"rendered":"https:\/\/desdropi.com\/elparque\/cortapelos-remington-hc450-classic-edition\/"},"modified":"2025-04-14T03:30:30","modified_gmt":"2025-04-14T01:30:30","slug":"cortapelos-remington-hc450-classic-edition","status":"publish","type":"product","link":"https:\/\/desdropi.com\/elparque\/cortapelos-remington-hc450-classic-edition\/","title":{"rendered":"Cortapelos Remington HC450 Classic Edition"},"content":{"rendered":"<div class=\"descripcion-tab\">\n<p class=\"title\"><strong>CORTAPELOS STYLIST CLASSIC EDITION HC450<\/strong><\/p>\n<p class=\"title\"><span style=\"color: #333333; font-size: 16px;\">Mant\u00e9n el pelo a raya c\u00f3modamente desde casa con el cortapelos Stylist Classic Edition. <\/span><\/p>\n<p class=\"title\"><span style=\"color: #333333; font-size: 16px;\">Tanto si quieres rebajar el pelo por la nuca o los lados, conseguir un efecto difuminado perfecto o recortar las patillas, con este cortapelos podr\u00e1s expresar tu estilo propio.<\/span><\/p>\n<div class=\"dropdown-context-panel\">\n<div class=\"product-description\">\n<div class=\"mobile-list product-desc active\">\n<p>Con su dise\u00f1o moderno, su acabado cromado y su superficie antideslizante, este cortapelos no solo transmite calidad, sino que consigue resultados profesionales.<\/p>\n<p>Incluso viene en su propio malet\u00edn para que mantengas todos los accesorios organizados y protegidos hasta la siguiente vez que lo uses.<\/p>\n<p>Las cuchillas de acero inoxidable son potentes y suaves y hacen que cortar el pelo resulte agradable.<\/p>\n<p>Adem\u00e1s, al ser autoafilables, siempre recortan con precisi\u00f3n y no pierden el filo. Los 8 peines intercambiables incluidos permiten cortar el pelo a longitudes diversas de entre 3 y 25 mm.<\/p>\n<p>Con la palanca de selecci\u00f3n para elegir el nivel de apurado podr\u00e1s decidir la longitud de corte exacta que necesites en cada momento.<\/p>\n<p>El cortapelos Stylist Classic Edition tiene una autonom\u00eda de 30 minutos y puede usarse con y sin cable, para que tengas tiempo suficiente para crear el look deseado y puedas utilizarlo en cualquier parte.<\/p>\n<p>Es como tener una barber\u00eda privada en casa, ya que incluye pinzas separadoras, capa de peluquer\u00eda, peine, tijeras y cepillo para el cuello.<\/p>\n<p>Con \u00e9l tendr\u00e1s en tu mano todas las herramientas y utensilios necesarios para sacarte el mejor partido.<\/p>\n<ul>\n<li>Dise\u00f1o actualizado de gran calidad con acabado cromado y tacto suave.<\/li>\n<li>Cuchillas autoafilables.<\/li>\n<li>Palanca de selecci\u00f3n para elegir la longitud de corte y el nivel de apurado<\/li>\n<li>8 Peines para conseguir distintas longitudes (3-25 mm)<\/li>\n<li>Con o sin cable<\/li>\n<li>30 minutos de autonom\u00eda<\/li>\n<li>Tiempo de carga: 2 h<\/li>\n<li>Piloto indicador de carga<\/li>\n<li>Estuche<\/li>\n<li>Pinzas separadoras<\/li>\n<li>Capa de peluquer\u00eda<\/li>\n<li>Peine<\/li>\n<li>Tijeras<\/li>\n<li>Cepillo para el cuello<\/li>\n<li>Garant\u00eda de 3+1 a\u00f1os (registra el producto en l\u00ednea para conseguir un a\u00f1o extra de garant\u00eda)<\/li>\n<\/ul>\n<p>&nbsp;<\/p>\n<\/div>\n<\/div>\n<\/div>\n<\/div>\n","protected":false},"excerpt":{"rendered":"<p>CORTAPELOS STYLIST CLASSIC EDITION HC450 Mant\u00e9n el pelo a raya c\u00f3modamente desde casa con el cortapelos Stylist Classic Edition. Tanto<\/p>\n","protected":false},"featured_media":216059,"comment_status":"open","ping_status":"closed","template":"","meta":{"_joinchat":[]},"product_cat":[6530,6510,825,6097],"product_tag":[],"class_list":{"0":"post-216058","1":"product","2":"type-product","3":"status-publish","4":"has-post-thumbnail","6":"product_cat-cortapelos","7":"product_cat-vello-y-pelo","8":"product_cat-pequeno-electrodomestico","9":"product_cat-cuidado-personal","10":"pa_marca-remington","12":"first","13":"instock","14":"taxable","15":"shipping-taxable","16":"purchasable","17":"product-type-simple"},"_links":{"self":[{"href":"https:\/\/desdropi.com\/elparque\/wp-json\/wp\/v2\/product\/216058"}],"collection":[{"href":"https:\/\/desdropi.com\/elparque\/wp-json\/wp\/v2\/product"}],"about":[{"href":"https:\/\/desdropi.com\/elparque\/wp-json\/wp\/v2\/types\/product"}],"replies":[{"embeddable":true,"href":"https:\/\/desdropi.com\/elparque\/wp-json\/wp\/v2\/comments?post=216058"}],"version-history":[{"count":1,"href":"https:\/\/desdropi.com\/elparque\/wp-json\/wp\/v2\/product\/216058\/revisions"}],"predecessor-version":[{"id":225023,"href":"https:\/\/desdropi.com\/elparque\/wp-json\/wp\/v2\/product\/216058\/revisions\/225023"}],"wp:featuredmedia":[{"embeddable":true,"href":"https:\/\/desdropi.com\/elparque\/wp-json\/wp\/v2\/media\/216059"}],"wp:attachment":[{"href":"https:\/\/desdropi.com\/elparque\/wp-json\/wp\/v2\/media?parent=216058"}],"wp:term":[{"taxonomy":"product_cat","embeddable":true,"href":"https:\/\/desdropi.com\/elparque\/wp-json\/wp\/v2\/product_cat?post=216058"},{"taxonomy":"product_tag","embeddable":true,"href":"https:\/\/desdropi.com\/elparque\/wp-json\/wp\/v2\/product_tag?post=216058"}],"curies":[{"name":"wp","href":"https:\/\/api.w.org\/{rel}","templated":true}]}}