{"id":216062,"date":"2024-03-13T15:12:59","date_gmt":"2024-03-13T14:12:59","guid":{"rendered":"https:\/\/desdropi.com\/elparque\/barbero-remington-pg6045-kit-multifuncion\/"},"modified":"2025-04-14T03:31:04","modified_gmt":"2025-04-14T01:31:04","slug":"barbero-remington-pg6045-kit-multifuncion","status":"publish","type":"product","link":"https:\/\/desdropi.com\/elparque\/barbero-remington-pg6045-kit-multifuncion\/","title":{"rendered":"Barbero Remington PG6045 Kit Multifuncion"},"content":{"rendered":"<div class=\"descripcion-tab\">\n<p class=\"title\"><strong>KIT MULTIFUNCI\u00d3N TODO EN UNO PG6045<\/strong><\/p>\n<p class=\"title\"><span style=\"color: #333333; font-size: 16px;\">El Kit Multifunci\u00f3n de Remington Todo en Uno es la herramienta definitiva para todos aquellos hombres con un estilo de vida ocupado, que buscan algo vers\u00e1til y que haga todo el trabajo de forma efectiva.<\/span><\/p>\n<div class=\"dropdown-context-panel\">\n<div class=\"product-description\">\n<div class=\"mobile-list product-desc active\">\n<p class=\"Default\">Dise\u00f1ado teniendo en mente la calidad, este kit multifunci\u00f3n de barba incluye cuchillas autoafilables que a\u00f1aden durabilidad y rendimiento a la hora de recortar la barba<\/p>\n<p class=\"Default\">Obt\u00e9n el look que buscas con m\u00ednimo esfuerzo y m\u00e1ximos resultados.<\/p>\n<ul>\n<li>Cuchillas de acero inoxidable<\/li>\n<li>Cuchillas autoafilables<\/li>\n<li>8 peines de diferentes longitudes (1.5 &#8211; 16mm)<\/li>\n<li>Carga v\u00eda USB (Cable USB incluido)<\/li>\n<li>Con \/ Sin Cable \u2013 Hasta 40 minutos de autonom\u00eda sin cable<\/li>\n<li>Luz de carga indicadora<\/li>\n<li>Antideslizante<\/li>\n<li>Base de carga<\/li>\n<\/ul>\n<p>&nbsp;<\/p>\n<\/div>\n<\/div>\n<\/div>\n<\/div>\n","protected":false},"excerpt":{"rendered":"<p>KIT MULTIFUNCI\u00d3N TODO EN UNO PG6045 El Kit Multifunci\u00f3n de Remington Todo en Uno es la herramienta definitiva para todos<\/p>\n","protected":false},"featured_media":216063,"comment_status":"open","ping_status":"closed","template":"","meta":{"_joinchat":[]},"product_cat":[6510,6895,825,6097],"product_tag":[],"class_list":{"0":"post-216062","1":"product","2":"type-product","3":"status-publish","4":"has-post-thumbnail","6":"product_cat-vello-y-pelo","7":"product_cat-barberos","8":"product_cat-pequeno-electrodomestico","9":"product_cat-cuidado-personal","10":"pa_marca-remington","12":"first","13":"instock","14":"taxable","15":"shipping-taxable","16":"purchasable","17":"product-type-simple"},"_links":{"self":[{"href":"https:\/\/desdropi.com\/elparque\/wp-json\/wp\/v2\/product\/216062"}],"collection":[{"href":"https:\/\/desdropi.com\/elparque\/wp-json\/wp\/v2\/product"}],"about":[{"href":"https:\/\/desdropi.com\/elparque\/wp-json\/wp\/v2\/types\/product"}],"replies":[{"embeddable":true,"href":"https:\/\/desdropi.com\/elparque\/wp-json\/wp\/v2\/comments?post=216062"}],"version-history":[{"count":1,"href":"https:\/\/desdropi.com\/elparque\/wp-json\/wp\/v2\/product\/216062\/revisions"}],"predecessor-version":[{"id":225024,"href":"https:\/\/desdropi.com\/elparque\/wp-json\/wp\/v2\/product\/216062\/revisions\/225024"}],"wp:featuredmedia":[{"embeddable":true,"href":"https:\/\/desdropi.com\/elparque\/wp-json\/wp\/v2\/media\/216063"}],"wp:attachment":[{"href":"https:\/\/desdropi.com\/elparque\/wp-json\/wp\/v2\/media?parent=216062"}],"wp:term":[{"taxonomy":"product_cat","embeddable":true,"href":"https:\/\/desdropi.com\/elparque\/wp-json\/wp\/v2\/product_cat?post=216062"},{"taxonomy":"product_tag","embeddable":true,"href":"https:\/\/desdropi.com\/elparque\/wp-json\/wp\/v2\/product_tag?post=216062"}],"curies":[{"name":"wp","href":"https:\/\/api.w.org\/{rel}","templated":true}]}}