{"id":216067,"date":"2024-03-13T15:12:59","date_gmt":"2024-03-13T14:12:59","guid":{"rendered":"https:\/\/desdropi.com\/elparque\/barbero-remington-mb3000\/"},"modified":"2025-04-14T03:31:22","modified_gmt":"2025-04-14T01:31:22","slug":"barbero-remington-mb3000","status":"publish","type":"product","link":"https:\/\/desdropi.com\/elparque\/barbero-remington-mb3000\/","title":{"rendered":"Barbero Remington MB3000"},"content":{"rendered":"<div class=\"descripcion-tab\">\n<p class=\"title\"><strong>BARBERO STYLE SERIES B3 MB3000<\/strong><\/p>\n<p class=\"title\"><span style=\"color: #333333; font-size: 16px;\">Ha llegado la hora de sacarte todo el partido con el nuevo barbero Style Series B3 de Remington.<\/span><\/p>\n<p class=\"title\"><span style=\"color: #333333; font-size: 16px;\"> La intuitiva rueda de selecci\u00f3n de la longitud de corte permite elegir de forma f\u00e1cil y precisa una de las 17 longitudes posibles.<\/span><\/p>\n<p class=\"title\"><span style=\"color: #333333; font-size: 16px;\"> Adem\u00e1s, las cuchillas autoafilables con puntas c\u00f3modas se han dise\u00f1ado para deslizarse suavemente por la piel y ofrecer siempre resultados apurados.<\/span><\/p>\n<ul>\n<li>Cuchillas autoafilables de puntas c\u00f3modas<\/li>\n<li>Cuchillas extra\u00edbles y lavables<\/li>\n<li>Rueda de selecci\u00f3n de la longitud de corte de gran precisi\u00f3n<\/li>\n<li>1 peine ajustable<\/li>\n<li>Longitudes de corte de entre 0,4 y 18 mm<\/li>\n<li>Incrementos de 0,5 mm (hasta 5 mm)<\/li>\n<li>Incrementos de 1 mm (desde 5-6 mm)<\/li>\n<li>Incrementos de 2 mm (de 6 a 18 mm)<\/li>\n<li>Funciona con pilas 2 pilas AAA (incluidas)<\/li>\n<li>Bolsa de viaje<\/li>\n<li>Garant\u00eda de 2 a\u00f1os + 1 a\u00f1o adicional si registras el producto en l\u00ednea<\/li>\n<\/ul>\n<\/div>\n","protected":false},"excerpt":{"rendered":"<p>BARBERO STYLE SERIES B3 MB3000 Ha llegado la hora de sacarte todo el partido con el nuevo barbero Style Series<\/p>\n","protected":false},"featured_media":216068,"comment_status":"open","ping_status":"closed","template":"","meta":{"_joinchat":[]},"product_cat":[6510,6895,825,6097],"product_tag":[],"class_list":{"0":"post-216067","1":"product","2":"type-product","3":"status-publish","4":"has-post-thumbnail","6":"product_cat-vello-y-pelo","7":"product_cat-barberos","8":"product_cat-pequeno-electrodomestico","9":"product_cat-cuidado-personal","10":"pa_marca-remington","12":"first","13":"instock","14":"taxable","15":"shipping-taxable","16":"purchasable","17":"product-type-simple"},"_links":{"self":[{"href":"https:\/\/desdropi.com\/elparque\/wp-json\/wp\/v2\/product\/216067"}],"collection":[{"href":"https:\/\/desdropi.com\/elparque\/wp-json\/wp\/v2\/product"}],"about":[{"href":"https:\/\/desdropi.com\/elparque\/wp-json\/wp\/v2\/types\/product"}],"replies":[{"embeddable":true,"href":"https:\/\/desdropi.com\/elparque\/wp-json\/wp\/v2\/comments?post=216067"}],"version-history":[{"count":1,"href":"https:\/\/desdropi.com\/elparque\/wp-json\/wp\/v2\/product\/216067\/revisions"}],"predecessor-version":[{"id":225025,"href":"https:\/\/desdropi.com\/elparque\/wp-json\/wp\/v2\/product\/216067\/revisions\/225025"}],"wp:featuredmedia":[{"embeddable":true,"href":"https:\/\/desdropi.com\/elparque\/wp-json\/wp\/v2\/media\/216068"}],"wp:attachment":[{"href":"https:\/\/desdropi.com\/elparque\/wp-json\/wp\/v2\/media?parent=216067"}],"wp:term":[{"taxonomy":"product_cat","embeddable":true,"href":"https:\/\/desdropi.com\/elparque\/wp-json\/wp\/v2\/product_cat?post=216067"},{"taxonomy":"product_tag","embeddable":true,"href":"https:\/\/desdropi.com\/elparque\/wp-json\/wp\/v2\/product_tag?post=216067"}],"curies":[{"name":"wp","href":"https:\/\/api.w.org\/{rel}","templated":true}]}}