{"id":216071,"date":"2024-03-13T15:12:59","date_gmt":"2024-03-13T14:12:59","guid":{"rendered":"https:\/\/desdropi.com\/elparque\/barbero-remington-mb4046\/"},"modified":"2025-04-14T03:31:55","modified_gmt":"2025-04-14T01:31:55","slug":"barbero-remington-mb4046","status":"publish","type":"product","link":"https:\/\/desdropi.com\/elparque\/barbero-remington-mb4046\/","title":{"rendered":"Barbero Remington MB4046"},"content":{"rendered":"<div class=\"descripcion-tab\">\n<p class=\"title\"><strong>KIT BARBERO MB4046<\/strong><\/p>\n<p class=\"title\"><span style=\"color: #333333; font-size: 16px;\">\u00a1Las barbas est\u00e1n aqu\u00ed para quedarse! Rasgo de distinci\u00f3n del hombre moderno y del caballero refinado.<\/span><\/p>\n<p class=\"title\"><span style=\"color: #333333; font-size: 16px;\">La barba podr\u00e1 ahora mimarse como nunca gracias a este kit barbero de Remington.Cada barba es distinta<\/span><\/p>\n<p class=\"title\"><span style=\"color: #333333; font-size: 16px;\">Este avanzado kit incluye una selecci\u00f3n de 3 peines muy vers\u00e1tiles para cuidar y dar forma al vello facial.<\/span><\/p>\n<p class=\"title\"><span style=\"color: #333333; font-size: 16px;\">El cortador del kit barbero de Remington, dise\u00f1ado para resistir y recortar a la perfecci\u00f3n, est\u00e1 dotado de cuchillas revestidas de titanio autoafilables, de alta calidad y muy duraderas. <\/span><\/p>\n<p class=\"title\"><span style=\"color: #333333; font-size: 16px;\">Este kit se completa con cabezales completamente lavables que facilitan la limpieza y ayudan a mantenerlo en buena forma, adem\u00e1s de un cortapatillas extensible con el que podr\u00e1s dar forma a las patillas y el bigote.<\/span><\/p>\n<ul style=\"font-weight: 400;\">\n<li>Cuchillas revestidas de titanio<\/li>\n<li>Cuchillas autoafilables<\/li>\n<li>Cortapatillas extensible para retocar con precisi\u00f3n<\/li>\n<li>Peine ajustable XL (20-35 mm)<\/li>\n<li>Peine ajustable corto (1,5-18 mm)<\/li>\n<li>Peine especial para barbas muy cortas (1-5 mm)<\/li>\n<li>Hasta 120 minutos de uso inal\u00e1mbrico<\/li>\n<li>Tiempo de recarga: 4 h<\/li>\n<li>Sin cable<\/li>\n<li>Bater\u00eda de litio<\/li>\n<li>Cepillo para barba con cerdas de jabal\u00ed<\/li>\n<li>Tijeras de acero inoxidable de calidad<\/li>\n<li>Indicador del nivel de carga<\/li>\n<li>Cabezales lavables<\/li>\n<li>Garant\u00eda de 3 a\u00f1os<\/li>\n<\/ul>\n<\/div>\n","protected":false},"excerpt":{"rendered":"<p>KIT BARBERO MB4046 \u00a1Las barbas est\u00e1n aqu\u00ed para quedarse! Rasgo de distinci\u00f3n del hombre moderno y del caballero refinado. La<\/p>\n","protected":false},"featured_media":216072,"comment_status":"open","ping_status":"closed","template":"","meta":{"_joinchat":[]},"product_cat":[6510,6895,825,6097],"product_tag":[],"class_list":{"0":"post-216071","1":"product","2":"type-product","3":"status-publish","4":"has-post-thumbnail","6":"product_cat-vello-y-pelo","7":"product_cat-barberos","8":"product_cat-pequeno-electrodomestico","9":"product_cat-cuidado-personal","10":"pa_marca-remington","12":"first","13":"instock","14":"taxable","15":"shipping-taxable","16":"purchasable","17":"product-type-simple"},"_links":{"self":[{"href":"https:\/\/desdropi.com\/elparque\/wp-json\/wp\/v2\/product\/216071"}],"collection":[{"href":"https:\/\/desdropi.com\/elparque\/wp-json\/wp\/v2\/product"}],"about":[{"href":"https:\/\/desdropi.com\/elparque\/wp-json\/wp\/v2\/types\/product"}],"replies":[{"embeddable":true,"href":"https:\/\/desdropi.com\/elparque\/wp-json\/wp\/v2\/comments?post=216071"}],"version-history":[{"count":1,"href":"https:\/\/desdropi.com\/elparque\/wp-json\/wp\/v2\/product\/216071\/revisions"}],"predecessor-version":[{"id":225026,"href":"https:\/\/desdropi.com\/elparque\/wp-json\/wp\/v2\/product\/216071\/revisions\/225026"}],"wp:featuredmedia":[{"embeddable":true,"href":"https:\/\/desdropi.com\/elparque\/wp-json\/wp\/v2\/media\/216072"}],"wp:attachment":[{"href":"https:\/\/desdropi.com\/elparque\/wp-json\/wp\/v2\/media?parent=216071"}],"wp:term":[{"taxonomy":"product_cat","embeddable":true,"href":"https:\/\/desdropi.com\/elparque\/wp-json\/wp\/v2\/product_cat?post=216071"},{"taxonomy":"product_tag","embeddable":true,"href":"https:\/\/desdropi.com\/elparque\/wp-json\/wp\/v2\/product_tag?post=216071"}],"curies":[{"name":"wp","href":"https:\/\/api.w.org\/{rel}","templated":true}]}}