{"id":216079,"date":"2024-03-13T15:12:59","date_gmt":"2024-03-13T14:12:59","guid":{"rendered":"https:\/\/desdropi.com\/elparque\/barbero-remington-hg2000-omniblade-face\/"},"modified":"2025-04-14T03:34:03","modified_gmt":"2025-04-14T01:34:03","slug":"barbero-remington-hg2000-omniblade-face","status":"publish","type":"product","link":"https:\/\/desdropi.com\/elparque\/barbero-remington-hg2000-omniblade-face\/","title":{"rendered":"Barbero Remington HG2000 Omniblade Face"},"content":{"rendered":"<div class=\"descripcion-tab\">\n<p class=\"title\"><strong>OMNIBLADE FACE HG2000<\/strong><\/p>\n<p class=\"title\"><span style=\"color: #333333;\">Define el look de todo tu rostro con precisi\u00f3n gracias al barbero Omniblade Face, con su cabezal extra\u00edble y sus 7 accesorios intercambiables.<\/span><\/p>\n<p class=\"title\"><span style=\"color: #333333;\"> Su cuchilla tiene una duraci\u00f3n garantizada de 5 a\u00f1os**, mientras que el nuevo dise\u00f1o troquelado y afilado permite un afeitado apurado hasta los 0,15 mm*. <\/span><\/p>\n<p class=\"title\"><span style=\"color: #333333;\">Gracias a su dise\u00f1o intuitivo, podr\u00e1s controlar totalmente tu look y conseguir un acabado perfecto en los 40 minutos de autonom\u00eda que te ofrece.<\/span><\/p>\n<ul>\n<li>Nuevo dise\u00f1o: cuchillas troqueladas y afiladas<\/li>\n<li>Afeitado apurado hasta los 0,15 mm<\/li>\n<li>La cuchilla tiene una duraci\u00f3n garantizada de 5 a\u00f1os<\/li>\n<li>Cabezales extra\u00edbles<\/li>\n<li>Cuchilla principal de 35 mm<\/li>\n<li>Microrecortador<\/li>\n<li>4 peines para barba corta (1, 2, 3 y 5 mm)<\/li>\n<li>2 peines microrrecortadores: de 3 y 6 mm<\/li>\n<li>Dise\u00f1o intuitivo<\/li>\n<li>Autonom\u00eda de hasta 40 minutos<\/li>\n<li>Cable USB para la recarga<\/li>\n<li>Indicador LED de carga amarillo con varias posiciones<\/li>\n<li>Interruptor de encendido giratorio en la base<\/li>\n<li>100 % resistente al agua<\/li>\n<li>Neceser de viaje<\/li>\n<li>Garant\u00eda de 5 a\u00f1os + 1<\/li>\n<\/ul>\n<\/div>\n","protected":false},"excerpt":{"rendered":"<p>OMNIBLADE FACE HG2000 Define el look de todo tu rostro con precisi\u00f3n gracias al barbero Omniblade Face, con su cabezal<\/p>\n","protected":false},"featured_media":216080,"comment_status":"open","ping_status":"closed","template":"","meta":{"_joinchat":[]},"product_cat":[6510,6895,825,6097],"product_tag":[],"class_list":{"0":"post-216079","1":"product","2":"type-product","3":"status-publish","4":"has-post-thumbnail","6":"product_cat-vello-y-pelo","7":"product_cat-barberos","8":"product_cat-pequeno-electrodomestico","9":"product_cat-cuidado-personal","10":"pa_marca-remington","12":"first","13":"instock","14":"taxable","15":"shipping-taxable","16":"purchasable","17":"product-type-simple"},"_links":{"self":[{"href":"https:\/\/desdropi.com\/elparque\/wp-json\/wp\/v2\/product\/216079"}],"collection":[{"href":"https:\/\/desdropi.com\/elparque\/wp-json\/wp\/v2\/product"}],"about":[{"href":"https:\/\/desdropi.com\/elparque\/wp-json\/wp\/v2\/types\/product"}],"replies":[{"embeddable":true,"href":"https:\/\/desdropi.com\/elparque\/wp-json\/wp\/v2\/comments?post=216079"}],"version-history":[{"count":1,"href":"https:\/\/desdropi.com\/elparque\/wp-json\/wp\/v2\/product\/216079\/revisions"}],"predecessor-version":[{"id":225028,"href":"https:\/\/desdropi.com\/elparque\/wp-json\/wp\/v2\/product\/216079\/revisions\/225028"}],"wp:featuredmedia":[{"embeddable":true,"href":"https:\/\/desdropi.com\/elparque\/wp-json\/wp\/v2\/media\/216080"}],"wp:attachment":[{"href":"https:\/\/desdropi.com\/elparque\/wp-json\/wp\/v2\/media?parent=216079"}],"wp:term":[{"taxonomy":"product_cat","embeddable":true,"href":"https:\/\/desdropi.com\/elparque\/wp-json\/wp\/v2\/product_cat?post=216079"},{"taxonomy":"product_tag","embeddable":true,"href":"https:\/\/desdropi.com\/elparque\/wp-json\/wp\/v2\/product_tag?post=216079"}],"curies":[{"name":"wp","href":"https:\/\/api.w.org\/{rel}","templated":true}]}}